{"id":336921,"date":"2024-11-20T13:53:11","date_gmt":"2024-11-20T13:37:29","guid":{"rendered":"https:\/\/ab-marineservice.com\/product\/hansop-white\/"},"modified":"2025-11-25T17:46:34","modified_gmt":"2025-11-25T16:46:34","slug":"hansop-white-4-liter","status":"publish","type":"product","link":"https:\/\/ab-marineservice.com\/de\/produkt\/hansop-white-4-liter\/","title":{"rendered":"Hansop White &#8211; 4 liter"},"content":{"rendered":"<p>Hansop White ist ein hautfreundlicher Handreiniger ohne L\u00f6sungsmittel, der hartn\u00e4ckigen Schmutz aus Kfz-, Baugewerbe und Industriet\u00e4tigkeiten wirkungsvoll entfernt. Er beinhaltet ein hautfreundliches Granulat, das Schmutz auf sanfte Weise entfernt. Hansop White hat auch eine fettende Wirkung, wodurch Ihre Haut weich und geschmeidig bleibt.<\/p>\n","protected":false},"excerpt":{"rendered":"<p>Hansop White ist sicher in der Anwendung und dient zum effektiven Entfernen von hartn\u00e4ckigem Schmutz wie \u00d6l, Fett, Schmiermittel, Bitumen, Rost, Zement, Bremsfl\u00fcssigkeit usw. Den Reiniger auf die H\u00e4nde auftragen und verreiben. Dann mit Wasser sp\u00fclen. Hansop White kann auch mit einem (trockenen) Tuch entfernt werden. Bei normaler Verwendung reicht eine 4L-Tube f\u00fcr 800 Waschvorg\u00e4nge.<\/p>\n","protected":false},"featured_media":335620,"comment_status":"open","ping_status":"open","template":"","meta":[],"location":[4275,4276],"product_brand":[25894],"product_cat":[9884],"product_tag":[],"class_list":{"0":"post-336921","1":"product","2":"type-product","3":"status-publish","4":"has-post-thumbnail","6":"location-aes-emmeloord","7":"location-aes-lemmer","8":"product_brand-kroon-oil","9":"product_cat-kroon-oil","10":"product_shipping_class-paket-0-10-kg","12":"first","13":"onbackorder","14":"sale","15":"taxable","16":"shipping-taxable","17":"purchasable","18":"product-type-simple"},"group_of_quantity":0,"min_quantity":0,"max_quantity":"","exclude_order_quantity_value_rules":"no","exclude_category_quantity_rules":"no","combine_variations":"no","locations":[{"id":4275,"name":"AES Emmeloord","slug":"aes-emmeloord","quantity":""},{"id":4276,"name":"AES Lemmer","slug":"aes-lemmer","quantity":""}],"_links":{"self":[{"href":"https:\/\/ab-marineservice.com\/de\/wp-json\/wp\/v2\/product\/336921","targetHints":{"allow":["GET"]}}],"collection":[{"href":"https:\/\/ab-marineservice.com\/de\/wp-json\/wp\/v2\/product"}],"about":[{"href":"https:\/\/ab-marineservice.com\/de\/wp-json\/wp\/v2\/types\/product"}],"replies":[{"embeddable":true,"href":"https:\/\/ab-marineservice.com\/de\/wp-json\/wp\/v2\/comments?post=336921"}],"wp:featuredmedia":[{"embeddable":true,"href":"https:\/\/ab-marineservice.com\/de\/wp-json\/wp\/v2\/media\/335620"}],"wp:attachment":[{"href":"https:\/\/ab-marineservice.com\/de\/wp-json\/wp\/v2\/media?parent=336921"}],"wp:term":[{"taxonomy":"location","embeddable":true,"href":"https:\/\/ab-marineservice.com\/de\/wp-json\/wp\/v2\/location?post=336921"},{"taxonomy":"product_brand","embeddable":true,"href":"https:\/\/ab-marineservice.com\/de\/wp-json\/wp\/v2\/product_brand?post=336921"},{"taxonomy":"product_cat","embeddable":true,"href":"https:\/\/ab-marineservice.com\/de\/wp-json\/wp\/v2\/product_cat?post=336921"},{"taxonomy":"product_tag","embeddable":true,"href":"https:\/\/ab-marineservice.com\/de\/wp-json\/wp\/v2\/product_tag?post=336921"}],"curies":[{"name":"wp","href":"https:\/\/api.w.org\/{rel}","templated":true}]}}