{"id":336922,"date":"2024-11-20T13:53:11","date_gmt":"2024-11-20T13:37:29","guid":{"rendered":"https:\/\/ab-marineservice.com\/product\/cockpit-spray\/"},"modified":"2025-11-25T17:46:39","modified_gmt":"2025-11-25T16:46:39","slug":"cockpit-spray-300-ml","status":"publish","type":"product","link":"https:\/\/ab-marineservice.com\/de\/produkt\/cockpit-spray-300-ml\/","title":{"rendered":"Cockpit Spray &#8211; 300 ml"},"content":{"rendered":"<p>Cockpit Spray ist ein farbloses Reinigungs- und Wartungsprodukt. Es zeichnet sich durch starke Reinigungswirkung aus und hinterl\u00e4sst auf praktisch allen glatten Oberfl\u00e4chen eine gl\u00e4nzende Wachsschicht.<\/p>\n","protected":false},"excerpt":{"rendered":"<p>Cockpit Spray ist ein Reinigungsmittel f\u00fcr den Innen- und Au\u00dfenbereich. Es eignet sich zum Reinigen von nichtpor\u00f6sen Oberfl\u00e4chen wie Armaturenbretter und Vinylbeschichtungen in PKWs und anderen Fahrzeugen. Cockpit Spray wird in Pumpsprayflaschen ohne Treibgas geliefert.<\/p>\n<p>Gebrauchsanweisung:<\/p>\n<p>&#8211; Cockpit Spray aufspr\u00fchen. <br \/>&#8211; Mit einem trockenen Tuch auf Hochglanz polieren.<\/p>\n","protected":false},"featured_media":335624,"comment_status":"open","ping_status":"open","template":"","meta":[],"location":[4275,4276],"product_brand":[25894],"product_cat":[9884],"product_tag":[],"class_list":{"0":"post-336922","1":"product","2":"type-product","3":"status-publish","4":"has-post-thumbnail","6":"location-aes-emmeloord","7":"location-aes-lemmer","8":"product_brand-kroon-oil","9":"product_cat-kroon-oil","10":"product_shipping_class-paket-0-10-kg","12":"first","13":"outofstock","14":"sale","15":"taxable","16":"shipping-taxable","17":"purchasable","18":"product-type-simple"},"group_of_quantity":0,"min_quantity":0,"max_quantity":"","exclude_order_quantity_value_rules":"no","exclude_category_quantity_rules":"no","combine_variations":"no","locations":[{"id":4275,"name":"AES Emmeloord","slug":"aes-emmeloord","quantity":""},{"id":4276,"name":"AES Lemmer","slug":"aes-lemmer","quantity":""}],"_links":{"self":[{"href":"https:\/\/ab-marineservice.com\/de\/wp-json\/wp\/v2\/product\/336922","targetHints":{"allow":["GET"]}}],"collection":[{"href":"https:\/\/ab-marineservice.com\/de\/wp-json\/wp\/v2\/product"}],"about":[{"href":"https:\/\/ab-marineservice.com\/de\/wp-json\/wp\/v2\/types\/product"}],"replies":[{"embeddable":true,"href":"https:\/\/ab-marineservice.com\/de\/wp-json\/wp\/v2\/comments?post=336922"}],"wp:featuredmedia":[{"embeddable":true,"href":"https:\/\/ab-marineservice.com\/de\/wp-json\/wp\/v2\/media\/335624"}],"wp:attachment":[{"href":"https:\/\/ab-marineservice.com\/de\/wp-json\/wp\/v2\/media?parent=336922"}],"wp:term":[{"taxonomy":"location","embeddable":true,"href":"https:\/\/ab-marineservice.com\/de\/wp-json\/wp\/v2\/location?post=336922"},{"taxonomy":"product_brand","embeddable":true,"href":"https:\/\/ab-marineservice.com\/de\/wp-json\/wp\/v2\/product_brand?post=336922"},{"taxonomy":"product_cat","embeddable":true,"href":"https:\/\/ab-marineservice.com\/de\/wp-json\/wp\/v2\/product_cat?post=336922"},{"taxonomy":"product_tag","embeddable":true,"href":"https:\/\/ab-marineservice.com\/de\/wp-json\/wp\/v2\/product_tag?post=336922"}],"curies":[{"name":"wp","href":"https:\/\/api.w.org\/{rel}","templated":true}]}}