{"id":336923,"date":"2024-11-20T13:53:11","date_gmt":"2024-11-20T13:37:29","guid":{"rendered":"https:\/\/ab-marineservice.com\/product\/cleaning-cloth-white\/"},"modified":"2026-05-04T15:12:35","modified_gmt":"2026-05-04T13:12:35","slug":"cleaning-cloth-white-10-kg","status":"publish","type":"product","link":"https:\/\/ab-marineservice.com\/de\/produkt\/cleaning-cloth-white-10-kg\/","title":{"rendered":"Cleaning Cloth White &#8211; 10 kg"},"content":{"rendered":"<p>Cleaning Cloth White sind stark saugf\u00e4hige, hochfeste Wischt\u00fccher Version mit verst\u00e4rkten Fasern Abmessungen 38 x 40 cm<\/p>\n","protected":false},"excerpt":{"rendered":"<p>Cleaning Cloth White sind wei\u00dfe Wegwerft\u00fccher f\u00fcr h\u00f6chste Anforderungen und sehr saugf\u00e4hig. Das hochfeste Material sorgt f\u00fcr Rei\u00dffestigkeit der T\u00fccher bei deren Verwendung. Die Wegwerft\u00fccher werden in 10-kg-Packungen geliefert. Abmessungen: 38 x 40 cm<\/p>\n","protected":false},"featured_media":335628,"comment_status":"open","ping_status":"closed","template":"","meta":[],"location":[4275,4276],"product_brand":[25894],"product_cat":[9884],"product_tag":[],"class_list":{"0":"post-336923","1":"product","2":"type-product","3":"status-publish","4":"has-post-thumbnail","6":"location-aes-emmeloord","7":"location-aes-lemmer","8":"product_brand-kroon-oil","9":"product_cat-kroon-oil","10":"product_shipping_class-paket-0-10-kg","12":"first","13":"onbackorder","14":"sale","15":"taxable","16":"shipping-taxable","17":"purchasable","18":"product-type-simple"},"group_of_quantity":0,"min_quantity":0,"max_quantity":"","exclude_order_quantity_value_rules":"no","exclude_category_quantity_rules":"no","combine_variations":"no","locations":[{"id":4275,"name":"AES Emmeloord","slug":"aes-emmeloord","quantity":""},{"id":4276,"name":"AES Lemmer","slug":"aes-lemmer","quantity":""}],"_links":{"self":[{"href":"https:\/\/ab-marineservice.com\/de\/wp-json\/wp\/v2\/product\/336923","targetHints":{"allow":["GET"]}}],"collection":[{"href":"https:\/\/ab-marineservice.com\/de\/wp-json\/wp\/v2\/product"}],"about":[{"href":"https:\/\/ab-marineservice.com\/de\/wp-json\/wp\/v2\/types\/product"}],"replies":[{"embeddable":true,"href":"https:\/\/ab-marineservice.com\/de\/wp-json\/wp\/v2\/comments?post=336923"}],"wp:featuredmedia":[{"embeddable":true,"href":"https:\/\/ab-marineservice.com\/de\/wp-json\/wp\/v2\/media\/335628"}],"wp:attachment":[{"href":"https:\/\/ab-marineservice.com\/de\/wp-json\/wp\/v2\/media?parent=336923"}],"wp:term":[{"taxonomy":"location","embeddable":true,"href":"https:\/\/ab-marineservice.com\/de\/wp-json\/wp\/v2\/location?post=336923"},{"taxonomy":"product_brand","embeddable":true,"href":"https:\/\/ab-marineservice.com\/de\/wp-json\/wp\/v2\/product_brand?post=336923"},{"taxonomy":"product_cat","embeddable":true,"href":"https:\/\/ab-marineservice.com\/de\/wp-json\/wp\/v2\/product_cat?post=336923"},{"taxonomy":"product_tag","embeddable":true,"href":"https:\/\/ab-marineservice.com\/de\/wp-json\/wp\/v2\/product_tag?post=336923"}],"curies":[{"name":"wp","href":"https:\/\/api.w.org\/{rel}","templated":true}]}}