{"id":336937,"date":"2024-11-20T13:54:39","date_gmt":"2024-11-20T13:38:57","guid":{"rendered":"https:\/\/ab-marineservice.com\/product\/espadon-zcz-1200-iso-5\/"},"modified":"2025-11-25T17:45:09","modified_gmt":"2025-11-25T16:45:09","slug":"espadon-zcz-1200-iso-5-60-liter","status":"publish","type":"product","link":"https:\/\/ab-marineservice.com\/de\/produkt\/espadon-zcz-1200-iso-5-60-liter\/","title":{"rendered":"Espadon ZCZ-1200 ISO 5 &#8211; 60 liter"},"content":{"rendered":"<p>Espadon ZCZ-1200 ist ein Hon\u00f6l auf Basis raffinierter High-Grade-Grund\u00f6le. Das Produkt ist durch ausgew\u00e4hlte Nebel-, Polarisations- und chemisch aktive Verschwei\u00dfungsinhibitoren erg\u00e4nzt. Durch seine schwache Verdunstungsneigung tr\u00e4gt Espadon ZCZ-1200 \u00fcber seine gesamte Lebensdauer zur Verbesserung der Arbeitsumgebung bei. Dank seiner speziellen Formulierung bietet Espadon ZCZ-1200 folgende Eigenschaften:<\/p>\n<ul>\n<li>Chlorfrei<\/li>\n<li>Niedriger Aromatgehalt<\/li>\n<li>Geringe Nebelbildungsneigung<\/li>\n<li>Greift Dichtungen und Lacke von Maschinen nicht an.<\/li>\n<li>Schwache Verdunstungsneigung<\/li>\n<li>Gute Extremdruckfestigkeit<\/li>\n<li>Hohes Eindring- und Reinigungsverm\u00f6gen<\/li>\n<li>Gute Oberfl\u00e4chenbearbeitung<\/li>\n<li>Kann mit allen anderen Kroon-Oil Maschinen\u00f6len verwendet werden.<\/li>\n<\/ul>\n<h4>Typische Standardanalysen<\/h4>\n<table class=\"table analyse-table\">\n<tr>\n<td>Flie\u00dfpunkt<\/td>\n<td>\n<b>-24<\/b>  \u00b0C<\/td>\n<\/tr>\n<tr>\n<td>S\u00e4urenzahl<\/td>\n<td>\n<b>0,03<\/b>  mgKOH\/g<\/td>\n<\/tr>\n<tr>\n<td>Flammpunkt COC<\/td>\n<td>\n<b>130<\/b>  \u00b0C<\/td>\n<\/tr>\n<tr>\n<td>Dichte bei 15 \u00b0C<\/td>\n<td>\n<b>0,836<\/b>  kg\/l<\/td>\n<\/tr>\n<tr>\n<td>Basenzahl<\/td>\n<td>\n<b>14,0<\/b>  mgKOH\/g<\/td>\n<\/tr>\n<tr>\n<td>Viskosit\u00e4t 100 \u00b0C<\/td>\n<td>\n<b>1,70<\/b>  mm\u00b2\/s<\/td>\n<\/tr>\n<tr>\n<td>Viskosit\u00e4t 40 \u00b0C<\/td>\n<td>\n<b>5,55<\/b>  mm\u00b2\/s<\/td>\n<\/tr>\n<\/table>\n","protected":false},"excerpt":{"rendered":"<p>Espadon ZCZ-1200 wird unverd\u00fcnnt zum Honen und L\u00e4ppen von Gusseisen und kurzspanenden, dehnbaren, einsatzharten Stahlsorten verwendet. Espadon ZCZ-1200 kann zudem zur Bearbeitung von Leichtmetall und Glas mit hohen Schnittgeschwindigkeiten und beim Schleifen mit Diamantscheiben eingesetzt werden.<\/p>\n","protected":false},"featured_media":335681,"comment_status":"open","ping_status":"open","template":"","meta":[],"location":[4275,4276],"product_brand":[25894],"product_cat":[9884],"product_tag":[],"class_list":{"0":"post-336937","1":"product","2":"type-product","3":"status-publish","4":"has-post-thumbnail","6":"location-aes-emmeloord","7":"location-aes-lemmer","8":"product_brand-kroon-oil","9":"product_cat-kroon-oil","10":"product_shipping_class-palettenversand","12":"first","13":"onbackorder","14":"sale","15":"taxable","16":"shipping-taxable","17":"purchasable","18":"product-type-simple"},"group_of_quantity":0,"min_quantity":0,"max_quantity":"","exclude_order_quantity_value_rules":"no","exclude_category_quantity_rules":"no","combine_variations":"no","locations":[{"id":4275,"name":"AES Emmeloord","slug":"aes-emmeloord","quantity":""},{"id":4276,"name":"AES Lemmer","slug":"aes-lemmer","quantity":""}],"_links":{"self":[{"href":"https:\/\/ab-marineservice.com\/de\/wp-json\/wp\/v2\/product\/336937","targetHints":{"allow":["GET"]}}],"collection":[{"href":"https:\/\/ab-marineservice.com\/de\/wp-json\/wp\/v2\/product"}],"about":[{"href":"https:\/\/ab-marineservice.com\/de\/wp-json\/wp\/v2\/types\/product"}],"replies":[{"embeddable":true,"href":"https:\/\/ab-marineservice.com\/de\/wp-json\/wp\/v2\/comments?post=336937"}],"wp:featuredmedia":[{"embeddable":true,"href":"https:\/\/ab-marineservice.com\/de\/wp-json\/wp\/v2\/media\/335681"}],"wp:attachment":[{"href":"https:\/\/ab-marineservice.com\/de\/wp-json\/wp\/v2\/media?parent=336937"}],"wp:term":[{"taxonomy":"location","embeddable":true,"href":"https:\/\/ab-marineservice.com\/de\/wp-json\/wp\/v2\/location?post=336937"},{"taxonomy":"product_brand","embeddable":true,"href":"https:\/\/ab-marineservice.com\/de\/wp-json\/wp\/v2\/product_brand?post=336937"},{"taxonomy":"product_cat","embeddable":true,"href":"https:\/\/ab-marineservice.com\/de\/wp-json\/wp\/v2\/product_cat?post=336937"},{"taxonomy":"product_tag","embeddable":true,"href":"https:\/\/ab-marineservice.com\/de\/wp-json\/wp\/v2\/product_tag?post=336937"}],"curies":[{"name":"wp","href":"https:\/\/api.w.org\/{rel}","templated":true}]}}