{"id":336938,"date":"2024-11-20T13:54:39","date_gmt":"2024-11-20T13:38:57","guid":{"rendered":"https:\/\/ab-marineservice.com\/product\/espadon-zc-3300-iso-32\/"},"modified":"2026-05-04T15:11:50","modified_gmt":"2026-05-04T13:11:50","slug":"espadon-zc-3300-iso-32-60-liter","status":"publish","type":"product","link":"https:\/\/ab-marineservice.com\/de\/produkt\/espadon-zc-3300-iso-32-60-liter\/","title":{"rendered":"Espadon ZC-3300 ISO 32 &#8211; 60 liter"},"content":{"rendered":"<p>Espadon ZC-3300 ist ein Schneid\u00f6l auf Basis hochraffinierter High-Grade-Grund\u00f6le, denen ausgew\u00e4hlte Nebel-, Polarisations- und chemisch aktive Verschwei\u00dfungsinhibitoren hinzugef\u00fcgt wurden. Durch seine schwache Verdunstungsneigung tr\u00e4gt Espadon ZC-3300 \u00fcber seine gesamte Lebensdauer zur Verbesserung der Arbeitsumgebung bei. Dank seiner speziellen Formulierung bietet Espadon ZC-3300 folgende Eigenschaften:<\/p>\n<ul>\n<li>Chlorfrei<\/li>\n<li>Praxisgerechte Hochdruckfestigkeit<\/li>\n<li>Greift Dichtungen und Lacke von Maschinen nicht an.<\/li>\n<li>Niedriger Aromatgehalt<\/li>\n<li>Geringe Nebelbildungsneigung<\/li>\n<li>Schwache Verdunstungsneigung<\/li>\n<li>Gute Oberfl\u00e4chenbearbeitung<\/li>\n<li>Kann mit allen anderen Kroon-Oil Maschinen\u00f6len verwendet werden.<\/li>\n<\/ul>\n<h4>Typische Standardanalysen<\/h4>\n<table class=\"table analyse-table\">\n<tr>\n<td>Viskosit\u00e4tsindex<\/td>\n<td>\n<b>103<\/b> <\/td>\n<\/tr>\n<tr>\n<td>Viskosit\u00e4t 100 \u00b0C<\/td>\n<td>\n<b>5,36<\/b>  mm\u00b2\/s<\/td>\n<\/tr>\n<tr>\n<td>Flammpunkt COC<\/td>\n<td>\n<b>202<\/b>  \u00b0C<\/td>\n<\/tr>\n<tr>\n<td>Dichte bei 15 \u00b0C<\/td>\n<td>\n<b>0,876<\/b>  kg\/l<\/td>\n<\/tr>\n<tr>\n<td>Flie\u00dfpunkt<\/td>\n<td>\n<b>-12<\/b>  \u00b0C<\/td>\n<\/tr>\n<tr>\n<td>Viskosit\u00e4t 40 \u00b0C<\/td>\n<td>\n<b>31,50<\/b>  mm\u00b2\/s<\/td>\n<\/tr>\n<tr>\n<td>S\u00e4urenzahl<\/td>\n<td>\n<b>0,34<\/b>  mgKOH\/g<\/td>\n<\/tr>\n<tr>\n<td>Basenzahl<\/td>\n<td>\n<b>0,1<\/b>  mgKOH\/g<\/td>\n<\/tr>\n<\/table>\n","protected":false},"excerpt":{"rendered":"<p>Espadon ZC-3300 ist ein Schneid\u00f6l, das in automatischen Bearbeitungszentren zur Zerspanung von Karbon- und geringlegierten Stahlsorten eingesetzt wird. Zudem kann Espadon ZC-3300 zum Schneiden und Sch\u00e4rfen von Zahnr\u00e4dern und Gewindespindeln verwendet werden.<\/p>\n<p>Achtung! <br \/>Bei der Bearbeitung von Nichteisenmetallen ist Verf\u00e4rbung m\u00f6glich.<\/p>\n","protected":false},"featured_media":335685,"comment_status":"open","ping_status":"open","template":"","meta":[],"location":[4275,4276],"product_brand":[25894],"product_cat":[9884],"product_tag":[],"class_list":{"0":"post-336938","1":"product","2":"type-product","3":"status-publish","4":"has-post-thumbnail","6":"location-aes-emmeloord","7":"location-aes-lemmer","8":"product_brand-kroon-oil","9":"product_cat-kroon-oil","10":"product_shipping_class-palettenversand","12":"first","13":"onbackorder","14":"sale","15":"taxable","16":"shipping-taxable","17":"purchasable","18":"product-type-simple"},"group_of_quantity":0,"min_quantity":0,"max_quantity":"","exclude_order_quantity_value_rules":"no","exclude_category_quantity_rules":"no","combine_variations":"no","locations":[{"id":4275,"name":"AES Emmeloord","slug":"aes-emmeloord","quantity":""},{"id":4276,"name":"AES Lemmer","slug":"aes-lemmer","quantity":""}],"_links":{"self":[{"href":"https:\/\/ab-marineservice.com\/de\/wp-json\/wp\/v2\/product\/336938","targetHints":{"allow":["GET"]}}],"collection":[{"href":"https:\/\/ab-marineservice.com\/de\/wp-json\/wp\/v2\/product"}],"about":[{"href":"https:\/\/ab-marineservice.com\/de\/wp-json\/wp\/v2\/types\/product"}],"replies":[{"embeddable":true,"href":"https:\/\/ab-marineservice.com\/de\/wp-json\/wp\/v2\/comments?post=336938"}],"wp:featuredmedia":[{"embeddable":true,"href":"https:\/\/ab-marineservice.com\/de\/wp-json\/wp\/v2\/media\/335685"}],"wp:attachment":[{"href":"https:\/\/ab-marineservice.com\/de\/wp-json\/wp\/v2\/media?parent=336938"}],"wp:term":[{"taxonomy":"location","embeddable":true,"href":"https:\/\/ab-marineservice.com\/de\/wp-json\/wp\/v2\/location?post=336938"},{"taxonomy":"product_brand","embeddable":true,"href":"https:\/\/ab-marineservice.com\/de\/wp-json\/wp\/v2\/product_brand?post=336938"},{"taxonomy":"product_cat","embeddable":true,"href":"https:\/\/ab-marineservice.com\/de\/wp-json\/wp\/v2\/product_cat?post=336938"},{"taxonomy":"product_tag","embeddable":true,"href":"https:\/\/ab-marineservice.com\/de\/wp-json\/wp\/v2\/product_tag?post=336938"}],"curies":[{"name":"wp","href":"https:\/\/api.w.org\/{rel}","templated":true}]}}