{"id":336943,"date":"2024-11-20T13:54:39","date_gmt":"2024-11-20T13:38:57","guid":{"rendered":"https:\/\/ab-marineservice.com\/product\/carsinus-ss-68\/"},"modified":"2025-11-25T17:45:08","modified_gmt":"2025-11-25T16:45:08","slug":"carsinus-ss-68-60-liter","status":"publish","type":"product","link":"https:\/\/ab-marineservice.com\/de\/produkt\/carsinus-ss-68-60-liter\/","title":{"rendered":"Carsinus SS 68 &#8211; 60 liter"},"content":{"rendered":"<p>Carsinus SS 68 ist ein hochwertiges Haft\u00f6l auf Basis speziell ausgew\u00e4hlter solventraffinierter Grund\u00f6le mit von Natur aus hohem Viskosit\u00e4tsindex. Durch Adh\u00e4sionsadditive erg\u00e4nzt, bietet es folgende Eigenschaften:<\/p>\n<ul>\n<li>Hohe Adh\u00e4sionswirkung<\/li>\n<li>\u00dcberlegener Verschlei\u00dfschutz<\/li>\n<li>Hervorragender Rost- und Korrosionsschutz<\/li>\n<li>Ausgezeichnete Oxidationsstabilit\u00e4t<\/li>\n<li>\u00c4u\u00dferst wirkungsvoller Demulgator<\/li>\n<li>Hocheffiziente Luftfreigabe und Schaumunterdr\u00fcckung<\/li>\n<li>Greift synthetische Dichtungen nicht an.<\/li>\n<li>Niedriger Flie\u00dfpunkt<\/li>\n<\/ul>\n<h4>Produktdaten<\/h4>\n<ul>\n<li>ISO 6743-1 AC<\/li>\n<\/ul>\n<h4>Typische Standardanalysen<\/h4>\n<table class=\"table analyse-table\">\n<tr>\n<td>Dichte bei 15 \u00b0C<\/td>\n<td>\n<b>0,887<\/b>  kg\/l<\/td>\n<\/tr>\n<tr>\n<td>Flammpunkt COC<\/td>\n<td>\n<b>215<\/b>  \u00b0C<\/td>\n<\/tr>\n<tr>\n<td>Viskosit\u00e4t 40 \u00b0C<\/td>\n<td>\n<b>70,60<\/b>  mm\u00b2\/s<\/td>\n<\/tr>\n<tr>\n<td>Viskosit\u00e4tsindex<\/td>\n<td>\n<b>113<\/b> <\/td>\n<\/tr>\n<tr>\n<td>Viskosit\u00e4t 100 \u00b0C<\/td>\n<td>\n<b>9,49<\/b>  mm\u00b2\/s<\/td>\n<\/tr>\n<tr>\n<td>Flie\u00dfpunkt<\/td>\n<td>\n<b>-24<\/b>  \u00b0C<\/td>\n<\/tr>\n<\/table>\n","protected":false},"excerpt":{"rendered":"<p>Carsinus SS 68 ist f\u00fcr die allgemeine Schmierung von Mechanik vorgesehen, die ein nicht abtropfendes \u00d6l erfordert. Carsinus SS 68 ist au\u00dferdem zur Schmierung von vertikalen F\u00fchrungsschienen und leichtbelasteten Getrieben geeignet.<\/p>\n","protected":false},"featured_media":335705,"comment_status":"open","ping_status":"open","template":"","meta":[],"location":[4275,4276],"product_brand":[25894],"product_cat":[9884],"product_tag":[],"class_list":{"0":"post-336943","1":"product","2":"type-product","3":"status-publish","4":"has-post-thumbnail","6":"location-aes-emmeloord","7":"location-aes-lemmer","8":"product_brand-kroon-oil","9":"product_cat-kroon-oil","10":"product_shipping_class-palettenversand","12":"first","13":"onbackorder","14":"sale","15":"taxable","16":"shipping-taxable","17":"purchasable","18":"product-type-simple"},"group_of_quantity":0,"min_quantity":0,"max_quantity":"","exclude_order_quantity_value_rules":"no","exclude_category_quantity_rules":"no","combine_variations":"no","locations":[{"id":4275,"name":"AES Emmeloord","slug":"aes-emmeloord","quantity":""},{"id":4276,"name":"AES Lemmer","slug":"aes-lemmer","quantity":""}],"_links":{"self":[{"href":"https:\/\/ab-marineservice.com\/de\/wp-json\/wp\/v2\/product\/336943","targetHints":{"allow":["GET"]}}],"collection":[{"href":"https:\/\/ab-marineservice.com\/de\/wp-json\/wp\/v2\/product"}],"about":[{"href":"https:\/\/ab-marineservice.com\/de\/wp-json\/wp\/v2\/types\/product"}],"replies":[{"embeddable":true,"href":"https:\/\/ab-marineservice.com\/de\/wp-json\/wp\/v2\/comments?post=336943"}],"wp:featuredmedia":[{"embeddable":true,"href":"https:\/\/ab-marineservice.com\/de\/wp-json\/wp\/v2\/media\/335705"}],"wp:attachment":[{"href":"https:\/\/ab-marineservice.com\/de\/wp-json\/wp\/v2\/media?parent=336943"}],"wp:term":[{"taxonomy":"location","embeddable":true,"href":"https:\/\/ab-marineservice.com\/de\/wp-json\/wp\/v2\/location?post=336943"},{"taxonomy":"product_brand","embeddable":true,"href":"https:\/\/ab-marineservice.com\/de\/wp-json\/wp\/v2\/product_brand?post=336943"},{"taxonomy":"product_cat","embeddable":true,"href":"https:\/\/ab-marineservice.com\/de\/wp-json\/wp\/v2\/product_cat?post=336943"},{"taxonomy":"product_tag","embeddable":true,"href":"https:\/\/ab-marineservice.com\/de\/wp-json\/wp\/v2\/product_tag?post=336943"}],"curies":[{"name":"wp","href":"https:\/\/api.w.org\/{rel}","templated":true}]}}