{"id":336950,"date":"2024-11-20T13:54:39","date_gmt":"2024-11-20T13:38:57","guid":{"rendered":"https:\/\/ab-marineservice.com\/product\/perlus-bio\/"},"modified":"2025-11-25T17:44:49","modified_gmt":"2025-11-25T16:44:49","slug":"perlus-bio-60-liter","status":"publish","type":"product","link":"https:\/\/ab-marineservice.com\/de\/produkt\/perlus-bio-60-liter\/","title":{"rendered":"Perlus Bio &#8211; 60 liter"},"content":{"rendered":"<p>Perlus Bio ist ein hochwertiges, biologisch abbaubares Hydraulik\u00f6l auf Pflanzen\u00f6lbasis. Durch ausgew\u00e4hlte Additive erg\u00e4nzt, bietet es folgende Eigenschaften:<\/p>\n<ul>\n<li>Hoher und sehr stabiler Viskosit\u00e4tsindex<\/li>\n<li>\u00dcberlegener Verschlei\u00dfschutz<\/li>\n<li>Hervorragender Rost- und Korrosionsschutz<\/li>\n<li>Ausgezeichnete Oxidationsstabilit\u00e4t<\/li>\n<li>Greift synthetische Dichtungen nicht an.<\/li>\n<li>Niedriger Flie\u00dfpunkt<\/li>\n<li>Stark minimierte Schaumneigung<\/li>\n<li>Hocheffiziente Luftfreigabe<\/li>\n<\/ul>\n<h4>Produktdaten<\/h4>\n<ul>\n<li>ISO 15380 HETG<\/li>\n<li>CEC L-33-T-82 &gt;90% (3 weeks)<\/li>\n<\/ul>\n<h4>Typische Standardanalysen<\/h4>\n<table class=\"table analyse-table\">\n<tr>\n<td>Viskosit\u00e4t 40 \u00b0C<\/td>\n<td>\n<b>36,00<\/b>  mm\u00b2\/s<\/td>\n<\/tr>\n<tr>\n<td>S\u00e4urenzahl<\/td>\n<td>\n<b>0,40<\/b>  mgKOH\/g<\/td>\n<\/tr>\n<tr>\n<td>Viskosit\u00e4t 100 \u00b0C<\/td>\n<td>\n<b>8,11<\/b>  mm\u00b2\/s<\/td>\n<\/tr>\n<tr>\n<td>Flammpunkt COC<\/td>\n<td>\n<b>302<\/b>  \u00b0C<\/td>\n<\/tr>\n<tr>\n<td>Viskosit\u00e4tsindex<\/td>\n<td>\n<b>211<\/b> <\/td>\n<\/tr>\n<tr>\n<td>Flie\u00dfpunkt<\/td>\n<td>\n<b>-24<\/b>  \u00b0C<\/td>\n<\/tr>\n<tr>\n<td>Sulfataschegehalt<\/td>\n<td>\n<b>0,06<\/b>  %<\/td>\n<\/tr>\n<tr>\n<td>Dichte bei 15 \u00b0C<\/td>\n<td>\n<b>0,919<\/b>  kg\/l<\/td>\n<\/tr>\n<\/table>\n","protected":false},"excerpt":{"rendered":"<p>Perlus Bio ist ideal f\u00fcr alle Schwerlast-Hydrauliksysteme, die mit hohem Druck \u00fcber einen breiten Temperaturbereich betrieben werden. Dieses Hydraulik\u00f6l wurde f\u00fcr Bedingungen entwickelt, unter denen ein Risiko von Umweltverschmutzung durch Schlauchbruch und\/oder Leckage besteht.<\/p>\n","protected":false},"featured_media":335733,"comment_status":"open","ping_status":"open","template":"","meta":[],"location":[4275,4276],"product_brand":[25894],"product_cat":[9884],"product_tag":[],"class_list":{"0":"post-336950","1":"product","2":"type-product","3":"status-publish","4":"has-post-thumbnail","6":"location-aes-emmeloord","7":"location-aes-lemmer","8":"product_brand-kroon-oil","9":"product_cat-kroon-oil","10":"product_shipping_class-paket-0-10-kg","12":"first","13":"onbackorder","14":"sale","15":"taxable","16":"shipping-taxable","17":"purchasable","18":"product-type-simple"},"group_of_quantity":0,"min_quantity":0,"max_quantity":"","exclude_order_quantity_value_rules":"no","exclude_category_quantity_rules":"no","combine_variations":"no","locations":[{"id":4275,"name":"AES Emmeloord","slug":"aes-emmeloord","quantity":""},{"id":4276,"name":"AES Lemmer","slug":"aes-lemmer","quantity":""}],"_links":{"self":[{"href":"https:\/\/ab-marineservice.com\/de\/wp-json\/wp\/v2\/product\/336950","targetHints":{"allow":["GET"]}}],"collection":[{"href":"https:\/\/ab-marineservice.com\/de\/wp-json\/wp\/v2\/product"}],"about":[{"href":"https:\/\/ab-marineservice.com\/de\/wp-json\/wp\/v2\/types\/product"}],"replies":[{"embeddable":true,"href":"https:\/\/ab-marineservice.com\/de\/wp-json\/wp\/v2\/comments?post=336950"}],"wp:featuredmedia":[{"embeddable":true,"href":"https:\/\/ab-marineservice.com\/de\/wp-json\/wp\/v2\/media\/335733"}],"wp:attachment":[{"href":"https:\/\/ab-marineservice.com\/de\/wp-json\/wp\/v2\/media?parent=336950"}],"wp:term":[{"taxonomy":"location","embeddable":true,"href":"https:\/\/ab-marineservice.com\/de\/wp-json\/wp\/v2\/location?post=336950"},{"taxonomy":"product_brand","embeddable":true,"href":"https:\/\/ab-marineservice.com\/de\/wp-json\/wp\/v2\/product_brand?post=336950"},{"taxonomy":"product_cat","embeddable":true,"href":"https:\/\/ab-marineservice.com\/de\/wp-json\/wp\/v2\/product_cat?post=336950"},{"taxonomy":"product_tag","embeddable":true,"href":"https:\/\/ab-marineservice.com\/de\/wp-json\/wp\/v2\/product_tag?post=336950"}],"curies":[{"name":"wp","href":"https:\/\/api.w.org\/{rel}","templated":true}]}}