{"id":336968,"date":"2024-11-20T13:56:20","date_gmt":"2024-11-20T13:41:38","guid":{"rendered":"https:\/\/ab-marineservice.com\/product\/viscor-nf\/"},"modified":"2025-11-25T17:44:33","modified_gmt":"2025-11-25T16:44:33","slug":"viscor-nf-60-liter","status":"publish","type":"product","link":"https:\/\/ab-marineservice.com\/de\/produkt\/viscor-nf-60-liter\/","title":{"rendered":"Viscor NF &#8211; 60 liter"},"content":{"rendered":"<p>Viscor New Formula ist eine Eichfl\u00fcssigkeit f\u00fcr das Einstellen von Einspritzpumpen und -ventilen in Dieselmotoren. Neben sehr konstanter, pr\u00e4ziser Dichte und Viskosit\u00e4t enth\u00e4lt Viscor NF eine komplexe Additivmischung, um folgende Eigenschaften zu gew\u00e4hrleisten:<\/p>\n<ul>\n<li>Eichung auf pr\u00e4zise Vorgaben, wodurch Diesel-Einspritzsysteme auf reproduzierbare Weise eingestellt werden k\u00f6nnen.<\/li>\n<li>Sehr wirkungsvoller Korrosionsschutz: Pumpen und Einspritzventile k\u00f6nnen nach der Einstellung problemlos eingelagert werden.<\/li>\n<li>Viscor NF sch\u00fctzt die Bauteile vor Rost und Korrosion.<\/li>\n<li>Kraftstoffeinsparung<\/li>\n<li>Verminderter Schadstoffaussto\u00df: Eine pr\u00e4zise Einstellung verbessert die Verbrennung, wovon die Umwelt profitiert.<\/li>\n<\/ul>\n<h4>Produktdaten<\/h4>\n<ul>\n<li>ISO 4113<\/li>\n<li>SAE J 967D<\/li>\n<li>Bosch VS 15665-OL-CV<\/li>\n<li>MB 133 (former specification)<\/li>\n<\/ul>\n<h4>Typische Standardanalysen<\/h4>\n<table class=\"table analyse-table\">\n<tr>\n<td>Flammpunkt PM<\/td>\n<td>\n<b>102<\/b>  \u00b0C<\/td>\n<\/tr>\n<tr>\n<td>Phosohor<\/td>\n<td>\n<b>0<\/b>  mg\/kg<\/td>\n<\/tr>\n<tr>\n<td>Flie\u00dfpunkt<\/td>\n<td>\n<b>-48<\/b>  \u00b0C<\/td>\n<\/tr>\n<tr>\n<td>Viskosit\u00e4t 40 \u00b0C<\/td>\n<td>\n<b>2,64<\/b>  mm\u00b2\/s<\/td>\n<\/tr>\n<tr>\n<td>Viskosit\u00e4t 100 \u00b0C<\/td>\n<td>\n<b>1,12<\/b>  mm\u00b2\/s<\/td>\n<\/tr>\n<tr>\n<td>Zink<\/td>\n<td>\n<b>0<\/b>  mg\/kg<\/td>\n<\/tr>\n<tr>\n<td>Kalzium<\/td>\n<td>\n<b>0<\/b>  mg\/kg<\/td>\n<\/tr>\n<tr>\n<td>Dichte bei 15 \u00b0C<\/td>\n<td>\n<b>0,825<\/b>  kg\/l<\/td>\n<\/tr>\n<\/table>\n","protected":false},"excerpt":{"rendered":"<p>Viscor NF ist eine Kalibrierfl\u00fcssigkeit f\u00fcr das Tunen von Dieseleinspritzsystemen. Zudem kann dieses Produkt nach der Systemeinstellung auch als Konservierungsfl\u00fcssigkeit zum Lagern von Komponenten verwendet werden.<\/p>\n","protected":false},"featured_media":335803,"comment_status":"open","ping_status":"open","template":"","meta":[],"location":[4275,4276],"product_brand":[25894],"product_cat":[2187,9884],"product_tag":[],"class_list":{"0":"post-336968","1":"product","2":"type-product","3":"status-publish","4":"has-post-thumbnail","6":"location-aes-emmeloord","7":"location-aes-lemmer","8":"product_brand-kroon-oil","9":"product_cat-schmiermittel","10":"product_cat-kroon-oil","11":"product_shipping_class-paket-0-10-kg","13":"first","14":"onbackorder","15":"sale","16":"taxable","17":"shipping-taxable","18":"purchasable","19":"product-type-simple"},"group_of_quantity":0,"min_quantity":0,"max_quantity":"","exclude_order_quantity_value_rules":"no","exclude_category_quantity_rules":"no","combine_variations":"no","locations":[{"id":4275,"name":"AES Emmeloord","slug":"aes-emmeloord","quantity":""},{"id":4276,"name":"AES Lemmer","slug":"aes-lemmer","quantity":""}],"_links":{"self":[{"href":"https:\/\/ab-marineservice.com\/de\/wp-json\/wp\/v2\/product\/336968","targetHints":{"allow":["GET"]}}],"collection":[{"href":"https:\/\/ab-marineservice.com\/de\/wp-json\/wp\/v2\/product"}],"about":[{"href":"https:\/\/ab-marineservice.com\/de\/wp-json\/wp\/v2\/types\/product"}],"replies":[{"embeddable":true,"href":"https:\/\/ab-marineservice.com\/de\/wp-json\/wp\/v2\/comments?post=336968"}],"wp:featuredmedia":[{"embeddable":true,"href":"https:\/\/ab-marineservice.com\/de\/wp-json\/wp\/v2\/media\/335803"}],"wp:attachment":[{"href":"https:\/\/ab-marineservice.com\/de\/wp-json\/wp\/v2\/media?parent=336968"}],"wp:term":[{"taxonomy":"location","embeddable":true,"href":"https:\/\/ab-marineservice.com\/de\/wp-json\/wp\/v2\/location?post=336968"},{"taxonomy":"product_brand","embeddable":true,"href":"https:\/\/ab-marineservice.com\/de\/wp-json\/wp\/v2\/product_brand?post=336968"},{"taxonomy":"product_cat","embeddable":true,"href":"https:\/\/ab-marineservice.com\/de\/wp-json\/wp\/v2\/product_cat?post=336968"},{"taxonomy":"product_tag","embeddable":true,"href":"https:\/\/ab-marineservice.com\/de\/wp-json\/wp\/v2\/product_tag?post=336968"}],"curies":[{"name":"wp","href":"https:\/\/api.w.org\/{rel}","templated":true}]}}