{"id":336984,"date":"2024-11-20T13:58:03","date_gmt":"2024-11-20T13:42:32","guid":{"rendered":"https:\/\/ab-marineservice.com\/product\/coolant-sp-17\/"},"modified":"2025-11-25T17:43:20","modified_gmt":"2025-11-25T16:43:20","slug":"coolant-sp-17-20-liter","status":"publish","type":"product","link":"https:\/\/ab-marineservice.com\/de\/produkt\/coolant-sp-17-20-liter\/","title":{"rendered":"Coolant SP 17 &#8211; 20 liter"},"content":{"rendered":"<p>Coolant SP 17 ist ein gebrauchsfertiges, hochwertiges Langzeit-K\u00fchlmittel (Frostschutz bis -38 \u00b0C) f\u00fcr Heavy-Duty-Anforderungen. Dank Beimischung von speziellen Karbols\u00e4uren, Nitrit und Molybdat bietet das Produkt \u00fcberlegenen Korrosionsschutz. Coolant SP 17 sch\u00fctzt alle Metalle und Kunststoffe, wodurch es die Lebensdauer von empfindlichen Teilen wie K\u00fchler, Wasserpumpe und Dichtungen verl\u00e4ngert.<\/p>\n<h4>Produktdaten<\/h4>\n<ul>\n<li>Caterpillar, CAT EC-1<\/li>\n<li>MAK, A4.05.09.01<\/li>\n<\/ul>\n","protected":false},"excerpt":{"rendered":"<p>Coolant SP 17 eignet sich f\u00fcr moderne f\u00fcr Heavy-Duty-Vebrennungsmotoren in Lkw, Land-, Bau- und station\u00e4ren Industriemaschinen. Coolant SP 17 ist gebrauchsfertig und bietet Frostschutz bis -38 \u00b0C. Dieses hochwertige Langzeit-K\u00fchlmittel kann in Motoren verwendet werden, die K\u00fchlmittel gem\u00e4\u00df Caterpillar-Norm CAT EC-1 oder MAK-Spezifikation A4.05.09.01 erfordern.<\/p>\n","protected":false},"featured_media":335855,"comment_status":"open","ping_status":"open","template":"","meta":[],"location":[4275,4276],"product_brand":[25894],"product_cat":[2187,9884],"product_tag":[],"class_list":{"0":"post-336984","1":"product","2":"type-product","3":"status-publish","4":"has-post-thumbnail","6":"location-aes-emmeloord","7":"location-aes-lemmer","8":"product_brand-kroon-oil","9":"product_cat-schmiermittel","10":"product_cat-kroon-oil","11":"product_shipping_class-paket-0-10-kg","13":"first","14":"onbackorder","15":"sale","16":"taxable","17":"shipping-taxable","18":"purchasable","19":"product-type-simple"},"group_of_quantity":0,"min_quantity":0,"max_quantity":"","exclude_order_quantity_value_rules":"no","exclude_category_quantity_rules":"no","combine_variations":"no","locations":[{"id":4275,"name":"AES Emmeloord","slug":"aes-emmeloord","quantity":""},{"id":4276,"name":"AES Lemmer","slug":"aes-lemmer","quantity":""}],"_links":{"self":[{"href":"https:\/\/ab-marineservice.com\/de\/wp-json\/wp\/v2\/product\/336984","targetHints":{"allow":["GET"]}}],"collection":[{"href":"https:\/\/ab-marineservice.com\/de\/wp-json\/wp\/v2\/product"}],"about":[{"href":"https:\/\/ab-marineservice.com\/de\/wp-json\/wp\/v2\/types\/product"}],"replies":[{"embeddable":true,"href":"https:\/\/ab-marineservice.com\/de\/wp-json\/wp\/v2\/comments?post=336984"}],"wp:featuredmedia":[{"embeddable":true,"href":"https:\/\/ab-marineservice.com\/de\/wp-json\/wp\/v2\/media\/335855"}],"wp:attachment":[{"href":"https:\/\/ab-marineservice.com\/de\/wp-json\/wp\/v2\/media?parent=336984"}],"wp:term":[{"taxonomy":"location","embeddable":true,"href":"https:\/\/ab-marineservice.com\/de\/wp-json\/wp\/v2\/location?post=336984"},{"taxonomy":"product_brand","embeddable":true,"href":"https:\/\/ab-marineservice.com\/de\/wp-json\/wp\/v2\/product_brand?post=336984"},{"taxonomy":"product_cat","embeddable":true,"href":"https:\/\/ab-marineservice.com\/de\/wp-json\/wp\/v2\/product_cat?post=336984"},{"taxonomy":"product_tag","embeddable":true,"href":"https:\/\/ab-marineservice.com\/de\/wp-json\/wp\/v2\/product_tag?post=336984"}],"curies":[{"name":"wp","href":"https:\/\/api.w.org\/{rel}","templated":true}]}}