{"id":336985,"date":"2024-11-20T13:58:03","date_gmt":"2024-11-20T13:42:32","guid":{"rendered":"https:\/\/ab-marineservice.com\/product\/gear-oil-alcat-10w\/"},"modified":"2025-11-25T17:43:25","modified_gmt":"2025-11-25T16:43:25","slug":"gear-oil-alcat-10w-60-liter","status":"publish","type":"product","link":"https:\/\/ab-marineservice.com\/de\/produkt\/gear-oil-alcat-10w-60-liter\/","title":{"rendered":"Gear Oil Alcat 10W &#8211; 60 liter"},"content":{"rendered":"<p>Gear Oil Alcat 10W ist speziell auf Hydraulikanwendungen und Getriebe ausgelegt. Es basiert auf solventraffinierten Grund\u00f6len, die durch Additive erg\u00e4nzt werden, um folgende Eigenschaften zu bieten:<\/p>\n<ul>\n<li>Sehr niedriger Flie\u00dfpunkt<\/li>\n<li>Ausgezeichnete Oxidationsstabilit\u00e4t<\/li>\n<li>Wirkungsvoller Verschlei\u00dfschutz, wodurch Endabtriebe eine l\u00e4ngere Lebensdauer erzielen.<\/li>\n<li>Spezielle Reibeigenschaften, um optimale Funktion von Powershift-Getrieben zu gew\u00e4hrleisten.<\/li>\n<li>Eignet sich f\u00fcr Systeme mit Nasslamellenbremsen.<\/li>\n<li>Hervorragender Rost- und Korrosionsschutz<\/li>\n<\/ul>\n<h4>Produktdaten<\/h4>\n<ul>\n<li>API GL-4<\/li>\n<li>Allison C4<\/li>\n<li>Cat TO-4 \/ TO-2<\/li>\n<li>Komatsu KES 07.868.1<\/li>\n<li>ZF TE-ML 03C<\/li>\n<li>Eaton (Vickers) M-2950-S \/ I-286-S<\/li>\n<\/ul>\n<h4>Typische Standardanalysen<\/h4>\n<table class=\"table analyse-table\">\n<tr>\n<td>Viskosit\u00e4t 100 \u00b0C<\/td>\n<td>\n<b>6,05<\/b>  mm\u00b2\/s<\/td>\n<\/tr>\n<tr>\n<td>Viskosit\u00e4t 40 \u00b0C<\/td>\n<td>\n<b>37,90<\/b>  mm\u00b2\/s<\/td>\n<\/tr>\n<tr>\n<td>Viskosit\u00e4tsindex<\/td>\n<td>\n<b>103<\/b> <\/td>\n<\/tr>\n<tr>\n<td>Viskosit\u00e4t -25 \u00b0C<\/td>\n<td>\n<b>5460<\/b>  mPa.s<\/td>\n<\/tr>\n<tr>\n<td>Flie\u00dfpunkt<\/td>\n<td>\n<b>-30<\/b>  \u00b0C<\/td>\n<\/tr>\n<tr>\n<td>Sulfataschegehalt<\/td>\n<td>\n<b>1,32<\/b>  %<\/td>\n<\/tr>\n<tr>\n<td>Basenzahl<\/td>\n<td>\n<b>9,5<\/b>  mgKOH\/g<\/td>\n<\/tr>\n<tr>\n<td>Dichte bei 15 \u00b0C<\/td>\n<td>\n<b>0,884<\/b>  kg\/l<\/td>\n<\/tr>\n<tr>\n<td>Flammpunkt COC<\/td>\n<td>\n<b>226<\/b>  \u00b0C<\/td>\n<\/tr>\n<\/table>\n","protected":false},"excerpt":{"rendered":"<p>Gear Oil Alcat 10W wurde speziell f\u00fcr die Schmierung von Powershift-Getrieben, Differenzialen, Endabtrieben und f\u00fcr Hydrauliksysteme von Tiefbaumaschinen entwickelt, f\u00fcr die \u00d6le gem\u00e4\u00df den Herstellernormen Caterpillar TO-4 oder Allison C4 empfohlen sind.<\/p>\n<p>DIESES \u00d6L KEINESFALLS IN VERBRENNUNGSMOTOREN VERWENDEN!<\/p>\n","protected":false},"featured_media":335859,"comment_status":"open","ping_status":"open","template":"","meta":[],"location":[4275,4276],"product_brand":[25894],"product_cat":[2187,9884],"product_tag":[],"class_list":{"0":"post-336985","1":"product","2":"type-product","3":"status-publish","4":"has-post-thumbnail","6":"location-aes-emmeloord","7":"location-aes-lemmer","8":"product_brand-kroon-oil","9":"product_cat-schmiermittel","10":"product_cat-kroon-oil","11":"product_shipping_class-palettenversand","13":"first","14":"onbackorder","15":"sale","16":"taxable","17":"shipping-taxable","18":"purchasable","19":"product-type-simple"},"group_of_quantity":0,"min_quantity":0,"max_quantity":"","exclude_order_quantity_value_rules":"no","exclude_category_quantity_rules":"no","combine_variations":"no","locations":[{"id":4275,"name":"AES Emmeloord","slug":"aes-emmeloord","quantity":""},{"id":4276,"name":"AES Lemmer","slug":"aes-lemmer","quantity":""}],"_links":{"self":[{"href":"https:\/\/ab-marineservice.com\/de\/wp-json\/wp\/v2\/product\/336985","targetHints":{"allow":["GET"]}}],"collection":[{"href":"https:\/\/ab-marineservice.com\/de\/wp-json\/wp\/v2\/product"}],"about":[{"href":"https:\/\/ab-marineservice.com\/de\/wp-json\/wp\/v2\/types\/product"}],"replies":[{"embeddable":true,"href":"https:\/\/ab-marineservice.com\/de\/wp-json\/wp\/v2\/comments?post=336985"}],"wp:featuredmedia":[{"embeddable":true,"href":"https:\/\/ab-marineservice.com\/de\/wp-json\/wp\/v2\/media\/335859"}],"wp:attachment":[{"href":"https:\/\/ab-marineservice.com\/de\/wp-json\/wp\/v2\/media?parent=336985"}],"wp:term":[{"taxonomy":"location","embeddable":true,"href":"https:\/\/ab-marineservice.com\/de\/wp-json\/wp\/v2\/location?post=336985"},{"taxonomy":"product_brand","embeddable":true,"href":"https:\/\/ab-marineservice.com\/de\/wp-json\/wp\/v2\/product_brand?post=336985"},{"taxonomy":"product_cat","embeddable":true,"href":"https:\/\/ab-marineservice.com\/de\/wp-json\/wp\/v2\/product_cat?post=336985"},{"taxonomy":"product_tag","embeddable":true,"href":"https:\/\/ab-marineservice.com\/de\/wp-json\/wp\/v2\/product_tag?post=336985"}],"curies":[{"name":"wp","href":"https:\/\/api.w.org\/{rel}","templated":true}]}}