{"id":336999,"date":"2024-11-20T13:59:52","date_gmt":"2024-11-20T13:44:25","guid":{"rendered":"https:\/\/ab-marineservice.com\/product\/fork-oil-rr-10\/"},"modified":"2025-11-25T17:41:47","modified_gmt":"2025-11-25T16:41:47","slug":"fork-oil-rr-10-60-liter","status":"publish","type":"product","link":"https:\/\/ab-marineservice.com\/de\/produkt\/fork-oil-rr-10-60-liter\/","title":{"rendered":"Fork Oil RR 10 &#8211; 60 liter"},"content":{"rendered":"<p>Fork Oil RR 10 ist ein hochwertiges Gabel\u00f6l, das auf sorgf\u00e4ltig selektierten Grund\u00f6len und Spezialadditiven basiert, um folgende Eigenschaften sicherzustellen:<\/p>\n<ul>\n<li>Hoher Viskosit\u00e4tsindex, der konstantes und zuverl\u00e4ssiges Handling in jedem Wetter gew\u00e4hrleistet<\/li>\n<li>Hocheffiziente Luftfreigabe und Schaumunterdr\u00fcckung, die unter allen Betriebsbedingungen konstante Ansprechdynamik und Performanz garantiert.<\/li>\n<li>Ausgezeichneter Verschlei\u00dfschutz, um eine lange Lebensdauer zu gew\u00e4hrleisten<\/li>\n<li>Optimaler Korrosionsschutz<\/li>\n<li>Greift synthetische Dichtungen nicht an.<\/li>\n<li>Niedriger Flie\u00dfpunkt<\/li>\n<\/ul>\n<h4>Typische Standardanalysen<\/h4>\n<table class=\"table analyse-table\">\n<tr>\n<td>Dichte bei 15 \u00b0C<\/td>\n<td>\n<b>0,889<\/b>  kg\/l<\/td>\n<\/tr>\n<tr>\n<td>Flammpunkt COC<\/td>\n<td>\n<b>204<\/b>  \u00b0C<\/td>\n<\/tr>\n<tr>\n<td>Viskosit\u00e4tsindex<\/td>\n<td>\n<b>158<\/b> <\/td>\n<\/tr>\n<tr>\n<td>Flie\u00dfpunkt<\/td>\n<td>\n<b>-39<\/b>  \u00b0C<\/td>\n<\/tr>\n<tr>\n<td>Viskosit\u00e4t 100 \u00b0C<\/td>\n<td>\n<b>8,70<\/b>  mm\u00b2\/s<\/td>\n<\/tr>\n<tr>\n<td>Viskosit\u00e4t -25 \u00b0C<\/td>\n<td>\n<b>5090<\/b>  mPa.s<\/td>\n<\/tr>\n<tr>\n<td>Viskosit\u00e4t 20 \u00b0C<\/td>\n<td>\n<b>131,00<\/b>  mm\u00b2\/s<\/td>\n<\/tr>\n<tr>\n<td>Viskosit\u00e4t 40 \u00b0C<\/td>\n<td>\n<b>50,80<\/b>  mm\u00b2\/s<\/td>\n<\/tr>\n<\/table>\n","protected":false},"excerpt":{"rendered":"<p>Fork Oil RR 10 wurde spezifisch f\u00fcr den Einsatz in Vorderradgabeln und Sto\u00dfd\u00e4mpfern von Motorr\u00e4dern entwickelt. Es eignet sich gleicherma\u00dfen f\u00fcr Stra\u00dfen- und Gel\u00e4ndemotorr\u00e4der sowie Rennmaschinen.<\/p>\n","protected":false},"featured_media":335916,"comment_status":"open","ping_status":"open","template":"","meta":[],"location":[4275,4276],"product_brand":[25894,23602],"product_cat":[2187,9884],"product_tag":[],"class_list":{"0":"post-336999","1":"product","2":"type-product","3":"status-publish","4":"has-post-thumbnail","6":"location-aes-emmeloord","7":"location-aes-lemmer","8":"product_brand-kroon-oil","10":"product_cat-schmiermittel","11":"product_cat-kroon-oil","12":"product_shipping_class-palettenversand","14":"first","15":"onbackorder","16":"sale","17":"taxable","18":"shipping-taxable","19":"purchasable","20":"product-type-simple"},"group_of_quantity":0,"min_quantity":0,"max_quantity":"","exclude_order_quantity_value_rules":"no","exclude_category_quantity_rules":"no","combine_variations":"no","locations":[{"id":4275,"name":"AES Emmeloord","slug":"aes-emmeloord","quantity":""},{"id":4276,"name":"AES Lemmer","slug":"aes-lemmer","quantity":""}],"_links":{"self":[{"href":"https:\/\/ab-marineservice.com\/de\/wp-json\/wp\/v2\/product\/336999","targetHints":{"allow":["GET"]}}],"collection":[{"href":"https:\/\/ab-marineservice.com\/de\/wp-json\/wp\/v2\/product"}],"about":[{"href":"https:\/\/ab-marineservice.com\/de\/wp-json\/wp\/v2\/types\/product"}],"replies":[{"embeddable":true,"href":"https:\/\/ab-marineservice.com\/de\/wp-json\/wp\/v2\/comments?post=336999"}],"wp:featuredmedia":[{"embeddable":true,"href":"https:\/\/ab-marineservice.com\/de\/wp-json\/wp\/v2\/media\/335916"}],"wp:attachment":[{"href":"https:\/\/ab-marineservice.com\/de\/wp-json\/wp\/v2\/media?parent=336999"}],"wp:term":[{"taxonomy":"location","embeddable":true,"href":"https:\/\/ab-marineservice.com\/de\/wp-json\/wp\/v2\/location?post=336999"},{"taxonomy":"product_brand","embeddable":true,"href":"https:\/\/ab-marineservice.com\/de\/wp-json\/wp\/v2\/product_brand?post=336999"},{"taxonomy":"product_cat","embeddable":true,"href":"https:\/\/ab-marineservice.com\/de\/wp-json\/wp\/v2\/product_cat?post=336999"},{"taxonomy":"product_tag","embeddable":true,"href":"https:\/\/ab-marineservice.com\/de\/wp-json\/wp\/v2\/product_tag?post=336999"}],"curies":[{"name":"wp","href":"https:\/\/api.w.org\/{rel}","templated":true}]}}