{"id":337004,"date":"2024-11-20T13:59:52","date_gmt":"2024-11-20T13:44:25","guid":{"rendered":"https:\/\/ab-marineservice.com\/product\/perlus-fg-68\/"},"modified":"2025-11-25T17:42:04","modified_gmt":"2025-11-25T16:42:04","slug":"perlus-fg-68-20-liter","status":"publish","type":"product","link":"https:\/\/ab-marineservice.com\/de\/produkt\/perlus-fg-68-20-liter\/","title":{"rendered":"Perlus FG 68 &#8211; 20 liter"},"content":{"rendered":"<p>Perlus FG 68 ist ein Premium-Hydraulik\u00f6l f\u00fcr die pharmazeutische und Nahrungsmittelindustrie. Das Produkt kombiniert ausgew\u00e4hlte, lebensmittelechte Wei\u00df\u00f6le mit wegweisenden Additiven. Perlus FG 68 weist folgende Eigenschaften auf:<\/p>\n<ul>\n<li>\u00dcberlegener Verschlei\u00dfschutz<\/li>\n<li>Wirkungsvoller Rost- und Korrosionsschutz<\/li>\n<li>Hervorragende Oxidationsstabilit\u00e4t<\/li>\n<li>Wirkungsvoller Demulgator<\/li>\n<li>Effiziente Luftfreigabe und Schaumunterdr\u00fcckung<\/li>\n<li>Greift synthetische Dichtungen nicht an.<\/li>\n<li>Ungiftig<\/li>\n<\/ul>\n<h4>Produktdaten<\/h4>\n<ul>\n<li>ISO 6743\/4 HM\/HV<\/li>\n<li>DIN 51524\/2 HLP<\/li>\n<\/ul>\n<h4>Typische Standardanalysen<\/h4>\n<table class=\"table analyse-table\">\n<tr>\n<td>Viskosit\u00e4t 40 \u00b0C<\/td>\n<td>\n<b>68,00<\/b>  mm\u00b2\/s<\/td>\n<\/tr>\n<tr>\n<td>Flammpunkt COC<\/td>\n<td>\n<b>250<\/b>  \u00b0C<\/td>\n<\/tr>\n<tr>\n<td>Dichte bei 15 \u00b0C<\/td>\n<td>\n<b>0,870<\/b>  kg\/l<\/td>\n<\/tr>\n<tr>\n<td>Flie\u00dfpunkt<\/td>\n<td>\n<b>-20<\/b>  \u00b0C<\/td>\n<\/tr>\n<tr>\n<td>Viskosit\u00e4t 100 \u00b0C<\/td>\n<td>\n<b>9,00<\/b>  mm\u00b2\/s<\/td>\n<\/tr>\n<tr>\n<td>Viskosit\u00e4tsindex<\/td>\n<td>\n<b>106<\/b> <\/td>\n<\/tr>\n<\/table>\n","protected":false},"excerpt":{"rendered":"<p>Perlus FG 68 ist ein f\u00fcr die pharmazeutische und Nahrungsmittelindustrie zugelassenes Hydraulik\u00f6l. Das Produkt besitzt H1-Zulassung und eignet sich daher hervorragend f\u00fcr Bedingungen, unter denen ein zuf\u00e4lliger Kontakt mit Lebensmitteln auftreten kann.<\/p>\n","protected":false},"featured_media":335936,"comment_status":"open","ping_status":"open","template":"","meta":[],"location":[4275,4276],"product_brand":[23602],"product_cat":[2187,9884],"product_tag":[],"class_list":{"0":"post-337004","1":"product","2":"type-product","3":"status-publish","4":"has-post-thumbnail","6":"location-aes-emmeloord","7":"location-aes-lemmer","8":"product_brand-kroon-oil","9":"product_cat-schmiermittel","10":"product_cat-kroon-oil","11":"product_shipping_class-paket-0-10-kg","13":"first","14":"onbackorder","15":"sale","16":"taxable","17":"shipping-taxable","18":"purchasable","19":"product-type-simple"},"group_of_quantity":0,"min_quantity":0,"max_quantity":"","exclude_order_quantity_value_rules":"no","exclude_category_quantity_rules":"no","combine_variations":"no","locations":[{"id":4275,"name":"AES Emmeloord","slug":"aes-emmeloord","quantity":""},{"id":4276,"name":"AES Lemmer","slug":"aes-lemmer","quantity":""}],"_links":{"self":[{"href":"https:\/\/ab-marineservice.com\/de\/wp-json\/wp\/v2\/product\/337004","targetHints":{"allow":["GET"]}}],"collection":[{"href":"https:\/\/ab-marineservice.com\/de\/wp-json\/wp\/v2\/product"}],"about":[{"href":"https:\/\/ab-marineservice.com\/de\/wp-json\/wp\/v2\/types\/product"}],"replies":[{"embeddable":true,"href":"https:\/\/ab-marineservice.com\/de\/wp-json\/wp\/v2\/comments?post=337004"}],"wp:featuredmedia":[{"embeddable":true,"href":"https:\/\/ab-marineservice.com\/de\/wp-json\/wp\/v2\/media\/335936"}],"wp:attachment":[{"href":"https:\/\/ab-marineservice.com\/de\/wp-json\/wp\/v2\/media?parent=337004"}],"wp:term":[{"taxonomy":"location","embeddable":true,"href":"https:\/\/ab-marineservice.com\/de\/wp-json\/wp\/v2\/location?post=337004"},{"taxonomy":"product_brand","embeddable":true,"href":"https:\/\/ab-marineservice.com\/de\/wp-json\/wp\/v2\/product_brand?post=337004"},{"taxonomy":"product_cat","embeddable":true,"href":"https:\/\/ab-marineservice.com\/de\/wp-json\/wp\/v2\/product_cat?post=337004"},{"taxonomy":"product_tag","embeddable":true,"href":"https:\/\/ab-marineservice.com\/de\/wp-json\/wp\/v2\/product_tag?post=337004"}],"curies":[{"name":"wp","href":"https:\/\/api.w.org\/{rel}","templated":true}]}}