{"id":337007,"date":"2024-11-20T13:59:52","date_gmt":"2024-11-20T13:44:25","guid":{"rendered":"https:\/\/ab-marineservice.com\/product\/abacot-fg-460\/"},"modified":"2025-11-25T17:42:13","modified_gmt":"2025-11-25T16:42:13","slug":"abacot-fg-460-20-liter","status":"publish","type":"product","link":"https:\/\/ab-marineservice.com\/de\/produkt\/abacot-fg-460-20-liter\/","title":{"rendered":"Abacot FG 460 &#8211; 20 liter"},"content":{"rendered":"<p>Abacot FG 460 ist ein Premium-Getriebe\u00f6l f\u00fcr die pharmazeutische und Nahrungsmittel verarbeitende Industrie. Das Produkt kombiniert ausgew\u00e4hlte, lebensmittelechte Wei\u00df\u00f6le mit wegweisenden Additiven, um folgende Eigenschaften zu bieten:<\/p>\n<ul>\n<li>Hochdruck- und Sto\u00dflastfestigkeit<\/li>\n<li>Kann in einem Temperaturbereich von -5 \u00b0C bis 160 \u00b0C verwendet werden.<\/li>\n<li>Wirkungsvoller Rost- und Korrosionsschutz<\/li>\n<li>\u00dcberlegener Verschlei\u00dfschutz<\/li>\n<li>Hocheffiziente Schaumunterdr\u00fcckung<\/li>\n<li>Keine Glasur und\/oder Kohlenstoffablagerungen<\/li>\n<li>Ungiftig<\/li>\n<\/ul>\n<h4>Produktdaten<\/h4>\n<ul>\n<li>DIN 51517-3 CLP<\/li>\n<li>ISO 12925-1 CKB<\/li>\n<\/ul>\n<h4>Typische Standardanalysen<\/h4>\n<table class=\"table analyse-table\">\n<tr>\n<td>Viskosit\u00e4t 100 \u00b0C<\/td>\n<td>\n<b>31,60<\/b>  mm\u00b2\/s<\/td>\n<\/tr>\n<tr>\n<td>Flie\u00dfpunkt<\/td>\n<td>\n<b>-12<\/b>  \u00b0C<\/td>\n<\/tr>\n<tr>\n<td>Viskosit\u00e4t 40 \u00b0C<\/td>\n<td>\n<b>433,10<\/b>  mm\u00b2\/s<\/td>\n<\/tr>\n<tr>\n<td>Dichte bei 15 \u00b0C<\/td>\n<td>\n<b>0,881<\/b>  kg\/l<\/td>\n<\/tr>\n<tr>\n<td>Flammpunkt COC<\/td>\n<td>\n<b>264<\/b>  \u00b0C<\/td>\n<\/tr>\n<tr>\n<td>Viskosit\u00e4tsindex<\/td>\n<td>\n<b>105<\/b> <\/td>\n<\/tr>\n<\/table>\n","protected":false},"excerpt":{"rendered":"<p>Abacot FG 460 ist ein lebensmittelechtes Getriebe\u00f6l f\u00fcr die pharmazeutische und Nahrungsmittel verarbeitende Industrie und H1-konform. Daher ist Abacot FG 460 perfekt f\u00fcr die Schmierung fast aller Typen von Industriegetrieben geeignet, bei denen ein zuf\u00e4lliger Kontakt zwischen Schmiermittel und Lebensmitteln auftreten kann.<\/p>\n","protected":false},"featured_media":335948,"comment_status":"open","ping_status":"open","template":"","meta":[],"location":[4275,4276],"product_brand":[23602],"product_cat":[2187,9884],"product_tag":[],"class_list":{"0":"post-337007","1":"product","2":"type-product","3":"status-publish","4":"has-post-thumbnail","6":"location-aes-emmeloord","7":"location-aes-lemmer","8":"product_brand-kroon-oil","9":"product_cat-schmiermittel","10":"product_cat-kroon-oil","11":"product_shipping_class-paket-0-10-kg","13":"first","14":"onbackorder","15":"sale","16":"taxable","17":"shipping-taxable","18":"purchasable","19":"product-type-simple"},"group_of_quantity":0,"min_quantity":0,"max_quantity":"","exclude_order_quantity_value_rules":"no","exclude_category_quantity_rules":"no","combine_variations":"no","locations":[{"id":4275,"name":"AES Emmeloord","slug":"aes-emmeloord","quantity":""},{"id":4276,"name":"AES Lemmer","slug":"aes-lemmer","quantity":""}],"_links":{"self":[{"href":"https:\/\/ab-marineservice.com\/de\/wp-json\/wp\/v2\/product\/337007","targetHints":{"allow":["GET"]}}],"collection":[{"href":"https:\/\/ab-marineservice.com\/de\/wp-json\/wp\/v2\/product"}],"about":[{"href":"https:\/\/ab-marineservice.com\/de\/wp-json\/wp\/v2\/types\/product"}],"replies":[{"embeddable":true,"href":"https:\/\/ab-marineservice.com\/de\/wp-json\/wp\/v2\/comments?post=337007"}],"wp:featuredmedia":[{"embeddable":true,"href":"https:\/\/ab-marineservice.com\/de\/wp-json\/wp\/v2\/media\/335948"}],"wp:attachment":[{"href":"https:\/\/ab-marineservice.com\/de\/wp-json\/wp\/v2\/media?parent=337007"}],"wp:term":[{"taxonomy":"location","embeddable":true,"href":"https:\/\/ab-marineservice.com\/de\/wp-json\/wp\/v2\/location?post=337007"},{"taxonomy":"product_brand","embeddable":true,"href":"https:\/\/ab-marineservice.com\/de\/wp-json\/wp\/v2\/product_brand?post=337007"},{"taxonomy":"product_cat","embeddable":true,"href":"https:\/\/ab-marineservice.com\/de\/wp-json\/wp\/v2\/product_cat?post=337007"},{"taxonomy":"product_tag","embeddable":true,"href":"https:\/\/ab-marineservice.com\/de\/wp-json\/wp\/v2\/product_tag?post=337007"}],"curies":[{"name":"wp","href":"https:\/\/api.w.org\/{rel}","templated":true}]}}