{"id":337009,"date":"2024-11-20T14:00:48","date_gmt":"2024-11-20T13:45:19","guid":{"rendered":"https:\/\/ab-marineservice.com\/product\/compressol-fgs-100\/"},"modified":"2025-11-25T17:41:16","modified_gmt":"2025-11-25T16:41:16","slug":"compressol-fgs-100-20-liter","status":"publish","type":"product","link":"https:\/\/ab-marineservice.com\/de\/produkt\/compressol-fgs-100-20-liter\/","title":{"rendered":"Compressol FGS 100 &#8211; 20 liter"},"content":{"rendered":"<p>Compressol FGS 100 ist ein vollsynthetisches Premium-Kompressor\u00f6l f\u00fcr die pharmazeutische und Lebensmittelindustrie. Das Produkt basiert auf einer Mischung aus vollsynthetischen Polyalphaolefin (PAO)-Grund\u00f6len und wegweisenden Additiven. Compressol FGS 100 bietet folgende exklusive Eigenschaften:<\/p>\n<ul>\n<li>Ausgezeichnete Oxidationsstabilit\u00e4t<\/li>\n<li>\u00dcberlegene Temperaturfestigkeit<\/li>\n<li>\u00dcberlegener Verschlei\u00dfschutz<\/li>\n<li>Wirkungsvoller Rost- und Korrosionsschutz<\/li>\n<li>Geeignet f\u00fcr verl\u00e4ngerte \u00d6lwechselintervalle<\/li>\n<li>Reduzierter Energieverbrauch<\/li>\n<li>Keine Glasur und\/oder Kohlenstoffablagerungen<\/li>\n<li>Greift synthetische Dichtungen nicht an.<\/li>\n<li>Ungiftig<\/li>\n<\/ul>\n<h4>Produktdaten<\/h4>\n<ul>\n<li>DIN 51506 VDL<\/li>\n<li>ISO-L-DAB \/ DVC (According to ISO\/DIS 6743-3)<\/li>\n<\/ul>\n<h4>Typische Standardanalysen<\/h4>\n<table class=\"table analyse-table\">\n<tr>\n<td>Viskosit\u00e4t 100 \u00b0C<\/td>\n<td>\n<b>14,72<\/b>  mm\u00b2\/s<\/td>\n<\/tr>\n<tr>\n<td>Viskosit\u00e4t 40 \u00b0C<\/td>\n<td>\n<b>102,00<\/b>  mm\u00b2\/s<\/td>\n<\/tr>\n<tr>\n<td>Viskosit\u00e4tsindex<\/td>\n<td>\n<b>149<\/b> <\/td>\n<\/tr>\n<tr>\n<td>Flammpunkt COC<\/td>\n<td>\n<b>274<\/b>  \u00b0C<\/td>\n<\/tr>\n<tr>\n<td>Dichte bei 15 \u00b0C<\/td>\n<td>\n<b>0,858<\/b>  kg\/l<\/td>\n<\/tr>\n<tr>\n<td>Flie\u00dfpunkt<\/td>\n<td>\n<b>-45<\/b>  \u00b0C<\/td>\n<\/tr>\n<\/table>\n","protected":false},"excerpt":{"rendered":"<p>Compressol FGS 100 ist ein f\u00fcr die pharmazeutische und Nahrungsmittelindustrie zugelassenes lebensmittelechtes, vollsynthetisches Kompressor\u00f6l. Dieses Kompressor\u00f6l ist f\u00fcr Kolben- und Rotationskompressoren geeignet. Compressol FGS 100 besitzt H1-Zulassung und eignet sich daher hervorragend f\u00fcr Bedingungen, unter denen ein zuf\u00e4lliger Kontakt mit Lebensmitteln auftreten kann.<\/p>\n","protected":false},"featured_media":335956,"comment_status":"open","ping_status":"open","template":"","meta":[],"location":[4275,4276],"product_brand":[23602],"product_cat":[2187,9884],"product_tag":[],"class_list":{"0":"post-337009","1":"product","2":"type-product","3":"status-publish","4":"has-post-thumbnail","6":"location-aes-emmeloord","7":"location-aes-lemmer","8":"product_brand-kroon-oil","9":"product_cat-schmiermittel","10":"product_cat-kroon-oil","11":"product_shipping_class-paket-0-10-kg","13":"first","14":"onbackorder","15":"sale","16":"taxable","17":"shipping-taxable","18":"purchasable","19":"product-type-simple"},"group_of_quantity":0,"min_quantity":0,"max_quantity":"","exclude_order_quantity_value_rules":"no","exclude_category_quantity_rules":"no","combine_variations":"no","locations":[{"id":4275,"name":"AES Emmeloord","slug":"aes-emmeloord","quantity":""},{"id":4276,"name":"AES Lemmer","slug":"aes-lemmer","quantity":""}],"_links":{"self":[{"href":"https:\/\/ab-marineservice.com\/de\/wp-json\/wp\/v2\/product\/337009","targetHints":{"allow":["GET"]}}],"collection":[{"href":"https:\/\/ab-marineservice.com\/de\/wp-json\/wp\/v2\/product"}],"about":[{"href":"https:\/\/ab-marineservice.com\/de\/wp-json\/wp\/v2\/types\/product"}],"replies":[{"embeddable":true,"href":"https:\/\/ab-marineservice.com\/de\/wp-json\/wp\/v2\/comments?post=337009"}],"wp:featuredmedia":[{"embeddable":true,"href":"https:\/\/ab-marineservice.com\/de\/wp-json\/wp\/v2\/media\/335956"}],"wp:attachment":[{"href":"https:\/\/ab-marineservice.com\/de\/wp-json\/wp\/v2\/media?parent=337009"}],"wp:term":[{"taxonomy":"location","embeddable":true,"href":"https:\/\/ab-marineservice.com\/de\/wp-json\/wp\/v2\/location?post=337009"},{"taxonomy":"product_brand","embeddable":true,"href":"https:\/\/ab-marineservice.com\/de\/wp-json\/wp\/v2\/product_brand?post=337009"},{"taxonomy":"product_cat","embeddable":true,"href":"https:\/\/ab-marineservice.com\/de\/wp-json\/wp\/v2\/product_cat?post=337009"},{"taxonomy":"product_tag","embeddable":true,"href":"https:\/\/ab-marineservice.com\/de\/wp-json\/wp\/v2\/product_tag?post=337009"}],"curies":[{"name":"wp","href":"https:\/\/api.w.org\/{rel}","templated":true}]}}