{"id":337013,"date":"2024-11-20T14:00:48","date_gmt":"2024-11-20T13:45:19","guid":{"rendered":"https:\/\/ab-marineservice.com\/product\/armado-synth-msp-5w-40\/"},"modified":"2025-11-25T17:41:29","modified_gmt":"2025-11-25T16:41:29","slug":"armado-synth-msp-5w-40-60-liter","status":"publish","type":"product","link":"https:\/\/ab-marineservice.com\/de\/produkt\/armado-synth-msp-5w-40-60-liter\/","title":{"rendered":"Armado Synth MSP 5W-40 &#8211; 60 liter"},"content":{"rendered":"<p>Armado Synth MSP 5W-40 ist ein kraftstoffsparendes, synthetisches Motor\u00f6l h\u00f6chster Qualit\u00e4t f\u00fcr die neueste Generation von Heavy-Duty-Dieselmotoren. Spezielle Mid-SAPS-Additive in Kombination mit hochwertigen Grund\u00f6len gew\u00e4hrleisten die folgenden Vorteile dieses Premium-Produkts:<\/p>\n<ul>\n<li>Niedriger Sulfatasche-, Phosphor- und Schwefelgehalt, daher voll kompatibel mit Abgasnachbehandlungssystemen moderner Motoren.<\/li>\n<li>Reduzierter Kraftstoffverbrauch<\/li>\n<li>Hervorragende Reinigungswirkung, wodurch Ablagerungen, \u00d6lschlamm und Partikelbildung auf ein Minimum reduziert werden.<\/li>\n<li>\u00dcberlegener Verschlei\u00dfschutz<\/li>\n<li>Ausgezeichnete Oxidationsstabilit\u00e4t und wirkungsvoller Korrosionsschutz<\/li>\n<\/ul>\n<h4>Produktdaten<\/h4>\n<ul>\n<li>ACEA E7, E9<\/li>\n<li>API CJ-4 \/ SM<\/li>\n<li>Cat ECF-2 \/ ECF-3<\/li>\n<li>Cummins CES 20081<\/li>\n<li>Detroit Diesel 93K218 \/ 93K215 \/ 93K214<\/li>\n<li>DTFR 15C100<\/li>\n<li>Mack EO-O Premium Plus<\/li>\n<li>MAN M 3575<\/li>\n<li>MB 228.31<\/li>\n<li>Renault VI RLD-3<\/li>\n<li>Volvo VDS-4<\/li>\n<\/ul>\n<h4>Typische Standardanalysen<\/h4>\n<table class=\"table analyse-table\">\n<tr>\n<td>Flammpunkt COC<\/td>\n<td>\n<b>220<\/b>  \u00b0C<\/td>\n<\/tr>\n<tr>\n<td>Viskosit\u00e4t 100 \u00b0C<\/td>\n<td>\n<b>13,90<\/b>  mm\u00b2\/s<\/td>\n<\/tr>\n<tr>\n<td>Dichte bei 15 \u00b0C<\/td>\n<td>\n<b>0,854<\/b>  kg\/l<\/td>\n<\/tr>\n<tr>\n<td>Viskosit\u00e4t 40 \u00b0C<\/td>\n<td>\n<b>88,40<\/b>  mm\u00b2\/s<\/td>\n<\/tr>\n<tr>\n<td>Sulfataschegehalt<\/td>\n<td>\n<b>0,95<\/b>  %<\/td>\n<\/tr>\n<tr>\n<td>Flie\u00dfpunkt<\/td>\n<td>\n<b>-36<\/b>  \u00b0C<\/td>\n<\/tr>\n<tr>\n<td>Basenzahl<\/td>\n<td>\n<b>10,3<\/b>  mgKOH\/g<\/td>\n<\/tr>\n<tr>\n<td>Viskosit\u00e4tsindex<\/td>\n<td>\n<b>161<\/b> <\/td>\n<\/tr>\n<tr>\n<td>Viskosit\u00e4t -30 \u00b0C<\/td>\n<td>\n<b>5740<\/b>  mPa.s<\/td>\n<\/tr>\n<\/table>\n","protected":false},"excerpt":{"rendered":"<p>Armado Synth MSP 5W-40 ist ein kraftstoffsparendes, synthetisches Motor\u00f6l h\u00f6chster Qualit\u00e4t f\u00fcr die neueste Generation von Heavy-Duty-Dieselmotoren. Dank seiner Mid-SAPS-Technologie empfiehlt sich dieses \u00d6l f\u00fcr die schadstoffarmen Euro 5 und Euro 6 Motoren, ob mit Abgasnachbehandlungssystem (Partikelfilter und\/oder SCR-Katalysator) und\/oder Abgasr\u00fcckf\u00fchrung oder nicht. Bei entsprechender Zulassung durch den Hersteller k\u00f6nnen die \u00d6lwechselintervalle verl\u00e4ngert werden.<\/p>\n","protected":false},"featured_media":335972,"comment_status":"open","ping_status":"open","template":"","meta":[],"location":[4275,4276],"product_brand":[25894,23602],"product_cat":[2187,9884],"product_tag":[],"class_list":{"0":"post-337013","1":"product","2":"type-product","3":"status-publish","4":"has-post-thumbnail","6":"location-aes-emmeloord","7":"location-aes-lemmer","8":"product_brand-kroon-oil","10":"product_cat-schmiermittel","11":"product_cat-kroon-oil","12":"product_shipping_class-palettenversand","14":"first","15":"onbackorder","16":"sale","17":"taxable","18":"shipping-taxable","19":"purchasable","20":"product-type-simple"},"group_of_quantity":0,"min_quantity":0,"max_quantity":"","exclude_order_quantity_value_rules":"no","exclude_category_quantity_rules":"no","combine_variations":"no","locations":[{"id":4275,"name":"AES Emmeloord","slug":"aes-emmeloord","quantity":""},{"id":4276,"name":"AES Lemmer","slug":"aes-lemmer","quantity":""}],"_links":{"self":[{"href":"https:\/\/ab-marineservice.com\/de\/wp-json\/wp\/v2\/product\/337013","targetHints":{"allow":["GET"]}}],"collection":[{"href":"https:\/\/ab-marineservice.com\/de\/wp-json\/wp\/v2\/product"}],"about":[{"href":"https:\/\/ab-marineservice.com\/de\/wp-json\/wp\/v2\/types\/product"}],"replies":[{"embeddable":true,"href":"https:\/\/ab-marineservice.com\/de\/wp-json\/wp\/v2\/comments?post=337013"}],"wp:featuredmedia":[{"embeddable":true,"href":"https:\/\/ab-marineservice.com\/de\/wp-json\/wp\/v2\/media\/335972"}],"wp:attachment":[{"href":"https:\/\/ab-marineservice.com\/de\/wp-json\/wp\/v2\/media?parent=337013"}],"wp:term":[{"taxonomy":"location","embeddable":true,"href":"https:\/\/ab-marineservice.com\/de\/wp-json\/wp\/v2\/location?post=337013"},{"taxonomy":"product_brand","embeddable":true,"href":"https:\/\/ab-marineservice.com\/de\/wp-json\/wp\/v2\/product_brand?post=337013"},{"taxonomy":"product_cat","embeddable":true,"href":"https:\/\/ab-marineservice.com\/de\/wp-json\/wp\/v2\/product_cat?post=337013"},{"taxonomy":"product_tag","embeddable":true,"href":"https:\/\/ab-marineservice.com\/de\/wp-json\/wp\/v2\/product_tag?post=337013"}],"curies":[{"name":"wp","href":"https:\/\/api.w.org\/{rel}","templated":true}]}}