{"id":337021,"date":"2024-11-20T14:01:42","date_gmt":"2024-11-20T13:46:13","guid":{"rendered":"https:\/\/ab-marineservice.com\/product\/sp-fluid-6036\/"},"modified":"2025-11-25T17:41:01","modified_gmt":"2025-11-25T16:41:01","slug":"sp-fluid-6036-850-ml","status":"publish","type":"product","link":"https:\/\/ab-marineservice.com\/de\/produkt\/sp-fluid-6036-850-ml\/","title":{"rendered":"SP Fluid 6036 &#8211; 850 ml"},"content":{"rendered":"<p>SP Fluid 6036 ist eine einzigartige Fl\u00fcssigkeit, die speziell f\u00fcr Haldex\/BorgWarner-Allradsysteme entwickelt wurde. Hochwertige Grund\u00f6le, kombiniert mit einem fortschrittlichen Additivpaket, verleihen dem Produkt die folgenden einzigartigen Eigenschaften:<\/p>\n<ul>\n<li>Optimale Reibungseigenschaften, speziell abgestimmt auf das Reibmaterial der Nasskupplungsscheiben<\/li>\n<li>Hervorragende \u201eAnti-Stick-Slip\u201c-Eigenschaften, die einen komfortablen und leisen Betrieb des Systems garantieren<\/li>\n<li>Ausgezeichnete \u201eScherstabilit\u00e4t&#8221;<\/li>\n<li>Extrem hoher Viskosit\u00e4tsindex, wodurch das System auch unter kalten Winterbedingungen zuverl\u00e4ssig funktioniert<\/li>\n<li>Die hervorragende Oxidationsbest\u00e4ndigkeit verhindert Ablagerungen im System und Verglasung der Reibscheiben<\/li>\n<li>Ausgezeichnete EP-Hochdruckeigenschaften<\/li>\n<\/ul>\n<h4>Produktdaten<\/h4>\n<ul>\n<li>Volvo 32240904<\/li>\n<li>VW G 060 175 \/ G 065 175<\/li>\n<\/ul>\n<h4>Typische Standardanalysen<\/h4>\n<table class=\"table analyse-table\">\n<tr>\n<td>Kalzium<\/td>\n<td>\n<b>3660<\/b>  mg\/kg<\/td>\n<\/tr>\n<tr>\n<td>Flammpunkt COC<\/td>\n<td>\n<b>212<\/b>  \u00b0C<\/td>\n<\/tr>\n<tr>\n<td>Dichte bei 15 \u00b0C<\/td>\n<td>\n<b>0,850<\/b>  kg\/l<\/td>\n<\/tr>\n<tr>\n<td>Magnesium<\/td>\n<td>\n<b>10<\/b>  mg\/kg<\/td>\n<\/tr>\n<tr>\n<td>Phosohor<\/td>\n<td>\n<b>2880<\/b>  mg\/kg<\/td>\n<\/tr>\n<tr>\n<td>Flammpunkt PM<\/td>\n<td>\n<b>167<\/b>  \u00b0C<\/td>\n<\/tr>\n<tr>\n<td>Flie\u00dfpunkt<\/td>\n<td>\n<b>-45<\/b>  \u00b0C<\/td>\n<\/tr>\n<tr>\n<td>Viskosit\u00e4t 100 \u00b0C<\/td>\n<td>\n<b>6,23<\/b>  mm\u00b2\/s<\/td>\n<\/tr>\n<tr>\n<td>Viskosit\u00e4t 40 \u00b0C<\/td>\n<td>\n<b>30,50<\/b>  mm\u00b2\/s<\/td>\n<\/tr>\n<tr>\n<td>Viskosit\u00e4tsindex<\/td>\n<td>\n<b>160<\/b> <\/td>\n<\/tr>\n<tr>\n<td>Zink<\/td>\n<td>\n<b>1430<\/b>  mg\/kg<\/td>\n<\/tr>\n<\/table>\n","protected":false},"excerpt":{"rendered":"<p>SP Fluid 6036 ist eine hochwertige hydraulische Reibungsfl\u00fcssigkeit, die speziell f\u00fcr proaktive Allradsysteme der Generation VI von BorgWarner (fr\u00fcher Haldex) entwickelt wurde, die von verschiedenen Automobilherstellern in ihren Allradmodellen eingesetzt werden. Dieses Produkt sollte an einem trockenen und gut bel\u00fcfteten Ort bei \u00fcber 15\u00b0C gelagert werden.<\/p>\n","protected":false},"featured_media":336005,"comment_status":"open","ping_status":"open","template":"","meta":[],"location":[4275,4276],"product_brand":[25894,23602],"product_cat":[2187,9884],"product_tag":[],"class_list":{"0":"post-337021","1":"product","2":"type-product","3":"status-publish","4":"has-post-thumbnail","6":"location-aes-emmeloord","7":"location-aes-lemmer","8":"product_brand-kroon-oil","10":"product_cat-schmiermittel","11":"product_cat-kroon-oil","12":"product_shipping_class-palettenversand","14":"first","15":"outofstock","16":"sale","17":"taxable","18":"shipping-taxable","19":"purchasable","20":"product-type-simple"},"group_of_quantity":0,"min_quantity":0,"max_quantity":"","exclude_order_quantity_value_rules":"no","exclude_category_quantity_rules":"no","combine_variations":"no","locations":[{"id":4275,"name":"AES Emmeloord","slug":"aes-emmeloord","quantity":""},{"id":4276,"name":"AES Lemmer","slug":"aes-lemmer","quantity":""}],"_links":{"self":[{"href":"https:\/\/ab-marineservice.com\/de\/wp-json\/wp\/v2\/product\/337021","targetHints":{"allow":["GET"]}}],"collection":[{"href":"https:\/\/ab-marineservice.com\/de\/wp-json\/wp\/v2\/product"}],"about":[{"href":"https:\/\/ab-marineservice.com\/de\/wp-json\/wp\/v2\/types\/product"}],"replies":[{"embeddable":true,"href":"https:\/\/ab-marineservice.com\/de\/wp-json\/wp\/v2\/comments?post=337021"}],"wp:featuredmedia":[{"embeddable":true,"href":"https:\/\/ab-marineservice.com\/de\/wp-json\/wp\/v2\/media\/336005"}],"wp:attachment":[{"href":"https:\/\/ab-marineservice.com\/de\/wp-json\/wp\/v2\/media?parent=337021"}],"wp:term":[{"taxonomy":"location","embeddable":true,"href":"https:\/\/ab-marineservice.com\/de\/wp-json\/wp\/v2\/location?post=337021"},{"taxonomy":"product_brand","embeddable":true,"href":"https:\/\/ab-marineservice.com\/de\/wp-json\/wp\/v2\/product_brand?post=337021"},{"taxonomy":"product_cat","embeddable":true,"href":"https:\/\/ab-marineservice.com\/de\/wp-json\/wp\/v2\/product_cat?post=337021"},{"taxonomy":"product_tag","embeddable":true,"href":"https:\/\/ab-marineservice.com\/de\/wp-json\/wp\/v2\/product_tag?post=337021"}],"curies":[{"name":"wp","href":"https:\/\/api.w.org\/{rel}","templated":true}]}}