{"id":337022,"date":"2024-11-20T14:01:42","date_gmt":"2024-11-20T13:46:13","guid":{"rendered":"https:\/\/ab-marineservice.com\/product\/emtor-sp-5600\/"},"modified":"2025-11-25T17:41:04","modified_gmt":"2025-11-25T16:41:04","slug":"emtor-sp-5600-60-liter","status":"publish","type":"product","link":"https:\/\/ab-marineservice.com\/de\/produkt\/emtor-sp-5600-60-liter\/","title":{"rendered":"Emtor SP 5600 &#8211; 60 liter"},"content":{"rendered":"<p>Emtor SP 5600 besitzt h\u00f6chstes Sp\u00fclverm\u00f6gen, um Maschinenverschmutzung wie beim Schleifen von Gusseisen, im Vergleich zu herk\u00f6mmlichen Metallbearbeitungsfl\u00fcssigkeiten deutlich zu reduzieren. Perfekt ausgewogene, moderne synthetische Additive garantieren sehr gute Zerspanungseigenschaften. Emtor SP 5600 besitzt folgende Eigenschaften:<br \/>\u2022 Frei von: Chlor, Nitrit, PCB, PCT, sekund\u00e4ren Aminen (entspricht der TRGS 611), Borverbindungen, Formaldehyd, Bioziden und Phenolen<br \/>\u2022 Sehr hohe Sp\u00fclleistung<br \/>\u2022 Gute Korrosionsbest\u00e4ndigkeit<br \/>\u2022 F\u00fcr zentralisierte Systeme wie f\u00fcr Einzelmaschinen geeignet<br \/>\u2022 Ausgezeichnetes Schaumverhalten: Ideal f\u00fcr hohe Drehzahlen und Dr\u00fccke bei mittelhartem bis hartem Wasser (5\u00b0dH &#8211; 30\u00b0dH)<br \/>\u2022 Keine Seifenbildung in hartem Wasser (5\u00b0dH &#8211; 30\u00b0dH)<\/p>\n<h4>Typische Standardanalysen<\/h4>\n<table class=\"table analyse-table\">\n<tr>\n<td>Dichte bei 15 \u00b0C<\/td>\n<td>\n<b>0,970<\/b>  kg\/l<\/td>\n<\/tr>\n<tr>\n<td>pH &#8211; Wert<\/td>\n<td>\n<b>9,7<\/b> <\/td>\n<\/tr>\n<tr>\n<td>Viskosit\u00e4t 40 \u00b0C<\/td>\n<td>\n<b>93,00<\/b>  mm\u00b2\/s<\/td>\n<\/tr>\n<\/table>\n","protected":false},"excerpt":{"rendered":"<p>Emtor SP 5600 wird unter anderem f\u00fcr die leichte bis mittlere Bearbeitung von Stahl und Aluminiumlegierungen empfohlen.<\/p>\n<p>Mischungsverh\u00e4ltnis (Refraktometerfaktor 1,4):<br \/>\u2022 Eisenbearbeitung 1:10 &#8211; 1:20<br \/>\u2022 Mittelschwere Bearbeitung 1:10 &#8211; 1:15<br \/>\u2022 Schleifen 1:20<br \/>\u2022 Schneiden 1:10<\/p>\n","protected":false},"featured_media":336009,"comment_status":"open","ping_status":"open","template":"","meta":[],"location":[4275,4276],"product_brand":[25894,23602],"product_cat":[2187,9884],"product_tag":[],"class_list":{"0":"post-337022","1":"product","2":"type-product","3":"status-publish","4":"has-post-thumbnail","6":"location-aes-emmeloord","7":"location-aes-lemmer","8":"product_brand-kroon-oil","10":"product_cat-schmiermittel","11":"product_cat-kroon-oil","12":"product_shipping_class-palettenversand","14":"first","15":"onbackorder","16":"sale","17":"taxable","18":"shipping-taxable","19":"purchasable","20":"product-type-simple"},"group_of_quantity":0,"min_quantity":0,"max_quantity":"","exclude_order_quantity_value_rules":"no","exclude_category_quantity_rules":"no","combine_variations":"no","locations":[{"id":4275,"name":"AES Emmeloord","slug":"aes-emmeloord","quantity":""},{"id":4276,"name":"AES Lemmer","slug":"aes-lemmer","quantity":""}],"_links":{"self":[{"href":"https:\/\/ab-marineservice.com\/de\/wp-json\/wp\/v2\/product\/337022","targetHints":{"allow":["GET"]}}],"collection":[{"href":"https:\/\/ab-marineservice.com\/de\/wp-json\/wp\/v2\/product"}],"about":[{"href":"https:\/\/ab-marineservice.com\/de\/wp-json\/wp\/v2\/types\/product"}],"replies":[{"embeddable":true,"href":"https:\/\/ab-marineservice.com\/de\/wp-json\/wp\/v2\/comments?post=337022"}],"wp:featuredmedia":[{"embeddable":true,"href":"https:\/\/ab-marineservice.com\/de\/wp-json\/wp\/v2\/media\/336009"}],"wp:attachment":[{"href":"https:\/\/ab-marineservice.com\/de\/wp-json\/wp\/v2\/media?parent=337022"}],"wp:term":[{"taxonomy":"location","embeddable":true,"href":"https:\/\/ab-marineservice.com\/de\/wp-json\/wp\/v2\/location?post=337022"},{"taxonomy":"product_brand","embeddable":true,"href":"https:\/\/ab-marineservice.com\/de\/wp-json\/wp\/v2\/product_brand?post=337022"},{"taxonomy":"product_cat","embeddable":true,"href":"https:\/\/ab-marineservice.com\/de\/wp-json\/wp\/v2\/product_cat?post=337022"},{"taxonomy":"product_tag","embeddable":true,"href":"https:\/\/ab-marineservice.com\/de\/wp-json\/wp\/v2\/product_tag?post=337022"}],"curies":[{"name":"wp","href":"https:\/\/api.w.org\/{rel}","templated":true}]}}