{"id":337023,"date":"2024-11-20T14:01:42","date_gmt":"2024-11-20T13:46:13","guid":{"rendered":"https:\/\/ab-marineservice.com\/product\/econogear-ls-80w-90\/"},"modified":"2026-05-04T15:16:45","modified_gmt":"2026-05-04T13:16:45","slug":"econogear-ls-80w-90-60-liter","status":"publish","type":"product","link":"https:\/\/ab-marineservice.com\/de\/produkt\/econogear-ls-80w-90-60-liter\/","title":{"rendered":"Econogear LS 80W-90 &#8211; 60 liter"},"content":{"rendered":"<p>Econogear LS 80W-90 ist ein Hypoidgetriebe\u00f6l auf Mineral\u00f6lbasis mit Spezialadditiven f\u00fcr Schlupfbegrenzung. Diese Formulierung aus mineralischen Premium-Grund\u00f6len und EP-Hochdruck- sowie Schlupfbegrenzungsadditiven sorgt f\u00fcr folgende Eigenschaften:<\/p>\n<ul>\n<li>Extrem hohe Oxidationsfestigkeit<\/li>\n<li>Hocheffektiver Schutz vor Verschlei\u00df, Korrosion und Schaumbildung<\/li>\n<li>Niedriger Flie\u00dfpunkt und hoher Viskosit\u00e4tsindex f\u00fcr gute Flie\u00dff\u00e4higkeit auch bei tiefen Temperaturen<\/li>\n<li>\u00dcberragende EP-Hochdruckeigenschaften<\/li>\n<li>Sehr gute Schlupfbegrenzungseigenschaften verhindern Quietschen und Quieken beim Einr\u00fccken der Nasskupplung.<\/li>\n<\/ul>\n<h4>Produktdaten<\/h4>\n<ul>\n<li>API GL-5 Limited Slip<\/li>\n<\/ul>\n<h4>Typische Standardanalysen<\/h4>\n<table class=\"table analyse-table\">\n<tr>\n<td>Flie\u00dfpunkt<\/td>\n<td>\n<b>-30<\/b>  \u00b0C<\/td>\n<\/tr>\n<tr>\n<td>Viskosit\u00e4t 40 \u00b0C<\/td>\n<td>\n<b>142,00<\/b>  mm\u00b2\/s<\/td>\n<\/tr>\n<tr>\n<td>Viskosit\u00e4tsindex<\/td>\n<td>\n<b>96<\/b> <\/td>\n<\/tr>\n<tr>\n<td>Flammpunkt COC<\/td>\n<td>\n<b>224<\/b>  \u00b0C<\/td>\n<\/tr>\n<tr>\n<td>Basenzahl<\/td>\n<td>\n<b>2,0<\/b>  mgKOH\/g<\/td>\n<\/tr>\n<tr>\n<td>Viskosit\u00e4t 100 \u00b0C<\/td>\n<td>\n<b>14,70<\/b>  mm\u00b2\/s<\/td>\n<\/tr>\n<tr>\n<td>Dichte bei 15 \u00b0C<\/td>\n<td>\n<b>0,895<\/b>  kg\/l<\/td>\n<\/tr>\n<\/table>\n","protected":false},"excerpt":{"rendered":"<p>Econogear LS 80W-90 ist ein mineralisches \u201eLimited Slip\u201c-Hypoidgetriebe\u00f6l. Dieses Produkt wurde speziell f\u00fcr \u201eLimited Slip\u201c- und selbstsperrende Hypoidgetriebe wie Sperrdifferenziale, Verteilergetriebe und Achsantriebe entwickelt, f\u00fcr die der Hersteller ein \u00d6l gem\u00e4\u00df API GL-5 LS vorschreibt. F\u00fcr Schwerlast-Tiefbaumaschinen, f\u00fcr die der Hersteller zus\u00e4tzlich einen Mindestphosphorgehalt von 2.000 ppm vorschreibt, empfehlen wir unser Produkt Gearlube LS 80W-90 zu verwenden.<\/p>\n","protected":false},"featured_media":336013,"comment_status":"open","ping_status":"open","template":"","meta":[],"location":[4275,4276],"product_brand":[25894,23602],"product_cat":[2187,9884],"product_tag":[],"class_list":{"0":"post-337023","1":"product","2":"type-product","3":"status-publish","4":"has-post-thumbnail","6":"location-aes-emmeloord","7":"location-aes-lemmer","8":"product_brand-kroon-oil","10":"product_cat-schmiermittel","11":"product_cat-kroon-oil","12":"product_shipping_class-palettenversand","14":"first","15":"onbackorder","16":"sale","17":"taxable","18":"shipping-taxable","19":"purchasable","20":"product-type-simple"},"group_of_quantity":0,"min_quantity":0,"max_quantity":"","exclude_order_quantity_value_rules":"no","exclude_category_quantity_rules":"no","combine_variations":"no","locations":[{"id":4275,"name":"AES Emmeloord","slug":"aes-emmeloord","quantity":""},{"id":4276,"name":"AES Lemmer","slug":"aes-lemmer","quantity":""}],"_links":{"self":[{"href":"https:\/\/ab-marineservice.com\/de\/wp-json\/wp\/v2\/product\/337023","targetHints":{"allow":["GET"]}}],"collection":[{"href":"https:\/\/ab-marineservice.com\/de\/wp-json\/wp\/v2\/product"}],"about":[{"href":"https:\/\/ab-marineservice.com\/de\/wp-json\/wp\/v2\/types\/product"}],"replies":[{"embeddable":true,"href":"https:\/\/ab-marineservice.com\/de\/wp-json\/wp\/v2\/comments?post=337023"}],"wp:featuredmedia":[{"embeddable":true,"href":"https:\/\/ab-marineservice.com\/de\/wp-json\/wp\/v2\/media\/336013"}],"wp:attachment":[{"href":"https:\/\/ab-marineservice.com\/de\/wp-json\/wp\/v2\/media?parent=337023"}],"wp:term":[{"taxonomy":"location","embeddable":true,"href":"https:\/\/ab-marineservice.com\/de\/wp-json\/wp\/v2\/location?post=337023"},{"taxonomy":"product_brand","embeddable":true,"href":"https:\/\/ab-marineservice.com\/de\/wp-json\/wp\/v2\/product_brand?post=337023"},{"taxonomy":"product_cat","embeddable":true,"href":"https:\/\/ab-marineservice.com\/de\/wp-json\/wp\/v2\/product_cat?post=337023"},{"taxonomy":"product_tag","embeddable":true,"href":"https:\/\/ab-marineservice.com\/de\/wp-json\/wp\/v2\/product_tag?post=337023"}],"curies":[{"name":"wp","href":"https:\/\/api.w.org\/{rel}","templated":true}]}}