{"id":337024,"date":"2024-11-20T14:01:42","date_gmt":"2024-11-20T13:46:13","guid":{"rendered":"https:\/\/ab-marineservice.com\/product\/compressol-as-46\/"},"modified":"2025-11-25T17:41:13","modified_gmt":"2025-11-25T16:41:13","slug":"compressol-as-46-60-liter","status":"publish","type":"product","link":"https:\/\/ab-marineservice.com\/de\/produkt\/compressol-as-46-60-liter\/","title":{"rendered":"Compressol AS 46 &#8211; 60 liter"},"content":{"rendered":"<p>Compressol AS 46 ist ein hochwertiges, vollsynthetisches Langzeit\u00f6l f\u00fcr Rotations- und Schraubenkompressoren mit \u00d6leinspritzung. Es besteht aus speziell ausgew\u00e4hlten, synthetischen PAO-Grund\u00f6len und wegweisenden Additiven f\u00fcr folgende Eigenschaften:<br \/>\u00b7         Niedriger \u00d6lverbrauch dank niedriger Fl\u00fcchtigkeit<br \/>\u00b7         Hohe Oxidationsbest\u00e4ndigkeit<br \/>\u00b7         Hervorragender Korrosionsschutz<br \/>\u00b7         Ausgezeichnete Anti-Verschlei\u00df-Eigenschaften<br \/>\u00b7         \u00dcberragende Hitzebest\u00e4ndigkeit<br \/>\u00b7         Hoher Viskosit\u00e4tsindex<br \/>\u00b7         Gute Schaumunterdr\u00fcckung<br \/>\u00b7         Geeignet f\u00fcr verl\u00e4ngerte \u00d6lwechselintervalle<br \/>\u00b7         Exzellente Wasserabscheidung<\/p>\n<h4>Produktdaten<\/h4>\n<ul>\n<li>ISO 6743-3A DAJ<\/li>\n<\/ul>\n<h4>Typische Standardanalysen<\/h4>\n<table class=\"table analyse-table\">\n<tr>\n<td>Flie\u00dfpunkt<\/td>\n<td>\n<b>-42<\/b>  \u00b0C<\/td>\n<\/tr>\n<tr>\n<td>Viskosit\u00e4t 100 \u00b0C<\/td>\n<td>\n<b>7,79<\/b>  mm\u00b2\/s<\/td>\n<\/tr>\n<tr>\n<td>Viskosit\u00e4t 40 \u00b0C<\/td>\n<td>\n<b>44,10<\/b>  mm\u00b2\/s<\/td>\n<\/tr>\n<tr>\n<td>Viskosit\u00e4tsindex<\/td>\n<td>\n<b>147<\/b> <\/td>\n<\/tr>\n<tr>\n<td>Flammpunkt COC<\/td>\n<td>\n<b>266<\/b>  \u00b0C<\/td>\n<\/tr>\n<tr>\n<td>Dichte bei 15 \u00b0C<\/td>\n<td>\n<b>0,834<\/b>  kg\/l<\/td>\n<\/tr>\n<\/table>\n","protected":false},"excerpt":{"rendered":"<p>Compressol AS 46 ist ein hochwertiges, vollsynthetisches Langzeit-Kompressor\u00f6l. Prim\u00e4r f\u00fcr ein- und zweistufige Rotations- und Schraubenkompressoren mit \u00d6leinspritzung gedacht. Das \u00d6L bietet \u00fcberragende Schmierung selbst unter h\u00e4rtesten Bedingungen bei hohen Betriebstemperaturen.<\/p>\n","protected":false},"featured_media":336017,"comment_status":"open","ping_status":"open","template":"","meta":[],"location":[4275,4276],"product_brand":[23602],"product_cat":[2187,9884],"product_tag":[],"class_list":{"0":"post-337024","1":"product","2":"type-product","3":"status-publish","4":"has-post-thumbnail","6":"location-aes-emmeloord","7":"location-aes-lemmer","8":"product_brand-kroon-oil","9":"product_cat-schmiermittel","10":"product_cat-kroon-oil","11":"product_shipping_class-paket-0-10-kg","13":"first","14":"onbackorder","15":"sale","16":"taxable","17":"shipping-taxable","18":"purchasable","19":"product-type-simple"},"group_of_quantity":0,"min_quantity":0,"max_quantity":"","exclude_order_quantity_value_rules":"no","exclude_category_quantity_rules":"no","combine_variations":"no","locations":[{"id":4275,"name":"AES Emmeloord","slug":"aes-emmeloord","quantity":""},{"id":4276,"name":"AES Lemmer","slug":"aes-lemmer","quantity":""}],"_links":{"self":[{"href":"https:\/\/ab-marineservice.com\/de\/wp-json\/wp\/v2\/product\/337024","targetHints":{"allow":["GET"]}}],"collection":[{"href":"https:\/\/ab-marineservice.com\/de\/wp-json\/wp\/v2\/product"}],"about":[{"href":"https:\/\/ab-marineservice.com\/de\/wp-json\/wp\/v2\/types\/product"}],"replies":[{"embeddable":true,"href":"https:\/\/ab-marineservice.com\/de\/wp-json\/wp\/v2\/comments?post=337024"}],"wp:featuredmedia":[{"embeddable":true,"href":"https:\/\/ab-marineservice.com\/de\/wp-json\/wp\/v2\/media\/336017"}],"wp:attachment":[{"href":"https:\/\/ab-marineservice.com\/de\/wp-json\/wp\/v2\/media?parent=337024"}],"wp:term":[{"taxonomy":"location","embeddable":true,"href":"https:\/\/ab-marineservice.com\/de\/wp-json\/wp\/v2\/location?post=337024"},{"taxonomy":"product_brand","embeddable":true,"href":"https:\/\/ab-marineservice.com\/de\/wp-json\/wp\/v2\/product_brand?post=337024"},{"taxonomy":"product_cat","embeddable":true,"href":"https:\/\/ab-marineservice.com\/de\/wp-json\/wp\/v2\/product_cat?post=337024"},{"taxonomy":"product_tag","embeddable":true,"href":"https:\/\/ab-marineservice.com\/de\/wp-json\/wp\/v2\/product_tag?post=337024"}],"curies":[{"name":"wp","href":"https:\/\/api.w.org\/{rel}","templated":true}]}}