{"id":337045,"date":"2024-11-20T14:03:30","date_gmt":"2024-11-20T13:48:01","guid":{"rendered":"https:\/\/ab-marineservice.com\/product\/atf-almirol\/"},"modified":"2025-11-25T17:39:49","modified_gmt":"2025-11-25T16:39:49","slug":"atf-almirol-1-liter","status":"publish","type":"product","link":"https:\/\/ab-marineservice.com\/de\/produkt\/atf-almirol-1-liter\/","title":{"rendered":"ATF Almirol &#8211; 1 liter"},"content":{"rendered":"<p>ATF Almirol ist ein Premium-Getriebe\u00f6l f\u00fcr die neueste Generation von Automatikgetrieben. Dank der Kombination aus Premium-Grund\u00f6len und einer optimierten Mischung aus synthetischen Additiven bietet dieses Produkt folgende Eigenschaften:<\/p>\n<ul>\n<li>Extrem niedrige Viskosit\u00e4t bei niedrigen Temperaturen<\/li>\n<li>Hoher und sehr stabiler Viskosit\u00e4tsindex<\/li>\n<li>Sehr niedriger Flie\u00dfpunkt<\/li>\n<li>Hervorragende Oxidationsstabilit\u00e4t bei hohen Temperaturen<\/li>\n<li>Wirkungsvoller Schutz vor Verschlei\u00df, Korrosion und Schaumbildung<\/li>\n<li>Spezifische Reibeigenschaften<\/li>\n<li>Greift Dichtungen und Buntmetalle nicht an.<\/li>\n<\/ul>\n<h4>Produktdaten<\/h4>\n<ul>\n<li>Allison C4 \/ TES-389<\/li>\n<li>Cat TO-2<\/li>\n<li>DTFR 13C100 \/ 13C140 \/ 13C170 \/ 38B100<\/li>\n<li>Ford Mercon \/ M2C138-CJ \/ 166-H<\/li>\n<li>GM Dexron IID \/ IIE \/ IIIF \/ IIIG \/ IIIH \/ TASA<\/li>\n<li>MAN 339 Typ Z1 \/ V1 \/ Z2<\/li>\n<li>MB 236.1 \/ 236.3 \/ 236.5 \/ 236.6<\/li>\n<li>MB 236.7 \/ 236.9 \/ 236.10 \/ 236.93<\/li>\n<li>Voith 55.6335 (G607)<\/li>\n<li>Volvo 97340 \/ 97341 (AT101)<\/li>\n<li>ZF TE-ML 02F\/03D\/04D\/09\/11A\/11B\/14A\/14B\/16L\/17C<\/li>\n<li>Ford ESD-M2C-186A<\/li>\n<\/ul>\n<h4>Typische Standardanalysen<\/h4>\n<table class=\"table analyse-table\">\n<tr>\n<td>Dichte bei 15 \u00b0C<\/td>\n<td>\n<b>0,848<\/b>  kg\/l<\/td>\n<\/tr>\n<tr>\n<td>Flie\u00dfpunkt<\/td>\n<td>\n<b>-48<\/b>  \u00b0C<\/td>\n<\/tr>\n<tr>\n<td>Flammpunkt COC<\/td>\n<td>\n<b>226<\/b>  \u00b0C<\/td>\n<\/tr>\n<tr>\n<td>Viskosit\u00e4t 100 \u00b0C<\/td>\n<td>\n<b>7,30<\/b>  mm\u00b2\/s<\/td>\n<\/tr>\n<tr>\n<td>Viskosit\u00e4t 40 \u00b0C<\/td>\n<td>\n<b>36,00<\/b>  mm\u00b2\/s<\/td>\n<\/tr>\n<tr>\n<td>Viskosit\u00e4tsindex<\/td>\n<td>\n<b>175<\/b> <\/td>\n<\/tr>\n<tr>\n<td>Basenzahl<\/td>\n<td>\n<b>0,9<\/b>  mgKOH\/g<\/td>\n<\/tr>\n<\/table>\n","protected":false},"excerpt":{"rendered":"<p>ATF Almirol wird in Automatikgetrieben, Servolenkungen, Drehmomentwandlern und anderen Anwendungen eingesetzt, f\u00fcr die General Motors und andere Hersteller Getriebefl\u00fcssigkeiten vom Typ ATF Dexron III-H vorschreiben. F\u00fcr korrekte Anwendung siehe Produktspezifikationen auf der Produktseite.<\/p>\n","protected":false},"featured_media":336084,"comment_status":"open","ping_status":"open","template":"","meta":[],"location":[4275,4276],"product_brand":[23602],"product_cat":[2187,9884],"product_tag":[],"class_list":{"0":"post-337045","1":"product","2":"type-product","3":"status-publish","4":"has-post-thumbnail","6":"location-aes-emmeloord","7":"location-aes-lemmer","8":"product_brand-kroon-oil","9":"product_cat-schmiermittel","10":"product_cat-kroon-oil","11":"product_shipping_class-paket-0-10-kg","13":"first","14":"instock","15":"sale","16":"taxable","17":"shipping-taxable","18":"purchasable","19":"product-type-simple"},"group_of_quantity":0,"min_quantity":0,"max_quantity":"","exclude_order_quantity_value_rules":"no","exclude_category_quantity_rules":"no","combine_variations":"no","locations":[{"id":4275,"name":"AES Emmeloord","slug":"aes-emmeloord","quantity":""},{"id":4276,"name":"AES Lemmer","slug":"aes-lemmer","quantity":""}],"_links":{"self":[{"href":"https:\/\/ab-marineservice.com\/de\/wp-json\/wp\/v2\/product\/337045","targetHints":{"allow":["GET"]}}],"collection":[{"href":"https:\/\/ab-marineservice.com\/de\/wp-json\/wp\/v2\/product"}],"about":[{"href":"https:\/\/ab-marineservice.com\/de\/wp-json\/wp\/v2\/types\/product"}],"replies":[{"embeddable":true,"href":"https:\/\/ab-marineservice.com\/de\/wp-json\/wp\/v2\/comments?post=337045"}],"wp:featuredmedia":[{"embeddable":true,"href":"https:\/\/ab-marineservice.com\/de\/wp-json\/wp\/v2\/media\/336084"}],"wp:attachment":[{"href":"https:\/\/ab-marineservice.com\/de\/wp-json\/wp\/v2\/media?parent=337045"}],"wp:term":[{"taxonomy":"location","embeddable":true,"href":"https:\/\/ab-marineservice.com\/de\/wp-json\/wp\/v2\/location?post=337045"},{"taxonomy":"product_brand","embeddable":true,"href":"https:\/\/ab-marineservice.com\/de\/wp-json\/wp\/v2\/product_brand?post=337045"},{"taxonomy":"product_cat","embeddable":true,"href":"https:\/\/ab-marineservice.com\/de\/wp-json\/wp\/v2\/product_cat?post=337045"},{"taxonomy":"product_tag","embeddable":true,"href":"https:\/\/ab-marineservice.com\/de\/wp-json\/wp\/v2\/product_tag?post=337045"}],"curies":[{"name":"wp","href":"https:\/\/api.w.org\/{rel}","templated":true}]}}