{"id":337060,"date":"2024-11-20T14:04:22","date_gmt":"2024-11-20T13:48:59","guid":{"rendered":"https:\/\/ab-marineservice.com\/product\/tornado\/"},"modified":"2025-11-25T17:39:01","modified_gmt":"2025-11-25T16:39:01","slug":"tornado-1-liter","status":"publish","type":"product","link":"https:\/\/ab-marineservice.com\/de\/produkt\/tornado-1-liter\/","title":{"rendered":"Tornado &#8211; 1 liter"},"content":{"rendered":"<p>Tornado ist ein vollsynthethisches Zweitakt-Motor\u00f6l f\u00fcr Benzin. Durch exklusive Zweitaktadditive wartet das Produkt mit folgenden Eigenschaften auf:<\/p>\n<ul>\n<li>Hervorragende Schmierung aller Motorteile dank starkem Adh\u00e4sionsverm\u00f6gen. Reduziert Verschlei\u00df und verl\u00e4ngert Lebensdauer des Motors.<\/li>\n<li>Starke Reinigungswirkung, wodurch Kompressionskammer und Ausl\u00e4sse auch bei hohen Betriebstemperaturen frei von Ablagerungen bleiben.<\/li>\n<li>Fast vollst\u00e4ndige Verbrennung gew\u00e4hrleistet saubere Z\u00fcndkerzen und eine konstant hohe Motorleistung.<\/li>\n<li>Hervorragender Schutz vor Korrosion und Verschlei\u00df<\/li>\n<li>Verminderte Rauch- und Geruchsentwicklung<\/li>\n<li>Kann mit bleifreiem Benzin vermischt werden.<\/li>\n<\/ul>\n<h4>Produktdaten<\/h4>\n<ul>\n<li>API TC<\/li>\n<li>JASO FD<\/li>\n<li>Husqvarna<\/li>\n<li>ISO-L-EGD<\/li>\n<li>Piaggio Hexagon<\/li>\n<\/ul>\n<h4>Typische Standardanalysen<\/h4>\n<table class=\"table analyse-table\">\n<tr>\n<td>Viskosit\u00e4t 100 \u00b0C<\/td>\n<td>\n<b>11,00<\/b>  mm\u00b2\/s<\/td>\n<\/tr>\n<tr>\n<td>Sulfataschegehalt<\/td>\n<td>\n<b>0,12<\/b>  %<\/td>\n<\/tr>\n<tr>\n<td>Basenzahl<\/td>\n<td>\n<b>2,9<\/b>  mgKOH\/g<\/td>\n<\/tr>\n<tr>\n<td>Viskosit\u00e4t 40 \u00b0C<\/td>\n<td>\n<b>70,50<\/b>  mm\u00b2\/s<\/td>\n<\/tr>\n<tr>\n<td>Viskosit\u00e4tsindex<\/td>\n<td>\n<b>147<\/b> <\/td>\n<\/tr>\n<tr>\n<td>Dichte bei 15 \u00b0C<\/td>\n<td>\n<b>0,878<\/b>  kg\/l<\/td>\n<\/tr>\n<tr>\n<td>Flammpunkt PM<\/td>\n<td>\n<b>78<\/b>  \u00b0C<\/td>\n<\/tr>\n<tr>\n<td>Flie\u00dfpunkt<\/td>\n<td>\n<b>-45<\/b>  \u00b0C<\/td>\n<\/tr>\n<\/table>\n","protected":false},"excerpt":{"rendered":"<p>Tornado dient zur Schmierung luftgek\u00fchlter Zweitaktmotoren mit hohen Drehzahlen, die in Mopeds, Motorr\u00e4dern, Motorrollern, Kettens\u00e4gen, Rasenm\u00e4hern usw. verbaut werden. Auch f\u00fcr Zweitakt-Motoren mit Wasserk\u00fchlung und K\u00fchler geeignet. Tornado wird oft in einem Verh\u00e4ltnis von 1 Teil \u00d6l auf 50 Teile Kraftstoff bzw. nach Vorgabe des Motorherstellers vermischt. Tornado Snow ist ein vollsynthetisches, selbstmischendes Motor\u00f6l, das auch in automatischen Schmiersystemen verwendet werden kann.<\/p>\n","protected":false},"featured_media":336144,"comment_status":"open","ping_status":"open","template":"","meta":[],"location":[4275,4276],"product_brand":[23602],"product_cat":[2187,9884],"product_tag":[],"class_list":{"0":"post-337060","1":"product","2":"type-product","3":"status-publish","4":"has-post-thumbnail","6":"location-aes-emmeloord","7":"location-aes-lemmer","8":"product_brand-kroon-oil","9":"product_cat-schmiermittel","10":"product_cat-kroon-oil","11":"product_shipping_class-paket-0-10-kg","13":"first","14":"instock","15":"sale","16":"taxable","17":"shipping-taxable","18":"purchasable","19":"product-type-simple"},"group_of_quantity":0,"min_quantity":0,"max_quantity":"","exclude_order_quantity_value_rules":"no","exclude_category_quantity_rules":"no","combine_variations":"no","locations":[{"id":4275,"name":"AES Emmeloord","slug":"aes-emmeloord","quantity":""},{"id":4276,"name":"AES Lemmer","slug":"aes-lemmer","quantity":""}],"_links":{"self":[{"href":"https:\/\/ab-marineservice.com\/de\/wp-json\/wp\/v2\/product\/337060","targetHints":{"allow":["GET"]}}],"collection":[{"href":"https:\/\/ab-marineservice.com\/de\/wp-json\/wp\/v2\/product"}],"about":[{"href":"https:\/\/ab-marineservice.com\/de\/wp-json\/wp\/v2\/types\/product"}],"replies":[{"embeddable":true,"href":"https:\/\/ab-marineservice.com\/de\/wp-json\/wp\/v2\/comments?post=337060"}],"wp:featuredmedia":[{"embeddable":true,"href":"https:\/\/ab-marineservice.com\/de\/wp-json\/wp\/v2\/media\/336144"}],"wp:attachment":[{"href":"https:\/\/ab-marineservice.com\/de\/wp-json\/wp\/v2\/media?parent=337060"}],"wp:term":[{"taxonomy":"location","embeddable":true,"href":"https:\/\/ab-marineservice.com\/de\/wp-json\/wp\/v2\/location?post=337060"},{"taxonomy":"product_brand","embeddable":true,"href":"https:\/\/ab-marineservice.com\/de\/wp-json\/wp\/v2\/product_brand?post=337060"},{"taxonomy":"product_cat","embeddable":true,"href":"https:\/\/ab-marineservice.com\/de\/wp-json\/wp\/v2\/product_cat?post=337060"},{"taxonomy":"product_tag","embeddable":true,"href":"https:\/\/ab-marineservice.com\/de\/wp-json\/wp\/v2\/product_tag?post=337060"}],"curies":[{"name":"wp","href":"https:\/\/api.w.org\/{rel}","templated":true}]}}