{"id":337061,"date":"2024-11-20T14:04:22","date_gmt":"2024-11-20T13:48:59","guid":{"rendered":"https:\/\/ab-marineservice.com\/product\/helar-0w-40\/"},"modified":"2025-11-25T17:39:05","modified_gmt":"2025-11-25T16:39:05","slug":"helar-0w-40-1-liter","status":"publish","type":"product","link":"https:\/\/ab-marineservice.com\/de\/produkt\/helar-0w-40-1-liter\/","title":{"rendered":"Helar 0W-40 &#8211; 1 liter"},"content":{"rendered":"<p>Helar 0W-40 ist ein hochmodernes, synthetisches Motor\u00f6l der Spitzenklasse. Dank seiner sehr niedrigen Viskosit\u00e4t und wegweisenden Additive setzt Helar 0W-40 mit folgenden Eigenschaften neue Ma\u00dfst\u00e4be f\u00fcr Motor\u00f6le:<\/p>\n<ul>\n<li>Kraftstoffeinsparung bis zu 4% und extrem niedriger \u00d6lverbrauch:  Kosteneinsparung und weniger Risiko von \u00d6lmangel<\/li>\n<li>Zuverl\u00e4ssige Kaltstarts<\/li>\n<li>Starker Schmierfilm selbst unter schwersten Betriebsbedingungen: technische Zuverl\u00e4ssigkeit auf h\u00f6chstem Niveau<\/li>\n<li>Starke Reinigungswirkung und volle Kompatibilit\u00e4t mit Katalysatoren: f\u00fcr Begrenzung des Schadstoffaussto\u00dfes<\/li>\n<li>Sch\u00fctzt Motor effektiv vor Verschlei\u00df:  deutlich verl\u00e4ngerte Lebensdauer von sich bewegenden Komponenten<\/li>\n<li>F\u00fcr die verl\u00e4ngerten \u00d6lwechselintervalle der heutigen Zeit: Sicherheitsreserve<\/li>\n<\/ul>\n<h4>Produktdaten<\/h4>\n<ul>\n<li>ACEA A3\/B4<\/li>\n<li>API SN\/CF<\/li>\n<li>BMW Longlife-01<\/li>\n<li>Ford WSS-M2C937-A<\/li>\n<li>MB 229.3 \/ 229.5<\/li>\n<li>Porsche A40<\/li>\n<li>Renault RN0700\/RN0710<\/li>\n<li>VW 502.00\/505.00<\/li>\n<\/ul>\n<h4>Typische Standardanalysen<\/h4>\n<table class=\"table analyse-table\">\n<tr>\n<td>Flie\u00dfpunkt<\/td>\n<td>\n<b>-48<\/b>  \u00b0C<\/td>\n<\/tr>\n<tr>\n<td>Sulfataschegehalt<\/td>\n<td>\n<b>1,09<\/b>  %<\/td>\n<\/tr>\n<tr>\n<td>Flammpunkt COC<\/td>\n<td>\n<b>226<\/b>  \u00b0C<\/td>\n<\/tr>\n<tr>\n<td>Viskosit\u00e4t 100 \u00b0C<\/td>\n<td>\n<b>13,40<\/b>  mm\u00b2\/s<\/td>\n<\/tr>\n<tr>\n<td>Viskosit\u00e4t 40 \u00b0C<\/td>\n<td>\n<b>76,90<\/b>  mm\u00b2\/s<\/td>\n<\/tr>\n<tr>\n<td>Basenzahl<\/td>\n<td>\n<b>10,3<\/b>  mgKOH\/g<\/td>\n<\/tr>\n<tr>\n<td>Viskosit\u00e4t -35 \u00b0C<\/td>\n<td>\n<b>5900<\/b>  mPa.s<\/td>\n<\/tr>\n<tr>\n<td>Viskosit\u00e4tsindex<\/td>\n<td>\n<b>180<\/b> <\/td>\n<\/tr>\n<tr>\n<td>Dichte bei 15 \u00b0C<\/td>\n<td>\n<b>0,845<\/b>  kg\/l<\/td>\n<\/tr>\n<\/table>\n","protected":false},"excerpt":{"rendered":"<p>Helar 0W-40 ist ein universelles Synthetik-Motor\u00f6l f\u00fcr alle (Turbo) Benzin- und (Turbo) Dieselmotoren (mit direkter oder indirekter Einspritzung). Helar 0W-40 ist f\u00fcr Pkw und Vans geeignet, bei denen die im Produktblatt angegebenen Spezifikationen vorgeschrieben sind.<\/p>\n","protected":false},"featured_media":336148,"comment_status":"open","ping_status":"open","template":"","meta":[],"location":[4275,4276],"product_brand":[23602],"product_cat":[2187,9884],"product_tag":[],"class_list":{"0":"post-337061","1":"product","2":"type-product","3":"status-publish","4":"has-post-thumbnail","6":"location-aes-emmeloord","7":"location-aes-lemmer","8":"product_brand-kroon-oil","9":"product_cat-schmiermittel","10":"product_cat-kroon-oil","11":"product_shipping_class-paket-0-10-kg","13":"first","14":"instock","15":"sale","16":"taxable","17":"shipping-taxable","18":"purchasable","19":"product-type-simple"},"group_of_quantity":0,"min_quantity":0,"max_quantity":"","exclude_order_quantity_value_rules":"no","exclude_category_quantity_rules":"no","combine_variations":"no","locations":[{"id":4275,"name":"AES Emmeloord","slug":"aes-emmeloord","quantity":""},{"id":4276,"name":"AES Lemmer","slug":"aes-lemmer","quantity":""}],"_links":{"self":[{"href":"https:\/\/ab-marineservice.com\/de\/wp-json\/wp\/v2\/product\/337061","targetHints":{"allow":["GET"]}}],"collection":[{"href":"https:\/\/ab-marineservice.com\/de\/wp-json\/wp\/v2\/product"}],"about":[{"href":"https:\/\/ab-marineservice.com\/de\/wp-json\/wp\/v2\/types\/product"}],"replies":[{"embeddable":true,"href":"https:\/\/ab-marineservice.com\/de\/wp-json\/wp\/v2\/comments?post=337061"}],"wp:featuredmedia":[{"embeddable":true,"href":"https:\/\/ab-marineservice.com\/de\/wp-json\/wp\/v2\/media\/336148"}],"wp:attachment":[{"href":"https:\/\/ab-marineservice.com\/de\/wp-json\/wp\/v2\/media?parent=337061"}],"wp:term":[{"taxonomy":"location","embeddable":true,"href":"https:\/\/ab-marineservice.com\/de\/wp-json\/wp\/v2\/location?post=337061"},{"taxonomy":"product_brand","embeddable":true,"href":"https:\/\/ab-marineservice.com\/de\/wp-json\/wp\/v2\/product_brand?post=337061"},{"taxonomy":"product_cat","embeddable":true,"href":"https:\/\/ab-marineservice.com\/de\/wp-json\/wp\/v2\/product_cat?post=337061"},{"taxonomy":"product_tag","embeddable":true,"href":"https:\/\/ab-marineservice.com\/de\/wp-json\/wp\/v2\/product_tag?post=337061"}],"curies":[{"name":"wp","href":"https:\/\/api.w.org\/{rel}","templated":true}]}}