{"id":337063,"date":"2024-11-20T14:05:26","date_gmt":"2024-11-20T13:49:51","guid":{"rendered":"https:\/\/ab-marineservice.com\/product\/sp-gear-1011\/"},"modified":"2025-11-25T17:38:24","modified_gmt":"2025-11-25T16:38:24","slug":"sp-gear-1011-1-liter","status":"publish","type":"product","link":"https:\/\/ab-marineservice.com\/de\/produkt\/sp-gear-1011-1-liter\/","title":{"rendered":"SP Gear 1011 &#8211; 1 liter"},"content":{"rendered":"<p>SP Gear 1011 ist ein modernes, vollsynthetisches Getriebe\u00f6l gem\u00e4\u00df 75W-90. Seine sorgf\u00e4ltig ausgew\u00e4hlten synthetischen Grund\u00f6le mit niedriger Viskosit\u00e4t und Spezialadditive sorgen f\u00fcr folgende Eigenschaften:<\/p>\n<ul>\n<li>Effiziente Gangwechsel bei niedrigen wie hohen Umgebungstemperaturen<\/li>\n<li>Gew\u00e4hrleistet Kraftstoffeinsparung: bis zu 2%, kostensparend<\/li>\n<li>Eignet sich f\u00fcr den gesamten Antriebsstrang: Total Drive Line Oil bedeutet, dass weniger Einzelprodukte erforderlich sind.<\/li>\n<li>Zuverl\u00e4ssiger Schmierfilm auch unter extremsten Betriebsbedingungen f\u00fcr zus\u00e4tzliche Sicherheit<\/li>\n<li>Effektiver Verschlei\u00dfschutz f\u00fcr Zahnr\u00e4der und Lager, wodurch sich deren Lebensdauer verl\u00e4ngert.<\/li>\n<li>Auf die verl\u00e4ngerten \u00d6lwechselintervalle der heutigen Zeit ausgelegt<\/li>\n<li>Greift Dichtungen nicht an: Verhindert Leckage.<\/li>\n<\/ul>\n<h4>Produktdaten<\/h4>\n<ul>\n<li>API GL-3 \/ GL-4 \/ GL-5 \/ MT-1<\/li>\n<li>MIL-L-2105D \/ MIL-PRF-2105E, SAE J2360<\/li>\n<li>MAN 341 Typ Z2 \/ 342 Typ S1<\/li>\n<li>DTFR 12B140 (235.8)<\/li>\n<li>Scania STO 1:1 G \/ 2:0 A FS<\/li>\n<li>ZF TE-ML 02B \/ 05A \/ 12L \/ 12N<\/li>\n<li>ZF TE-ML 16F \/ 17B \/ 19C \/ 21A<\/li>\n<li>Arvin Meritor 076-N<\/li>\n<li>DAF, Iveco<\/li>\n<li>Mack GO-J<\/li>\n<li>MAN 3343 Typ S \/ 341 Typ E3 \/ 341 Typ GA1<\/li>\n<li>MB 235.8 \/ 235.9<\/li>\n<li>Scania STO 1:0<\/li>\n<li>Volvo 97312<\/li>\n<li>Ford WSD-M2C-200B\/C<\/li>\n<li>ZF TE-ML 07A \/ 12B \/ 16B<\/li>\n<\/ul>\n<h4>Typische Standardanalysen<\/h4>\n<table class=\"table analyse-table\">\n<tr>\n<td>Flammpunkt COC<\/td>\n<td>\n<b>202<\/b>  \u00b0C<\/td>\n<\/tr>\n<tr>\n<td>Dichte bei 15 \u00b0C<\/td>\n<td>\n<b>0,871<\/b>  kg\/l<\/td>\n<\/tr>\n<tr>\n<td>Flie\u00dfpunkt<\/td>\n<td>\n<b>-48<\/b>  \u00b0C<\/td>\n<\/tr>\n<tr>\n<td>Basenzahl<\/td>\n<td>\n<b>2,1<\/b>  mgKOH\/g<\/td>\n<\/tr>\n<tr>\n<td>Viskosit\u00e4t 100 \u00b0C<\/td>\n<td>\n<b>15,40<\/b>  mm\u00b2\/s<\/td>\n<\/tr>\n<tr>\n<td>Viskosit\u00e4tsindex<\/td>\n<td>\n<b>161<\/b> <\/td>\n<\/tr>\n<tr>\n<td>Viskosit\u00e4t 40 \u00b0C<\/td>\n<td>\n<b>101,00<\/b>  mm\u00b2\/s<\/td>\n<\/tr>\n<\/table>\n","protected":false},"excerpt":{"rendered":"<p>SP Gear 1011 ist ein kraftstoffsparendes, vollsynthetisches Getriebe\u00f6l f\u00fcr den gesamten Antriebsstrang, das h\u00f6chste Qualit\u00e4tsanforderungen erf\u00fcllt (API: GL5+). Aufgrund seiner Auslegung eignet sich das Produkt f\u00fcr die meisten Hochlast-Schalt-, Verteiler- und Achsgetriebe. Zur korrekten Anwendung siehe Kroon-Oil Datenbank \u201eProduktberatung\u201c.<\/p>\n","protected":false},"featured_media":336156,"comment_status":"open","ping_status":"open","template":"","meta":[],"location":[4275,4276],"product_brand":[23602],"product_cat":[2187,9884],"product_tag":[],"class_list":{"0":"post-337063","1":"product","2":"type-product","3":"status-publish","4":"has-post-thumbnail","6":"location-aes-emmeloord","7":"location-aes-lemmer","8":"product_brand-kroon-oil","9":"product_cat-schmiermittel","10":"product_cat-kroon-oil","11":"product_shipping_class-paket-0-10-kg","13":"first","14":"instock","15":"sale","16":"taxable","17":"shipping-taxable","18":"purchasable","19":"product-type-simple"},"group_of_quantity":0,"min_quantity":0,"max_quantity":"","exclude_order_quantity_value_rules":"no","exclude_category_quantity_rules":"no","combine_variations":"no","locations":[{"id":4275,"name":"AES Emmeloord","slug":"aes-emmeloord","quantity":""},{"id":4276,"name":"AES Lemmer","slug":"aes-lemmer","quantity":""}],"_links":{"self":[{"href":"https:\/\/ab-marineservice.com\/de\/wp-json\/wp\/v2\/product\/337063","targetHints":{"allow":["GET"]}}],"collection":[{"href":"https:\/\/ab-marineservice.com\/de\/wp-json\/wp\/v2\/product"}],"about":[{"href":"https:\/\/ab-marineservice.com\/de\/wp-json\/wp\/v2\/types\/product"}],"replies":[{"embeddable":true,"href":"https:\/\/ab-marineservice.com\/de\/wp-json\/wp\/v2\/comments?post=337063"}],"wp:featuredmedia":[{"embeddable":true,"href":"https:\/\/ab-marineservice.com\/de\/wp-json\/wp\/v2\/media\/336156"}],"wp:attachment":[{"href":"https:\/\/ab-marineservice.com\/de\/wp-json\/wp\/v2\/media?parent=337063"}],"wp:term":[{"taxonomy":"location","embeddable":true,"href":"https:\/\/ab-marineservice.com\/de\/wp-json\/wp\/v2\/location?post=337063"},{"taxonomy":"product_brand","embeddable":true,"href":"https:\/\/ab-marineservice.com\/de\/wp-json\/wp\/v2\/product_brand?post=337063"},{"taxonomy":"product_cat","embeddable":true,"href":"https:\/\/ab-marineservice.com\/de\/wp-json\/wp\/v2\/product_cat?post=337063"},{"taxonomy":"product_tag","embeddable":true,"href":"https:\/\/ab-marineservice.com\/de\/wp-json\/wp\/v2\/product_tag?post=337063"}],"curies":[{"name":"wp","href":"https:\/\/api.w.org\/{rel}","templated":true}]}}