{"id":337080,"date":"2024-11-20T14:06:19","date_gmt":"2024-11-20T13:50:42","guid":{"rendered":"https:\/\/ab-marineservice.com\/product\/coolant-sp-12\/"},"modified":"2026-05-04T15:22:18","modified_gmt":"2026-05-04T13:22:18","slug":"coolant-sp-12-1-liter","status":"publish","type":"product","link":"https:\/\/ab-marineservice.com\/de\/produkt\/coolant-sp-12-1-liter\/","title":{"rendered":"Coolant SP 12 &#8211; 1 liter"},"content":{"rendered":"<p>Coolant SP 12 ist ein gebrauchsfertiges, hochwertiges Langzeit-K\u00fchlmittel (Frostschutz bis -38 \u00b0C), das auf einer patentierten, silikatfreien Technologie mit Carboxyls\u00e4uren basiert. Aufgrund dieser Technologie gew\u00e4hrleistet Coolant SP 12 einen l\u00e4nger wirksamen Korrosionsschutz als herk\u00f6mmliche Frostschutzmittel, wodurch empfindliche Teile wie K\u00fchler, Wasserpumpe und Dichtungen eine l\u00e4ngere Lebensdauer bieten. <br \/>Wirkungsvolle Korrosionsinhibitoren verhindern zudem Schlamm und Ablagerungen im K\u00fchler, wodurch eine optimale K\u00fchlleistung \u00fcber lange Zeit gesichert ist. Coolant SP 12 wurde speziell f\u00fcr K\u00fchlsysteme aus Leichtmetall wie Aluminium, Magnesium bzw. deren Legierungen entwickelt.<\/p>\n<h4>Produktdaten<\/h4>\n<ul>\n<li>ASTM D3306 \/ D4985 \/ D6210<\/li>\n<li>Chrysler MS 9176<\/li>\n<li>Cummins 85T8-2<\/li>\n<li>DAF 74002<\/li>\n<li>Detroit Diesel<\/li>\n<li>DTFR 29D110<\/li>\n<li>Ford WSS-M97B44-D<\/li>\n<li>GM 6277M<\/li>\n<li>John Deere H 24 B1 &amp; C1<\/li>\n<li>Mack 014GS 17004<\/li>\n<li>MAN 324 Typ SNF<\/li>\n<li>MB 326.3<\/li>\n<li>Leyland Trucks LTS 22 AF 10<\/li>\n<li>Renault 41-01-001\/&#8211;S Type D<\/li>\n<li>Volkswagen VW TL 774-F (G12 Plus)<\/li>\n<li>Volvo VCS<\/li>\n<\/ul>\n<h4>Typische Standardanalysen<\/h4>\n<table class=\"table analyse-table\">\n<tr>\n<td>Kristallisationspunkt<\/td>\n<td>\n<b>-38<\/b>  \u00b0C<\/td>\n<\/tr>\n<tr>\n<td>pH &#8211; Wert<\/td>\n<td>\n<b>8,5<\/b> <\/td>\n<\/tr>\n<tr>\n<td>Dichte bei 15 \u00b0C<\/td>\n<td>\n<b>1,073<\/b>  kg\/l<\/td>\n<\/tr>\n<\/table>\n","protected":false},"excerpt":{"rendered":"<p>Coolant SP 12 ist eine purpurfarbene, gebrauchsfertige K\u00fchlfl\u00fcssigkeit f\u00fcr K\u00fchlsysteme aus Aluminium oder Kupfer- bzw. Aluminiumlegierungen. Coolant SP 12 kann auch problemlos in herk\u00f6mmlichen K\u00fchlsystemen mit Gusseisenkomponenten verwendet werden. Dank wirkungsvoller Korrosionshemmer altert Coolant SP 12 praktisch nicht und h\u00e4lt daher deutlich l\u00e4nger als herk\u00f6mmliche K\u00fchlmittel. Die beste Wirkung wird jedoch nur bei einer 100%-F\u00fcllung erzielt.<\/p>\n","protected":false},"featured_media":336226,"comment_status":"open","ping_status":"open","template":"","meta":[],"location":[4275,4276],"product_brand":[25894,23602],"product_cat":[2187,9884],"product_tag":[],"class_list":{"0":"post-337080","1":"product","2":"type-product","3":"status-publish","4":"has-post-thumbnail","6":"location-aes-emmeloord","7":"location-aes-lemmer","8":"product_brand-kroon-oil","10":"product_cat-schmiermittel","11":"product_cat-kroon-oil","12":"product_shipping_class-paket-0-10-kg","14":"first","15":"outofstock","16":"sale","17":"taxable","18":"shipping-taxable","19":"purchasable","20":"product-type-simple"},"group_of_quantity":0,"min_quantity":0,"max_quantity":"","exclude_order_quantity_value_rules":"no","exclude_category_quantity_rules":"no","combine_variations":"no","locations":[{"id":4275,"name":"AES Emmeloord","slug":"aes-emmeloord","quantity":""},{"id":4276,"name":"AES Lemmer","slug":"aes-lemmer","quantity":""}],"_links":{"self":[{"href":"https:\/\/ab-marineservice.com\/de\/wp-json\/wp\/v2\/product\/337080","targetHints":{"allow":["GET"]}}],"collection":[{"href":"https:\/\/ab-marineservice.com\/de\/wp-json\/wp\/v2\/product"}],"about":[{"href":"https:\/\/ab-marineservice.com\/de\/wp-json\/wp\/v2\/types\/product"}],"replies":[{"embeddable":true,"href":"https:\/\/ab-marineservice.com\/de\/wp-json\/wp\/v2\/comments?post=337080"}],"wp:featuredmedia":[{"embeddable":true,"href":"https:\/\/ab-marineservice.com\/de\/wp-json\/wp\/v2\/media\/336226"}],"wp:attachment":[{"href":"https:\/\/ab-marineservice.com\/de\/wp-json\/wp\/v2\/media?parent=337080"}],"wp:term":[{"taxonomy":"location","embeddable":true,"href":"https:\/\/ab-marineservice.com\/de\/wp-json\/wp\/v2\/location?post=337080"},{"taxonomy":"product_brand","embeddable":true,"href":"https:\/\/ab-marineservice.com\/de\/wp-json\/wp\/v2\/product_brand?post=337080"},{"taxonomy":"product_cat","embeddable":true,"href":"https:\/\/ab-marineservice.com\/de\/wp-json\/wp\/v2\/product_cat?post=337080"},{"taxonomy":"product_tag","embeddable":true,"href":"https:\/\/ab-marineservice.com\/de\/wp-json\/wp\/v2\/product_tag?post=337080"}],"curies":[{"name":"wp","href":"https:\/\/api.w.org\/{rel}","templated":true}]}}