{"id":337081,"date":"2024-11-20T14:06:19","date_gmt":"2024-11-20T13:50:42","guid":{"rendered":"https:\/\/ab-marineservice.com\/product\/welding-fluid\/"},"modified":"2026-05-04T15:22:20","modified_gmt":"2026-05-04T13:22:20","slug":"welding-fluid-5-liter","status":"publish","type":"product","link":"https:\/\/ab-marineservice.com\/de\/produkt\/welding-fluid-5-liter\/","title":{"rendered":"Welding Fluid &#8211; 5 liter"},"content":{"rendered":"<p>Welding Fluid ist ein Spezialk\u00fchlmittel f\u00fcr den Einsatz in fl\u00fcssigkeitsgek\u00fchlten Schwei\u00dfger\u00e4ten. Dieses Produkt basiert auf 1.2-Ethanediol und besonders weichem Wasser. Dank seiner sorgf\u00e4ltig ausgewogenen Additive bietet es folgende Eigenschaften:<\/p>\n<ul>\n<li>Greift Dichtungen und Schl\u00e4uche nicht an<\/li>\n<li>Sch\u00fctzt Metallteile von Schwei\u00dfger\u00e4ten \u00e4u\u00dferst effektiv vor Korrosion<\/li>\n<li>Hocheffiziente Schaumunterdr\u00fcckung<\/li>\n<li>Dank der hohen Viskosit\u00e4t wird der Kopf der Schwei\u00dfpistole wirkungsvoll gek\u00fchlt<\/li>\n<li>Gute Schmierwirkung, um die Pumpe zu schmieren<\/li>\n<li>Ausgezeichnete W\u00e4rmetauscheigenschaften<\/li>\n<li>Klumpen- und kristallfreie Fl\u00fcssigkeit<\/li>\n<\/ul>\n<h4>Typische Standardanalysen<\/h4>\n<table class=\"table analyse-table\">\n<tr>\n<td>Dichte bei 15 \u00b0C<\/td>\n<td>\n<b>1,068<\/b>  kg\/l<\/td>\n<\/tr>\n<tr>\n<td>Kristallisationspunkt<\/td>\n<td>\n<b>-26<\/b>  \u00b0C<\/td>\n<\/tr>\n<tr>\n<td>pH &#8211; Wert<\/td>\n<td>\n<b>8,6<\/b> <\/td>\n<\/tr>\n<tr>\n<td>Reservealkalit\u00e4t<\/td>\n<td>\n<b>8,0<\/b>  pH<\/td>\n<\/tr>\n<\/table>\n","protected":false},"excerpt":{"rendered":"<p>Welding Fluid ist ein Spezialk\u00fchlmittel f\u00fcr den Einsatz in Schwei\u00dfger\u00e4ten mit K\u00fchlsystem. Welding Fluid sollte unverd\u00fcnnt eingesetzt werden und bietet dann Schutz bis zu -26 \u00b0C.<\/p>\n","protected":false},"featured_media":336230,"comment_status":"open","ping_status":"open","template":"","meta":[],"location":[4275,4276],"product_brand":[23602,25894],"product_cat":[2187,9884],"product_tag":[],"class_list":{"0":"post-337081","1":"product","2":"type-product","3":"status-publish","4":"has-post-thumbnail","6":"location-aes-emmeloord","7":"location-aes-lemmer","8":"product_brand-kroon-oil","10":"product_cat-schmiermittel","11":"product_cat-kroon-oil","12":"product_shipping_class-paket-0-10-kg","14":"first","15":"outofstock","16":"sale","17":"taxable","18":"shipping-taxable","19":"purchasable","20":"product-type-simple"},"group_of_quantity":0,"min_quantity":0,"max_quantity":"","exclude_order_quantity_value_rules":"no","exclude_category_quantity_rules":"no","combine_variations":"no","locations":[{"id":4275,"name":"AES Emmeloord","slug":"aes-emmeloord","quantity":""},{"id":4276,"name":"AES Lemmer","slug":"aes-lemmer","quantity":""}],"_links":{"self":[{"href":"https:\/\/ab-marineservice.com\/de\/wp-json\/wp\/v2\/product\/337081","targetHints":{"allow":["GET"]}}],"collection":[{"href":"https:\/\/ab-marineservice.com\/de\/wp-json\/wp\/v2\/product"}],"about":[{"href":"https:\/\/ab-marineservice.com\/de\/wp-json\/wp\/v2\/types\/product"}],"replies":[{"embeddable":true,"href":"https:\/\/ab-marineservice.com\/de\/wp-json\/wp\/v2\/comments?post=337081"}],"wp:featuredmedia":[{"embeddable":true,"href":"https:\/\/ab-marineservice.com\/de\/wp-json\/wp\/v2\/media\/336230"}],"wp:attachment":[{"href":"https:\/\/ab-marineservice.com\/de\/wp-json\/wp\/v2\/media?parent=337081"}],"wp:term":[{"taxonomy":"location","embeddable":true,"href":"https:\/\/ab-marineservice.com\/de\/wp-json\/wp\/v2\/location?post=337081"},{"taxonomy":"product_brand","embeddable":true,"href":"https:\/\/ab-marineservice.com\/de\/wp-json\/wp\/v2\/product_brand?post=337081"},{"taxonomy":"product_cat","embeddable":true,"href":"https:\/\/ab-marineservice.com\/de\/wp-json\/wp\/v2\/product_cat?post=337081"},{"taxonomy":"product_tag","embeddable":true,"href":"https:\/\/ab-marineservice.com\/de\/wp-json\/wp\/v2\/product_tag?post=337081"}],"curies":[{"name":"wp","href":"https:\/\/api.w.org\/{rel}","templated":true}]}}