{"id":337086,"date":"2024-11-20T14:07:17","date_gmt":"2024-11-20T13:07:17","guid":{"rendered":"https:\/\/ab-marineservice.com\/product\/handy-oil\/"},"modified":"2025-11-25T17:37:19","modified_gmt":"2025-11-25T16:37:19","slug":"handy-oil-100-ml","status":"publish","type":"product","link":"https:\/\/ab-marineservice.com\/de\/produkt\/handy-oil-100-ml\/","title":{"rendered":"Handy Oil &#8211; 100 ml"},"content":{"rendered":"<p>Handy Oil ist ein Haushalts\u00f6l auf Mineral\u00f6lbasis, das durch intensives Raffinieren s\u00e4urefrei ist. Dar\u00fcber hinaus ist das Produkt praktisch farb- und geruchlos. Dank universeller Eigenschaften und der praktischen Verpackung empfiehlt sich dieses \u00d6l f\u00fcr verschiedenste Anwendungen. Die praktische Dosierkappe sorgt f\u00fcr sauberes Nachf\u00fcllen ohne Versch\u00fctten. Die Kappe um 90\u00b0 verdrehen und einen Tropfen aus der Flasche quetschen.<\/p>\n<h4>Typische Standardanalysen<\/h4>\n<table class=\"table analyse-table\">\n<tr>\n<td>Viskosit\u00e4t 40 \u00b0C<\/td>\n<td>\n<b>32,00<\/b>  mm\u00b2\/s<\/td>\n<\/tr>\n<tr>\n<td>Viskosit\u00e4tsindex<\/td>\n<td>\n<b>104<\/b> <\/td>\n<\/tr>\n<tr>\n<td>Viskosit\u00e4t 100 \u00b0C<\/td>\n<td>\n<b>5,36<\/b>  mm\u00b2\/s<\/td>\n<\/tr>\n<tr>\n<td>Flammpunkt COC<\/td>\n<td>\n<b>224<\/b>  \u00b0C<\/td>\n<\/tr>\n<tr>\n<td>Dichte bei 15 \u00b0C<\/td>\n<td>\n<b>0,870<\/b>  kg\/l<\/td>\n<\/tr>\n<tr>\n<td>Flie\u00dfpunkt<\/td>\n<td>\n<b>-15<\/b>  \u00b0C<\/td>\n<\/tr>\n<\/table>\n","protected":false},"excerpt":{"rendered":"<p>Handy Oil ist ein Universalschmiermittel in einer praktischen Verpackung, die in jeden Werkzeugkasten, jede Satteltasche und jede K\u00fcchenschublade geh\u00f6rt. Es ist das ideale Mehrzweck-Produkt f\u00fcr den Gebrauch im und au\u00dfer Haus. Handy Oil kann z. B. als Schmiermittel f\u00fcr leichtmechanische Getriebe, Scharniere, Bowdenz\u00fcge (Bremse), leichtbelastete Lager, Schlossfallen, Schl\u00f6sser sowie als Fahrrad-Putz\u00f6l verwendet werden. Handy Oil wird in 100 ml-Dr\u00fcckflaschen geliefert und ist absolut s\u00e4urefrei.<\/p>\n","protected":false},"featured_media":336250,"comment_status":"open","ping_status":"open","template":"","meta":[],"location":[4275,4276],"product_brand":[23602],"product_cat":[2187,9884],"product_tag":[],"class_list":{"0":"post-337086","1":"product","2":"type-product","3":"status-publish","4":"has-post-thumbnail","6":"location-aes-emmeloord","7":"location-aes-lemmer","8":"product_brand-kroon-oil","9":"product_cat-schmiermittel","10":"product_cat-kroon-oil","11":"product_shipping_class-paket-0-10-kg","13":"first","14":"outofstock","15":"sale","16":"taxable","17":"shipping-taxable","18":"purchasable","19":"product-type-simple"},"group_of_quantity":0,"min_quantity":0,"max_quantity":"","exclude_order_quantity_value_rules":"no","exclude_category_quantity_rules":"no","combine_variations":"no","locations":[{"id":4275,"name":"AES Emmeloord","slug":"aes-emmeloord","quantity":""},{"id":4276,"name":"AES Lemmer","slug":"aes-lemmer","quantity":""}],"_links":{"self":[{"href":"https:\/\/ab-marineservice.com\/de\/wp-json\/wp\/v2\/product\/337086","targetHints":{"allow":["GET"]}}],"collection":[{"href":"https:\/\/ab-marineservice.com\/de\/wp-json\/wp\/v2\/product"}],"about":[{"href":"https:\/\/ab-marineservice.com\/de\/wp-json\/wp\/v2\/types\/product"}],"replies":[{"embeddable":true,"href":"https:\/\/ab-marineservice.com\/de\/wp-json\/wp\/v2\/comments?post=337086"}],"wp:featuredmedia":[{"embeddable":true,"href":"https:\/\/ab-marineservice.com\/de\/wp-json\/wp\/v2\/media\/336250"}],"wp:attachment":[{"href":"https:\/\/ab-marineservice.com\/de\/wp-json\/wp\/v2\/media?parent=337086"}],"wp:term":[{"taxonomy":"location","embeddable":true,"href":"https:\/\/ab-marineservice.com\/de\/wp-json\/wp\/v2\/location?post=337086"},{"taxonomy":"product_brand","embeddable":true,"href":"https:\/\/ab-marineservice.com\/de\/wp-json\/wp\/v2\/product_brand?post=337086"},{"taxonomy":"product_cat","embeddable":true,"href":"https:\/\/ab-marineservice.com\/de\/wp-json\/wp\/v2\/product_cat?post=337086"},{"taxonomy":"product_tag","embeddable":true,"href":"https:\/\/ab-marineservice.com\/de\/wp-json\/wp\/v2\/product_tag?post=337086"}],"curies":[{"name":"wp","href":"https:\/\/api.w.org\/{rel}","templated":true}]}}