{"id":337089,"date":"2024-11-20T14:07:17","date_gmt":"2024-11-20T13:51:35","guid":{"rendered":"https:\/\/ab-marineservice.com\/product\/scoogear-75w-90\/"},"modified":"2026-05-04T15:21:46","modified_gmt":"2026-05-04T13:21:46","slug":"scoogear-75w-90-100-ml","status":"publish","type":"product","link":"https:\/\/ab-marineservice.com\/de\/produkt\/scoogear-75w-90-100-ml\/","title":{"rendered":"Scoogear 75W-90 &#8211; 100 ml"},"content":{"rendered":"<p>Scoogear 75W-90 ist ein hochmodernes, synthetisches Getriebe\u00f6l, das speziell f\u00fcr Motorroller formuliert wurde. Durch die Kombination von synthetischen Grund\u00f6len niedriger Viskosit\u00e4t mit wegweisenden Additiven werden folgende Eigenschaften erzielt:<\/p>\n<ul>\n<li>Praxisgerechte Hochdruckfestigkeit gew\u00e4hrt zus\u00e4tzlichen Schutz vor Verschlei\u00df.<\/li>\n<li>Exzellente Best\u00e4ndigkeit bei hohen Betriebstemperaturen gew\u00e4hrleistet eine lange Lebensdauer des \u00d6ls.<\/li>\n<li>Ausgezeichnetes Schaltverhalten auch bei extrem hohen oder niedrigen Temperaturen<\/li>\n<li>Verhindert Schaumbildung.<\/li>\n<\/ul>\n<h4>Produktdaten<\/h4>\n<ul>\n<li>API GL-5<\/li>\n<\/ul>\n<h4>Typische Standardanalysen<\/h4>\n<table class=\"table analyse-table\">\n<tr>\n<td>Viskosit\u00e4t 40 \u00b0C<\/td>\n<td>\n<b>80,90<\/b>  mm\u00b2\/s<\/td>\n<\/tr>\n<tr>\n<td>Dichte bei 15 \u00b0C<\/td>\n<td>\n<b>0,872<\/b>  kg\/l<\/td>\n<\/tr>\n<tr>\n<td>Flie\u00dfpunkt<\/td>\n<td>\n<b>-45<\/b>  \u00b0C<\/td>\n<\/tr>\n<tr>\n<td>Viskosit\u00e4t 100 \u00b0C<\/td>\n<td>\n<b>14,80<\/b>  mm\u00b2\/s<\/td>\n<\/tr>\n<tr>\n<td>Flammpunkt COC<\/td>\n<td>\n<b>190<\/b>  \u00b0C<\/td>\n<\/tr>\n<tr>\n<td>Viskosit\u00e4tsindex<\/td>\n<td>\n<b>192<\/b> <\/td>\n<\/tr>\n<\/table>\n","protected":false},"excerpt":{"rendered":"<p>Scoogear 75W-90 wurde speziell zur optimalen Schmierung der meisten Hochleistungsgetriebe der j\u00fcngsten Motorroller-Generation entwickelt.<\/p>\n","protected":false},"featured_media":336262,"comment_status":"open","ping_status":"open","template":"","meta":[],"location":[4275,4276],"product_brand":[23602,25894],"product_cat":[2187,9884],"product_tag":[],"class_list":{"0":"post-337089","1":"product","2":"type-product","3":"status-publish","4":"has-post-thumbnail","6":"location-aes-emmeloord","7":"location-aes-lemmer","8":"product_brand-kroon-oil","10":"product_cat-schmiermittel","11":"product_cat-kroon-oil","12":"product_shipping_class-paket-0-10-kg","14":"first","15":"outofstock","16":"sale","17":"taxable","18":"shipping-taxable","19":"purchasable","20":"product-type-simple"},"group_of_quantity":0,"min_quantity":0,"max_quantity":"","exclude_order_quantity_value_rules":"no","exclude_category_quantity_rules":"no","combine_variations":"no","locations":[{"id":4275,"name":"AES Emmeloord","slug":"aes-emmeloord","quantity":""},{"id":4276,"name":"AES Lemmer","slug":"aes-lemmer","quantity":""}],"_links":{"self":[{"href":"https:\/\/ab-marineservice.com\/de\/wp-json\/wp\/v2\/product\/337089","targetHints":{"allow":["GET"]}}],"collection":[{"href":"https:\/\/ab-marineservice.com\/de\/wp-json\/wp\/v2\/product"}],"about":[{"href":"https:\/\/ab-marineservice.com\/de\/wp-json\/wp\/v2\/types\/product"}],"replies":[{"embeddable":true,"href":"https:\/\/ab-marineservice.com\/de\/wp-json\/wp\/v2\/comments?post=337089"}],"wp:featuredmedia":[{"embeddable":true,"href":"https:\/\/ab-marineservice.com\/de\/wp-json\/wp\/v2\/media\/336262"}],"wp:attachment":[{"href":"https:\/\/ab-marineservice.com\/de\/wp-json\/wp\/v2\/media?parent=337089"}],"wp:term":[{"taxonomy":"location","embeddable":true,"href":"https:\/\/ab-marineservice.com\/de\/wp-json\/wp\/v2\/location?post=337089"},{"taxonomy":"product_brand","embeddable":true,"href":"https:\/\/ab-marineservice.com\/de\/wp-json\/wp\/v2\/product_brand?post=337089"},{"taxonomy":"product_cat","embeddable":true,"href":"https:\/\/ab-marineservice.com\/de\/wp-json\/wp\/v2\/product_cat?post=337089"},{"taxonomy":"product_tag","embeddable":true,"href":"https:\/\/ab-marineservice.com\/de\/wp-json\/wp\/v2\/product_tag?post=337089"}],"curies":[{"name":"wp","href":"https:\/\/api.w.org\/{rel}","templated":true}]}}