{"id":337097,"date":"2024-11-20T14:08:10","date_gmt":"2024-11-20T13:08:10","guid":{"rendered":"https:\/\/ab-marineservice.com\/product\/coolant-sp-15\/"},"modified":"2025-11-25T17:36:37","modified_gmt":"2025-11-25T16:36:37","slug":"coolant-sp-15-1-liter","status":"publish","type":"product","link":"https:\/\/ab-marineservice.com\/de\/produkt\/coolant-sp-15-1-liter\/","title":{"rendered":"Coolant SP 15 &#8211; 1 liter"},"content":{"rendered":"<p>Coolant SP 15 ist ein gebrauchsfertiges, hochwertiges Langzeit-K\u00fchlmittel (Frostschutz bis -38 \u00b0C), das auf einer patentierten, silikatfreien Technologie mit Carboxyls\u00e4uren basiert. Aufgrund dieser Technologie gew\u00e4hrleistet Coolant SP 15 einen l\u00e4nger wirksamen Korrosionsschutz als herk\u00f6mmliche Frostschutzmittel, wodurch empfindliche Teile wie K\u00fchler, Wasserpumpe und Dichtungen eine l\u00e4ngere Lebensdauer bieten. <br \/>Wirkungsvolle Korrosionsinhibitoren verhindern zudem Schlamm und Ablagerungen im K\u00fchler, wodurch eine optimale K\u00fchlleistung \u00fcber lange Zeit gesichert ist. Coolant SP 15 wurde speziell f\u00fcr K\u00fchlsysteme aus Leichtmetall wie Aluminium, Magnesium bzw. deren Legierungen entwickelt.<\/p>\n<h4>Produktdaten<\/h4>\n<ul>\n<li>Opel\/GM 19 40 650<\/li>\n<li>Saab\/GM 19 40 650<\/li>\n<li>Vauxhall\/GM 19 40 650<\/li>\n<li>GM 6277M<\/li>\n<\/ul>\n<h4>Typische Standardanalysen<\/h4>\n<table class=\"table analyse-table\">\n<tr>\n<td>Dichte bei 15 \u00b0C<\/td>\n<td>\n<b>1,071<\/b>  kg\/l<\/td>\n<\/tr>\n<tr>\n<td>pH &#8211; Wert<\/td>\n<td>\n<b>8,4<\/b> <\/td>\n<\/tr>\n<\/table>\n","protected":false},"excerpt":{"rendered":"<p>Coolant SP 15 ist ein leuchtend orangefarbenes, gebrauchsfertiges K\u00fchlmittel f\u00fcr K\u00fchlsysteme diverser Modelle von General Motors (Opel\/Saab\/Vauxhall), die ein Langzeit-K\u00fchlmittel der Qualit\u00e4t GM 19 40 650 ben\u00f6tigen. Dank wirkungsvoller Korrosionshemmer altert Coolant SP 15 praktisch nicht und h\u00e4lt daher deutlich l\u00e4nger als herk\u00f6mmliche K\u00fchlmittel. Die beste Wirkung wird jedoch nur bei einer 100%-F\u00fcllung erzielt.<\/p>\n","protected":false},"featured_media":336290,"comment_status":"open","ping_status":"open","template":"","meta":[],"location":[4275,4276],"product_brand":[25894],"product_cat":[2187,9884],"product_tag":[],"class_list":{"0":"post-337097","1":"product","2":"type-product","3":"status-publish","4":"has-post-thumbnail","6":"location-aes-emmeloord","7":"location-aes-lemmer","8":"product_brand-kroon-oil","9":"product_cat-schmiermittel","10":"product_cat-kroon-oil","11":"product_shipping_class-paket-0-10-kg","13":"first","14":"instock","15":"sale","16":"taxable","17":"shipping-taxable","18":"purchasable","19":"product-type-simple"},"group_of_quantity":0,"min_quantity":0,"max_quantity":"","exclude_order_quantity_value_rules":"no","exclude_category_quantity_rules":"no","combine_variations":"no","locations":[{"id":4275,"name":"AES Emmeloord","slug":"aes-emmeloord","quantity":""},{"id":4276,"name":"AES Lemmer","slug":"aes-lemmer","quantity":""}],"_links":{"self":[{"href":"https:\/\/ab-marineservice.com\/de\/wp-json\/wp\/v2\/product\/337097","targetHints":{"allow":["GET"]}}],"collection":[{"href":"https:\/\/ab-marineservice.com\/de\/wp-json\/wp\/v2\/product"}],"about":[{"href":"https:\/\/ab-marineservice.com\/de\/wp-json\/wp\/v2\/types\/product"}],"replies":[{"embeddable":true,"href":"https:\/\/ab-marineservice.com\/de\/wp-json\/wp\/v2\/comments?post=337097"}],"wp:featuredmedia":[{"embeddable":true,"href":"https:\/\/ab-marineservice.com\/de\/wp-json\/wp\/v2\/media\/336290"}],"wp:attachment":[{"href":"https:\/\/ab-marineservice.com\/de\/wp-json\/wp\/v2\/media?parent=337097"}],"wp:term":[{"taxonomy":"location","embeddable":true,"href":"https:\/\/ab-marineservice.com\/de\/wp-json\/wp\/v2\/location?post=337097"},{"taxonomy":"product_brand","embeddable":true,"href":"https:\/\/ab-marineservice.com\/de\/wp-json\/wp\/v2\/product_brand?post=337097"},{"taxonomy":"product_cat","embeddable":true,"href":"https:\/\/ab-marineservice.com\/de\/wp-json\/wp\/v2\/product_cat?post=337097"},{"taxonomy":"product_tag","embeddable":true,"href":"https:\/\/ab-marineservice.com\/de\/wp-json\/wp\/v2\/product_tag?post=337097"}],"curies":[{"name":"wp","href":"https:\/\/api.w.org\/{rel}","templated":true}]}}