{"id":337104,"date":"2024-11-20T14:09:10","date_gmt":"2024-11-20T13:09:10","guid":{"rendered":"https:\/\/ab-marineservice.com\/product\/gear-grease-ep-00-000\/"},"modified":"2026-05-04T15:21:15","modified_gmt":"2026-05-04T13:21:15","slug":"gear-grease-ep-00-000-600-gramm","status":"publish","type":"product","link":"https:\/\/ab-marineservice.com\/de\/produkt\/gear-grease-ep-00-000-600-gramm\/","title":{"rendered":"Gear Grease EP 00\/000 &#8211; 600 gramm"},"content":{"rendered":"<p>Gear Grease EP 00\/000 ist ein halbfl\u00fcssiges Mehrzweckfett auf Basis hochraffinierter, hochviskoser Grund\u00f6le mit Lithiumseife als Verdickungsmittel. Durch Erg\u00e4nzung mit Hochdruck- und anderen Additiven bietet es folgende Eigenschaften:<\/p>\n<ul>\n<li>Starke Haftf\u00e4higkeit an Metallen<\/li>\n<li>Ausgezeichnete Wasserverdr\u00e4ngung<\/li>\n<li>Sehr hohe Stabilit\u00e4t<\/li>\n<li>Wirkungsvoller Korrosions- und Verschlei\u00dfschutz<\/li>\n<li>Ausgezeichnete Pumpbarkeit<\/li>\n<li>\u00dcberragende EP-Hochdruckeigenschaften<\/li>\n<\/ul>\n<h4>Produktdaten<\/h4>\n<ul>\n<li>N.L.G.I. Klasse 00\/000<\/li>\n<li>DIN 51 502, GP 00\/000 K-50<\/li>\n<li>MAN 283 Li-P00 (level)<\/li>\n<\/ul>\n<h4>Typische Standardanalysen<\/h4>\n<table class=\"table analyse-table\">\n<tr>\n<td>Walkpenetration bei 25 \u00b0C<\/td>\n<td>\n<b>430<\/b>  0<\/td>\n<\/tr>\n<tr>\n<td>Viskosit\u00e4t des Grund\u00f6ls<\/td>\n<td>\n<b>45,00<\/b>  40 \u00b0C<\/td>\n<\/tr>\n<tr>\n<td>Tropfpunkt<\/td>\n<td>\n<b>160<\/b>  \u00b0C<\/td>\n<\/tr>\n<tr>\n<td>4-ball welding load<\/td>\n<td>\n<b>2200<\/b>  N<\/td>\n<\/tr>\n<tr>\n<td>Temperaturbereich<\/td>\n<td>\n<b>-50\/120<\/b>  \u00b0C<\/td>\n<\/tr>\n<\/table>\n","protected":false},"excerpt":{"rendered":"<p>Gear Grease EP 00\/000 eignet sich insbesondere f\u00fcr Zentralschmierungen und f\u00fcr versiegelte, aber nicht \u00f6ldichte Getriebe.<\/p>\n","protected":false},"featured_media":336318,"comment_status":"open","ping_status":"open","template":"","meta":[],"location":[4275,4276],"product_brand":[25894,23602],"product_cat":[2187,9884],"product_tag":[],"class_list":{"0":"post-337104","1":"product","2":"type-product","3":"status-publish","4":"has-post-thumbnail","6":"location-aes-emmeloord","7":"location-aes-lemmer","8":"product_brand-kroon-oil","10":"product_cat-schmiermittel","11":"product_cat-kroon-oil","12":"product_shipping_class-palettenversand","14":"first","15":"outofstock","16":"sale","17":"taxable","18":"shipping-taxable","19":"purchasable","20":"product-type-simple"},"group_of_quantity":0,"min_quantity":0,"max_quantity":"","exclude_order_quantity_value_rules":"no","exclude_category_quantity_rules":"no","combine_variations":"no","locations":[{"id":4275,"name":"AES Emmeloord","slug":"aes-emmeloord","quantity":""},{"id":4276,"name":"AES Lemmer","slug":"aes-lemmer","quantity":""}],"_links":{"self":[{"href":"https:\/\/ab-marineservice.com\/de\/wp-json\/wp\/v2\/product\/337104","targetHints":{"allow":["GET"]}}],"collection":[{"href":"https:\/\/ab-marineservice.com\/de\/wp-json\/wp\/v2\/product"}],"about":[{"href":"https:\/\/ab-marineservice.com\/de\/wp-json\/wp\/v2\/types\/product"}],"replies":[{"embeddable":true,"href":"https:\/\/ab-marineservice.com\/de\/wp-json\/wp\/v2\/comments?post=337104"}],"wp:featuredmedia":[{"embeddable":true,"href":"https:\/\/ab-marineservice.com\/de\/wp-json\/wp\/v2\/media\/336318"}],"wp:attachment":[{"href":"https:\/\/ab-marineservice.com\/de\/wp-json\/wp\/v2\/media?parent=337104"}],"wp:term":[{"taxonomy":"location","embeddable":true,"href":"https:\/\/ab-marineservice.com\/de\/wp-json\/wp\/v2\/location?post=337104"},{"taxonomy":"product_brand","embeddable":true,"href":"https:\/\/ab-marineservice.com\/de\/wp-json\/wp\/v2\/product_brand?post=337104"},{"taxonomy":"product_cat","embeddable":true,"href":"https:\/\/ab-marineservice.com\/de\/wp-json\/wp\/v2\/product_cat?post=337104"},{"taxonomy":"product_tag","embeddable":true,"href":"https:\/\/ab-marineservice.com\/de\/wp-json\/wp\/v2\/product_tag?post=337104"}],"curies":[{"name":"wp","href":"https:\/\/api.w.org\/{rel}","templated":true}]}}