{"id":337114,"date":"2024-11-20T14:10:09","date_gmt":"2024-11-20T13:10:09","guid":{"rendered":"https:\/\/ab-marineservice.com\/product\/xedoz-fe-5w-30\/"},"modified":"2025-11-25T17:35:28","modified_gmt":"2025-11-25T16:35:28","slug":"xedoz-fe-5w-30-1-liter","status":"publish","type":"product","link":"https:\/\/ab-marineservice.com\/de\/produkt\/xedoz-fe-5w-30-1-liter\/","title":{"rendered":"Xedoz FE 5W-30 &#8211; 1 liter"},"content":{"rendered":"<p>Xedoz FE 5W-30 ist ein modernes, kraftstoffsparendes, synthetisches Motor\u00f6l f\u00fcr Ottomotoren von Pkw und Kleintransportern. Dank seiner Erg\u00e4nzung durch wegweisende Additive bietet es folgende Eigenschaften:<\/p>\n<ul>\n<li>Kraftstoffeinsparung<\/li>\n<li>Sch\u00fctzt effektiv vor verfr\u00fchter Z\u00fcndung bei niedrigen Drehzahlen (LSPI)<\/li>\n<li>Hohe Oxidationsfestigkeit und starke S\u00e4ureneutralisierung<\/li>\n<li>Erh\u00f6hte Scherfestigkeit<\/li>\n<li>Zuverl\u00e4ssige, effektive Schmierung bei Kaltstarts<\/li>\n<li>Sch\u00fctzender Schmierfilm auch bei extrem hohen Betriebstemperaturen<\/li>\n<li>Hervorragende Dispersions- und Detergenswirkung verhindert sch\u00e4dliche Ablagerungen<\/li>\n<li>Hocheffektiver Schutz vor Verschlei\u00df, Korrosion und Schaumbildung<\/li>\n<\/ul>\n<h4>Produktdaten<\/h4>\n<ul>\n<li>API SP Resource Conserving<\/li>\n<li>ILSAC GF-6A<\/li>\n<li>GM dexos 1 Gen 3<\/li>\n<li>Opel OV 040 1547 &#8211; G30<\/li>\n<li>Chrysler MS 6395<\/li>\n<li>Fiat 9.55535-CR1<\/li>\n<li>Ford WSS-M2C946-A\/B1 \/ M2C961-A1 \/ M2C929-A<\/li>\n<li>GM 6094M \/ 4718M<\/li>\n<li>VW VWC 53034<\/li>\n<\/ul>\n<h4>Typische Standardanalysen<\/h4>\n<table class=\"table analyse-table\">\n<tr>\n<td>Flammpunkt COC<\/td>\n<td>\n<b>222<\/b>  \u00b0C<\/td>\n<\/tr>\n<tr>\n<td>Sulfataschegehalt<\/td>\n<td>\n<b>0,78<\/b>  %<\/td>\n<\/tr>\n<tr>\n<td>Viskosit\u00e4t -30 \u00b0C<\/td>\n<td>\n<b>3870<\/b>  mPa.s<\/td>\n<\/tr>\n<tr>\n<td>Viskosit\u00e4t 100 \u00b0C<\/td>\n<td>\n<b>10,70<\/b>  mm\u00b2\/s<\/td>\n<\/tr>\n<tr>\n<td>Viskosit\u00e4t 40 \u00b0C<\/td>\n<td>\n<b>59,70<\/b>  mm\u00b2\/s<\/td>\n<\/tr>\n<tr>\n<td>Viskosit\u00e4tsindex<\/td>\n<td>\n<b>172<\/b> <\/td>\n<\/tr>\n<tr>\n<td>Basenzahl<\/td>\n<td>\n<b>7,4<\/b>  mgKOH\/g<\/td>\n<\/tr>\n<tr>\n<td>Dichte bei 15 \u00b0C<\/td>\n<td>\n<b>0,852<\/b>  kg\/l<\/td>\n<\/tr>\n<tr>\n<td>Flie\u00dfpunkt<\/td>\n<td>\n<b>-39<\/b>  \u00b0C<\/td>\n<\/tr>\n<\/table>\n","protected":false},"excerpt":{"rendered":"<p>Xedoz FE 5W-30 eignet sich f\u00fcr Ottomotoren von Pkw und Kleintransportern. Bei der Entwicklung dieses kraftstoffsparenden, synthetischen Motor\u00f6ls galt Schutz vor LSPI (verfr\u00fchte Z\u00fcndung bei niedrigen Drehzahlen) als wichtige Vorgabe. LSPI kann moderne, sparsame \u201eDownsize\u201c-Motoren mit Direkteinspritzung und Turbolader sch\u00e4digen. Xedoz FE 5W-30 eignet sich daher besonders f\u00fcr die neusten \u201eDownsize\u201c-Ottomotoren.<\/p>\n","protected":false},"featured_media":336359,"comment_status":"open","ping_status":"open","template":"","meta":[],"location":[4275,4276],"product_brand":[25894],"product_cat":[2187,9884],"product_tag":[],"class_list":{"0":"post-337114","1":"product","2":"type-product","3":"status-publish","4":"has-post-thumbnail","6":"location-aes-emmeloord","7":"location-aes-lemmer","8":"product_brand-kroon-oil","9":"product_cat-schmiermittel","10":"product_cat-kroon-oil","11":"product_shipping_class-paket-0-10-kg","13":"first","14":"instock","15":"sale","16":"taxable","17":"shipping-taxable","18":"purchasable","19":"product-type-simple"},"group_of_quantity":0,"min_quantity":0,"max_quantity":"","exclude_order_quantity_value_rules":"no","exclude_category_quantity_rules":"no","combine_variations":"no","locations":[{"id":4275,"name":"AES Emmeloord","slug":"aes-emmeloord","quantity":""},{"id":4276,"name":"AES Lemmer","slug":"aes-lemmer","quantity":""}],"_links":{"self":[{"href":"https:\/\/ab-marineservice.com\/de\/wp-json\/wp\/v2\/product\/337114","targetHints":{"allow":["GET"]}}],"collection":[{"href":"https:\/\/ab-marineservice.com\/de\/wp-json\/wp\/v2\/product"}],"about":[{"href":"https:\/\/ab-marineservice.com\/de\/wp-json\/wp\/v2\/types\/product"}],"replies":[{"embeddable":true,"href":"https:\/\/ab-marineservice.com\/de\/wp-json\/wp\/v2\/comments?post=337114"}],"wp:featuredmedia":[{"embeddable":true,"href":"https:\/\/ab-marineservice.com\/de\/wp-json\/wp\/v2\/media\/336359"}],"wp:attachment":[{"href":"https:\/\/ab-marineservice.com\/de\/wp-json\/wp\/v2\/media?parent=337114"}],"wp:term":[{"taxonomy":"location","embeddable":true,"href":"https:\/\/ab-marineservice.com\/de\/wp-json\/wp\/v2\/location?post=337114"},{"taxonomy":"product_brand","embeddable":true,"href":"https:\/\/ab-marineservice.com\/de\/wp-json\/wp\/v2\/product_brand?post=337114"},{"taxonomy":"product_cat","embeddable":true,"href":"https:\/\/ab-marineservice.com\/de\/wp-json\/wp\/v2\/product_cat?post=337114"},{"taxonomy":"product_tag","embeddable":true,"href":"https:\/\/ab-marineservice.com\/de\/wp-json\/wp\/v2\/product_tag?post=337114"}],"curies":[{"name":"wp","href":"https:\/\/api.w.org\/{rel}","templated":true}]}}