{"id":337134,"date":"2024-11-20T14:11:04","date_gmt":"2024-11-20T13:11:04","guid":{"rendered":"https:\/\/ab-marineservice.com\/product\/multi-grease-fgg-h1\/"},"modified":"2025-11-25T17:35:11","modified_gmt":"2025-11-25T16:35:11","slug":"multi-grease-fgg-h1","status":"publish","type":"product","link":"https:\/\/ab-marineservice.com\/de\/produkt\/multi-grease-fgg-h1\/","title":{"rendered":"Multi Grease FGG H1 \u2013 400 ml"},"content":{"rendered":"<p>Multi Grease FGG H1 ist ein ungiftiges, transparent-wei\u00dfes Fett, das auf hochreinem Wei\u00df\u00f6l und PTFE basiert. Dank einer exklusiven Additivmischung bietet es folgende Eigenschaften:<\/p>\n<ul>\n<li>Sehr starke Haftwirkung<\/li>\n<li>Hervorragende Wasser- und Dampfbest\u00e4ndigkeit<\/li>\n<li>Wirkungsvoller Korrosionsschutz<\/li>\n<li>Effektive Wasserverdr\u00e4ngung<\/li>\n<li>Sehr starker Verschlei\u00dfschutz<\/li>\n<li>Effektiver Stick-Slip- bzw. Haftgleitschutz<\/li>\n<li>Au\u00dfergew\u00f6hnliches Eindringverm\u00f6gen<\/li>\n<\/ul>\n<h4>Produktdaten<\/h4>\n<ul>\n<li>N.L.G.I. klasse 0,5<\/li>\n<li>DIN 51825, KPGOG0,5N-30<\/li>\n<\/ul>\n<h4>Typische Standardanalysen<\/h4>\n<table class=\"table analyse-table\">\n<tr>\n<td>Dichte bei 15 \u00b0C<\/td>\n<td>\n<b>0,900<\/b>  kg\/l<\/td>\n<\/tr>\n<\/table>\n","protected":false},"excerpt":{"rendered":"<p>Multi Grease FGG H1 ist ein H1-registriertes Fett mit einem sehr universellen Charakter. Dank seiner speziellen Zusammensetzung kann das Produkt u. A. f\u00fcr die folgenden Anwendungen eingesetzt werden:<\/p>\n<p>&#8211; Nahrungsmittelindustrie<br \/>&#8211; Schmierung von diversen Lagertypen wie Rollen- und Kugellager<br \/>&#8211; Ketten<br \/>&#8211; Seilz\u00fcge<br \/>&#8211; Diverse Antriebssysteme &#8211; auch in feuchten Umgebungen<br \/>&#8211; Alle Typen von F\u00fchrungsschienen und Stangen<\/p>\n","protected":false},"featured_media":336431,"comment_status":"open","ping_status":"open","template":"","meta":[],"location":[4275,4276],"product_brand":[25894],"product_cat":[2187,9884],"product_tag":[],"class_list":{"0":"post-337134","1":"product","2":"type-product","3":"status-publish","4":"has-post-thumbnail","6":"location-aes-emmeloord","7":"location-aes-lemmer","8":"product_brand-kroon-oil","9":"product_cat-schmiermittel","10":"product_cat-kroon-oil","11":"product_shipping_class-paket-0-10-kg","13":"first","14":"outofstock","15":"sale","16":"taxable","17":"shipping-taxable","18":"purchasable","19":"product-type-simple"},"group_of_quantity":0,"min_quantity":0,"max_quantity":"","exclude_order_quantity_value_rules":"no","exclude_category_quantity_rules":"no","combine_variations":"no","locations":[{"id":4275,"name":"AES Emmeloord","slug":"aes-emmeloord","quantity":""},{"id":4276,"name":"AES Lemmer","slug":"aes-lemmer","quantity":""}],"_links":{"self":[{"href":"https:\/\/ab-marineservice.com\/de\/wp-json\/wp\/v2\/product\/337134","targetHints":{"allow":["GET"]}}],"collection":[{"href":"https:\/\/ab-marineservice.com\/de\/wp-json\/wp\/v2\/product"}],"about":[{"href":"https:\/\/ab-marineservice.com\/de\/wp-json\/wp\/v2\/types\/product"}],"replies":[{"embeddable":true,"href":"https:\/\/ab-marineservice.com\/de\/wp-json\/wp\/v2\/comments?post=337134"}],"wp:featuredmedia":[{"embeddable":true,"href":"https:\/\/ab-marineservice.com\/de\/wp-json\/wp\/v2\/media\/336431"}],"wp:attachment":[{"href":"https:\/\/ab-marineservice.com\/de\/wp-json\/wp\/v2\/media?parent=337134"}],"wp:term":[{"taxonomy":"location","embeddable":true,"href":"https:\/\/ab-marineservice.com\/de\/wp-json\/wp\/v2\/location?post=337134"},{"taxonomy":"product_brand","embeddable":true,"href":"https:\/\/ab-marineservice.com\/de\/wp-json\/wp\/v2\/product_brand?post=337134"},{"taxonomy":"product_cat","embeddable":true,"href":"https:\/\/ab-marineservice.com\/de\/wp-json\/wp\/v2\/product_cat?post=337134"},{"taxonomy":"product_tag","embeddable":true,"href":"https:\/\/ab-marineservice.com\/de\/wp-json\/wp\/v2\/product_tag?post=337134"}],"curies":[{"name":"wp","href":"https:\/\/api.w.org\/{rel}","templated":true}]}}