{"id":337145,"date":"2024-11-20T14:11:58","date_gmt":"2024-11-20T13:11:58","guid":{"rendered":"https:\/\/ab-marineservice.com\/product\/ptfe-white-grease-ep2\/"},"modified":"2025-11-25T17:34:38","modified_gmt":"2025-11-25T16:34:38","slug":"ptfe-white-grease-ep2-600-gramm","status":"publish","type":"product","link":"https:\/\/ab-marineservice.com\/de\/produkt\/ptfe-white-grease-ep2-600-gramm\/","title":{"rendered":"PTFE White Grease EP2 &#8211; 600 gramm"},"content":{"rendered":"<p>PTFE White Grease EP 2 ist ein Mehrzweckfett, das auf hochraffinierten Grund\u00f6len hoher Viskosit\u00e4t mit Lithiumkomplexseife als Verdickungsmittel basiert und durch Additive folgende Eigenschaften gew\u00e4hrleistet:<\/p>\n<ul>\n<li>Starke Haftf\u00e4higkeit an Metallen<\/li>\n<li>Ausgezeichnete Wasserverdr\u00e4ngung<\/li>\n<li>Sehr hohe Stabilit\u00e4t<\/li>\n<li>Wirkungsvoller Korrosions- und Verschlei\u00dfschutz<\/li>\n<li>Ausgezeichnete Pumpbarkeit<\/li>\n<\/ul>\n<h4>Produktdaten<\/h4>\n<ul>\n<li>NLGI Grade 2<\/li>\n<li>DIN 51502: KPF2N-30<\/li>\n<li>ISO 12924: L-XC(F)DIB2<\/li>\n<\/ul>\n<h4>Typische Standardanalysen<\/h4>\n<table class=\"table analyse-table\">\n<tr>\n<td>Tropfpunkt<\/td>\n<td>\n<b>270<\/b>  \u00b0C<\/td>\n<\/tr>\n<tr>\n<td>Temperaturbereich<\/td>\n<td>\n<b>-30\/140<\/b>  \u00b0C<\/td>\n<\/tr>\n<tr>\n<td>Viskosit\u00e4t des Grund\u00f6ls<\/td>\n<td>\n<b>210,00<\/b>  40 \u00b0C<\/td>\n<\/tr>\n<tr>\n<td>4-ball welding load<\/td>\n<td>\n<b>3000<\/b>  N<\/td>\n<\/tr>\n<\/table>\n","protected":false},"excerpt":{"rendered":"<p>PTFE White Grease EP 2 kann zur Schmierung von Lagern im Stra\u00dfenverkehrs-, Industrie- und Schifffahrtssektor verwendet werden. PTFE White Grease EP 2 dient zum Schmieren von mechanischen Komponenten (wie Fenstermechanismen, Scharniere, Federn, Schl\u00f6sser usw.), die bei Kontakt die Kleidung verschmutzen k\u00f6nnten.<\/p>\n","protected":false},"featured_media":336467,"comment_status":"open","ping_status":"open","template":"","meta":[],"location":[4275,4276],"product_brand":[25894],"product_cat":[2187,9884],"product_tag":[],"class_list":{"0":"post-337145","1":"product","2":"type-product","3":"status-publish","4":"has-post-thumbnail","6":"location-aes-emmeloord","7":"location-aes-lemmer","8":"product_brand-kroon-oil","9":"product_cat-schmiermittel","10":"product_cat-kroon-oil","11":"product_shipping_class-palettenversand","13":"first","14":"outofstock","15":"sale","16":"taxable","17":"shipping-taxable","18":"purchasable","19":"product-type-simple"},"group_of_quantity":0,"min_quantity":0,"max_quantity":"","exclude_order_quantity_value_rules":"no","exclude_category_quantity_rules":"no","combine_variations":"no","locations":[{"id":4275,"name":"AES Emmeloord","slug":"aes-emmeloord","quantity":""},{"id":4276,"name":"AES Lemmer","slug":"aes-lemmer","quantity":""}],"_links":{"self":[{"href":"https:\/\/ab-marineservice.com\/de\/wp-json\/wp\/v2\/product\/337145","targetHints":{"allow":["GET"]}}],"collection":[{"href":"https:\/\/ab-marineservice.com\/de\/wp-json\/wp\/v2\/product"}],"about":[{"href":"https:\/\/ab-marineservice.com\/de\/wp-json\/wp\/v2\/types\/product"}],"replies":[{"embeddable":true,"href":"https:\/\/ab-marineservice.com\/de\/wp-json\/wp\/v2\/comments?post=337145"}],"wp:featuredmedia":[{"embeddable":true,"href":"https:\/\/ab-marineservice.com\/de\/wp-json\/wp\/v2\/media\/336467"}],"wp:attachment":[{"href":"https:\/\/ab-marineservice.com\/de\/wp-json\/wp\/v2\/media?parent=337145"}],"wp:term":[{"taxonomy":"location","embeddable":true,"href":"https:\/\/ab-marineservice.com\/de\/wp-json\/wp\/v2\/location?post=337145"},{"taxonomy":"product_brand","embeddable":true,"href":"https:\/\/ab-marineservice.com\/de\/wp-json\/wp\/v2\/product_brand?post=337145"},{"taxonomy":"product_cat","embeddable":true,"href":"https:\/\/ab-marineservice.com\/de\/wp-json\/wp\/v2\/product_cat?post=337145"},{"taxonomy":"product_tag","embeddable":true,"href":"https:\/\/ab-marineservice.com\/de\/wp-json\/wp\/v2\/product_tag?post=337145"}],"curies":[{"name":"wp","href":"https:\/\/api.w.org\/{rel}","templated":true}]}}