{"id":337151,"date":"2024-11-20T14:12:51","date_gmt":"2024-11-20T13:12:51","guid":{"rendered":"https:\/\/ab-marineservice.com\/product\/emtor\/"},"modified":"2025-11-25T17:33:38","modified_gmt":"2025-11-25T16:33:38","slug":"emtor-5-liter","status":"publish","type":"product","link":"https:\/\/ab-marineservice.com\/de\/produkt\/emtor-5-liter\/","title":{"rendered":"Emtor &#8211; 5 liter"},"content":{"rendered":"<p>Emtor ist ein emulgierbares Metallbearbeitungs\u00f6l auf Mineral\u00f6lbasis, dem hochwertige Emulgatoren und wirkungsvolle Additive zugesetzt sind. Nach Vermischung mit Wasser bietet das Produkt folgende Eigenschaften:<\/p>\n<ul>\n<li>Stabile, milchige Emulsion<\/li>\n<li>Wirkungsvoller Korrosionsschutz<\/li>\n<li>Minimierte Schaumneigung<\/li>\n<\/ul>\n<h4>Produktdaten<\/h4>\n<ul>\n<li>Herbert Corrosiontest IP 125 (10%): 0\/0-0<\/li>\n<\/ul>\n<h4>Typische Standardanalysen<\/h4>\n<table class=\"table analyse-table\">\n<tr>\n<td>Brechungs Index 20\u00b0C<\/td>\n<td>\n<b>1,481<\/b> <\/td>\n<\/tr>\n<tr>\n<td>Flammpunkt COC<\/td>\n<td>\n<b>202<\/b>  \u00b0C<\/td>\n<\/tr>\n<tr>\n<td>Dichte bei 15 \u00b0C<\/td>\n<td>\n<b>0,908<\/b>  kg\/l<\/td>\n<\/tr>\n<tr>\n<td>pH &#8211; 10 % in Wasser<\/td>\n<td>\n<b>10,0<\/b> <\/td>\n<\/tr>\n<tr>\n<td>Flie\u00dfpunkt<\/td>\n<td>\n<b>-18<\/b>  \u00b0C<\/td>\n<\/tr>\n<tr>\n<td>Basenzahl<\/td>\n<td>\n<b>11,3<\/b>  mgKOH\/g<\/td>\n<\/tr>\n<tr>\n<td>Viskosit\u00e4t 100 \u00b0C<\/td>\n<td>\n<b>6,21<\/b>  mm\u00b2\/s<\/td>\n<\/tr>\n<tr>\n<td>Viskosit\u00e4t 40 \u00b0C<\/td>\n<td>\n<b>41,10<\/b>  mm\u00b2\/s<\/td>\n<\/tr>\n<\/table>\n","protected":false},"excerpt":{"rendered":"<p>Gebrauchsanweisung: 10% Emtor: 1 Teil Emtor auf 9 Teile Wasser hinzuf\u00fcgen und gr\u00fcndlich vermischen. Ergibt ein wirkungsvolles Schneid-\/K\u00fchl\u00f6l zum Bohren, Drehen und S\u00e4gen normaler kommerzieller Stahlsorten. Unter gewissen Umst\u00e4nden kann nach einiger Zeit die Zugabe eines gesonderten Bakterizids in das System n\u00f6tig sein. Ggf. den Technischen Service kontaktieren. Achtung! Das Produkt in frostfreier Umgebung lagern und innerhalb eines Jahres verwenden, da sich danach die Stabilit\u00e4t verschlechtern.<\/p>\n","protected":false},"featured_media":336492,"comment_status":"open","ping_status":"open","template":"","meta":[],"location":[4275,4276],"product_brand":[25894],"product_cat":[2187,9884],"product_tag":[],"class_list":{"0":"post-337151","1":"product","2":"type-product","3":"status-publish","4":"has-post-thumbnail","6":"location-aes-emmeloord","7":"location-aes-lemmer","8":"product_brand-kroon-oil","9":"product_cat-schmiermittel","10":"product_cat-kroon-oil","11":"product_shipping_class-paket-0-10-kg","13":"first","14":"instock","15":"sale","16":"taxable","17":"shipping-taxable","18":"purchasable","19":"product-type-simple"},"group_of_quantity":0,"min_quantity":0,"max_quantity":"","exclude_order_quantity_value_rules":"no","exclude_category_quantity_rules":"no","combine_variations":"no","locations":[{"id":4275,"name":"AES Emmeloord","slug":"aes-emmeloord","quantity":""},{"id":4276,"name":"AES Lemmer","slug":"aes-lemmer","quantity":""}],"_links":{"self":[{"href":"https:\/\/ab-marineservice.com\/de\/wp-json\/wp\/v2\/product\/337151","targetHints":{"allow":["GET"]}}],"collection":[{"href":"https:\/\/ab-marineservice.com\/de\/wp-json\/wp\/v2\/product"}],"about":[{"href":"https:\/\/ab-marineservice.com\/de\/wp-json\/wp\/v2\/types\/product"}],"replies":[{"embeddable":true,"href":"https:\/\/ab-marineservice.com\/de\/wp-json\/wp\/v2\/comments?post=337151"}],"wp:featuredmedia":[{"embeddable":true,"href":"https:\/\/ab-marineservice.com\/de\/wp-json\/wp\/v2\/media\/336492"}],"wp:attachment":[{"href":"https:\/\/ab-marineservice.com\/de\/wp-json\/wp\/v2\/media?parent=337151"}],"wp:term":[{"taxonomy":"location","embeddable":true,"href":"https:\/\/ab-marineservice.com\/de\/wp-json\/wp\/v2\/location?post=337151"},{"taxonomy":"product_brand","embeddable":true,"href":"https:\/\/ab-marineservice.com\/de\/wp-json\/wp\/v2\/product_brand?post=337151"},{"taxonomy":"product_cat","embeddable":true,"href":"https:\/\/ab-marineservice.com\/de\/wp-json\/wp\/v2\/product_cat?post=337151"},{"taxonomy":"product_tag","embeddable":true,"href":"https:\/\/ab-marineservice.com\/de\/wp-json\/wp\/v2\/product_tag?post=337151"}],"curies":[{"name":"wp","href":"https:\/\/api.w.org\/{rel}","templated":true}]}}