{"id":337157,"date":"2024-11-20T14:12:51","date_gmt":"2024-11-20T13:12:51","guid":{"rendered":"https:\/\/ab-marineservice.com\/product\/classic-monograde-30\/"},"modified":"2025-11-25T17:33:56","modified_gmt":"2025-11-25T16:33:56","slug":"classic-monograde-30-1-liter","status":"publish","type":"product","link":"https:\/\/ab-marineservice.com\/de\/produkt\/classic-monograde-30-1-liter\/","title":{"rendered":"Classic Monograde 30 &#8211; 1 liter"},"content":{"rendered":"<p>Classic Monograde 30 ist ein SAE 30 Einbereichs\u00f6l auf Mineral\u00f6lbasis, das speziell f\u00fcr die Benzin- und Dieselmotoren von Oldtimern formuliert wurde: Dank der sorgf\u00e4ltig ausgew\u00e4hlten Additive bietet Classic Monograde 30 folgende Eigenschaften:<\/p>\n<ul>\n<li>Hervorragendes Schmierverm\u00f6gen<\/li>\n<li>\u00dcberlegener Verschlei\u00dfschutz<\/li>\n<li>Wirkungsvoller Korrosionsschutz<\/li>\n<li>Keine Gefahr, dass sich festgesetzte Ablagerungen l\u00f6sen<\/li>\n<li>Beispielhafte Schaumunterdr\u00fcckung<\/li>\n<li>Volle Kompatibilit\u00e4t mit den Dichtungen und Gummis in Klassikern<\/li>\n<\/ul>\n<h4>Produktdaten<\/h4>\n<ul>\n<li>API SF\/CC<\/li>\n<li>CCMC G2\/D1<\/li>\n<li>MIL-L-46152B\/C<\/li>\n<li>Ford M2C153-C (SF\/CC)<\/li>\n<li>Ford M2C9011-A<\/li>\n<li>GM 6085M<\/li>\n<\/ul>\n<h4>Typische Standardanalysen<\/h4>\n<table class=\"table analyse-table\">\n<tr>\n<td>Viskosit\u00e4t 40 \u00b0C<\/td>\n<td>\n<b>103,00<\/b>  mm\u00b2\/s<\/td>\n<\/tr>\n<tr>\n<td>Viskosit\u00e4tsindex<\/td>\n<td>\n<b>98<\/b> <\/td>\n<\/tr>\n<tr>\n<td>Viskosit\u00e4t 100 \u00b0C<\/td>\n<td>\n<b>11,70<\/b>  mm\u00b2\/s<\/td>\n<\/tr>\n<tr>\n<td>Basenzahl<\/td>\n<td>\n<b>3,5<\/b>  mgKOH\/g<\/td>\n<\/tr>\n<tr>\n<td>Flie\u00dfpunkt<\/td>\n<td>\n<b>-18<\/b>  \u00b0C<\/td>\n<\/tr>\n<tr>\n<td>Sulfataschegehalt<\/td>\n<td>\n<b>0,55<\/b>  %<\/td>\n<\/tr>\n<tr>\n<td>Flammpunkt COC<\/td>\n<td>\n<b>230<\/b>  \u00b0C<\/td>\n<\/tr>\n<tr>\n<td>Dichte bei 15 \u00b0C<\/td>\n<td>\n<b>0,883<\/b>  kg\/l<\/td>\n<\/tr>\n<\/table>\n","protected":false},"excerpt":{"rendered":"<p>Classic Monograde 30 ist ein Motor\u00f6l auf Mineral\u00f6lbasis f\u00fcr Motoren von Oldtimern: Moderne Motor\u00f6le k\u00f6nnen solche Motoren schwer besch\u00e4digen. Kroon-Oil hat daher Classic Oils entwickelt, um wertvolle Oldtimer optimal zu schmieren. Dieses \u00d6lsortiment ist speziell auf die Anforderungen von Klassikern ausgelegt. Classic Monograde 30 ist perfekt f\u00fcr klassische Otto- und Dieselmotoren ohne Turboaufladung der Nachkriegszeit, die ein mild bis m\u00e4\u00dfig additiviertes Einbereichs-Motor\u00f6l verlangen.<\/p>\n","protected":false},"featured_media":336512,"comment_status":"open","ping_status":"open","template":"","meta":[],"location":[4275,4276],"product_brand":[25894],"product_cat":[2187,9884],"product_tag":[],"class_list":{"0":"post-337157","1":"product","2":"type-product","3":"status-publish","4":"has-post-thumbnail","6":"location-aes-emmeloord","7":"location-aes-lemmer","8":"product_brand-kroon-oil","9":"product_cat-schmiermittel","10":"product_cat-kroon-oil","11":"product_shipping_class-paket-0-10-kg","13":"first","14":"instock","15":"sale","16":"taxable","17":"shipping-taxable","18":"purchasable","19":"product-type-simple"},"group_of_quantity":0,"min_quantity":0,"max_quantity":"","exclude_order_quantity_value_rules":"no","exclude_category_quantity_rules":"no","combine_variations":"no","locations":[{"id":4275,"name":"AES Emmeloord","slug":"aes-emmeloord","quantity":""},{"id":4276,"name":"AES Lemmer","slug":"aes-lemmer","quantity":""}],"_links":{"self":[{"href":"https:\/\/ab-marineservice.com\/de\/wp-json\/wp\/v2\/product\/337157","targetHints":{"allow":["GET"]}}],"collection":[{"href":"https:\/\/ab-marineservice.com\/de\/wp-json\/wp\/v2\/product"}],"about":[{"href":"https:\/\/ab-marineservice.com\/de\/wp-json\/wp\/v2\/types\/product"}],"replies":[{"embeddable":true,"href":"https:\/\/ab-marineservice.com\/de\/wp-json\/wp\/v2\/comments?post=337157"}],"wp:featuredmedia":[{"embeddable":true,"href":"https:\/\/ab-marineservice.com\/de\/wp-json\/wp\/v2\/media\/336512"}],"wp:attachment":[{"href":"https:\/\/ab-marineservice.com\/de\/wp-json\/wp\/v2\/media?parent=337157"}],"wp:term":[{"taxonomy":"location","embeddable":true,"href":"https:\/\/ab-marineservice.com\/de\/wp-json\/wp\/v2\/location?post=337157"},{"taxonomy":"product_brand","embeddable":true,"href":"https:\/\/ab-marineservice.com\/de\/wp-json\/wp\/v2\/product_brand?post=337157"},{"taxonomy":"product_cat","embeddable":true,"href":"https:\/\/ab-marineservice.com\/de\/wp-json\/wp\/v2\/product_cat?post=337157"},{"taxonomy":"product_tag","embeddable":true,"href":"https:\/\/ab-marineservice.com\/de\/wp-json\/wp\/v2\/product_tag?post=337157"}],"curies":[{"name":"wp","href":"https:\/\/api.w.org\/{rel}","templated":true}]}}