{"id":337163,"date":"2024-11-20T14:13:47","date_gmt":"2024-11-20T13:13:47","guid":{"rendered":"https:\/\/ab-marineservice.com\/product\/preservative-monograde-30\/"},"modified":"2025-11-25T17:32:54","modified_gmt":"2025-11-25T16:32:54","slug":"preservative-monograde-30-1-liter","status":"publish","type":"product","link":"https:\/\/ab-marineservice.com\/de\/produkt\/preservative-monograde-30-1-liter\/","title":{"rendered":"Preservative Monograde 30 &#8211; 1 liter"},"content":{"rendered":"<p>Preservative Monograde 30 ist ein spezielles Motor\u00f6l f\u00fcr die Langzeiteinlagerung von Verbrennungsmotoren. Es eignet sich perfekt f\u00fcr die Wintereinlagerung von Fahrzeugen wie Oldtimern, Motorr\u00e4dern oder Freizeitbooten. Dank hochwertiger mineralischer Grund\u00f6le, sorgf\u00e4ltig ausgew\u00e4hlter Additive und Korrosionsinhibitoren f\u00fcr die Verdunstungsphase bietet Preservative Monograde 30 die folgenden Eigenschaften:<\/p>\n<ul>\n<li>Ausgezeichneter Korrosionsschutz f\u00fcr alle internen Motorteile w\u00e4hrend Langzeitstilllegung<\/li>\n<li>Hervorragende Dispersions- und Detergenswirkung<\/li>\n<li>Extrem hohe Oxidationsfestigkeit<\/li>\n<li>Optimierter Schutz vor Korrosion und Schaumbildung<\/li>\n<\/ul>\n<h4>Produktdaten<\/h4>\n<ul>\n<li>MIL-L-21260D<\/li>\n<\/ul>\n<h4>Typische Standardanalysen<\/h4>\n<table class=\"table analyse-table\">\n<tr>\n<td>Viskosit\u00e4tsindex<\/td>\n<td>\n<b>98<\/b> <\/td>\n<\/tr>\n<tr>\n<td>Flammpunkt COC<\/td>\n<td>\n<b>230<\/b>  \u00b0C<\/td>\n<\/tr>\n<tr>\n<td>Dichte bei 15 \u00b0C<\/td>\n<td>\n<b>0,885<\/b>  kg\/l<\/td>\n<\/tr>\n<tr>\n<td>Basenzahl<\/td>\n<td>\n<b>3,6<\/b>  mgKOH\/g<\/td>\n<\/tr>\n<tr>\n<td>Flie\u00dfpunkt<\/td>\n<td>\n<b>-18<\/b>  \u00b0C<\/td>\n<\/tr>\n<tr>\n<td>Sulfataschegehalt<\/td>\n<td>\n<b>0,55<\/b>  %<\/td>\n<\/tr>\n<tr>\n<td>Viskosit\u00e4t 100 \u00b0C<\/td>\n<td>\n<b>11,70<\/b>  mm\u00b2\/s<\/td>\n<\/tr>\n<tr>\n<td>Viskosit\u00e4t 40 \u00b0C<\/td>\n<td>\n<b>103,00<\/b>  mm\u00b2\/s<\/td>\n<\/tr>\n<\/table>\n","protected":false},"excerpt":{"rendered":"<p>Preservative Monograde 30 sch\u00fctzt die Motoren von Klassikern w\u00e4hrend Langzeit-Einlagerung vor Korrosion. Kann f\u00fcr kurze Zeit auch als normales Motor\u00f6l fungierenum das Fahrzeug w\u00e4hrend der Einlagerung problemlos mit dem eigenen Motor zu bewegen.<\/p>\n<p>Gebrauchsanweisung:<\/p>\n<p>&#8211; \u00d6l bei Betriebstemperatur des Motors wechseln.<br \/>&#8211; Einen neuen \u00d6lfilter einbauen.<br \/>&#8211; Den Motor vor der Einlagerung einige Minuten im Leerlauf betreiben.<\/p>\n<p>Nach der Einlagerung wieder gegen das empfohlene Motor\u00f6l auswechseln.<\/p>\n","protected":false},"featured_media":336537,"comment_status":"open","ping_status":"open","template":"","meta":[],"location":[4275,4276],"product_brand":[25894],"product_cat":[2187,9884],"product_tag":[],"class_list":{"0":"post-337163","1":"product","2":"type-product","3":"status-publish","4":"has-post-thumbnail","6":"location-aes-emmeloord","7":"location-aes-lemmer","8":"product_brand-kroon-oil","9":"product_cat-schmiermittel","10":"product_cat-kroon-oil","11":"product_shipping_class-paket-0-10-kg","13":"first","14":"instock","15":"sale","16":"taxable","17":"shipping-taxable","18":"purchasable","19":"product-type-simple"},"group_of_quantity":0,"min_quantity":0,"max_quantity":"","exclude_order_quantity_value_rules":"no","exclude_category_quantity_rules":"no","combine_variations":"no","locations":[{"id":4275,"name":"AES Emmeloord","slug":"aes-emmeloord","quantity":""},{"id":4276,"name":"AES Lemmer","slug":"aes-lemmer","quantity":""}],"_links":{"self":[{"href":"https:\/\/ab-marineservice.com\/de\/wp-json\/wp\/v2\/product\/337163","targetHints":{"allow":["GET"]}}],"collection":[{"href":"https:\/\/ab-marineservice.com\/de\/wp-json\/wp\/v2\/product"}],"about":[{"href":"https:\/\/ab-marineservice.com\/de\/wp-json\/wp\/v2\/types\/product"}],"replies":[{"embeddable":true,"href":"https:\/\/ab-marineservice.com\/de\/wp-json\/wp\/v2\/comments?post=337163"}],"wp:featuredmedia":[{"embeddable":true,"href":"https:\/\/ab-marineservice.com\/de\/wp-json\/wp\/v2\/media\/336537"}],"wp:attachment":[{"href":"https:\/\/ab-marineservice.com\/de\/wp-json\/wp\/v2\/media?parent=337163"}],"wp:term":[{"taxonomy":"location","embeddable":true,"href":"https:\/\/ab-marineservice.com\/de\/wp-json\/wp\/v2\/location?post=337163"},{"taxonomy":"product_brand","embeddable":true,"href":"https:\/\/ab-marineservice.com\/de\/wp-json\/wp\/v2\/product_brand?post=337163"},{"taxonomy":"product_cat","embeddable":true,"href":"https:\/\/ab-marineservice.com\/de\/wp-json\/wp\/v2\/product_cat?post=337163"},{"taxonomy":"product_tag","embeddable":true,"href":"https:\/\/ab-marineservice.com\/de\/wp-json\/wp\/v2\/product_tag?post=337163"}],"curies":[{"name":"wp","href":"https:\/\/api.w.org\/{rel}","templated":true}]}}