{"id":337165,"date":"2024-11-20T14:13:47","date_gmt":"2024-11-20T13:13:47","guid":{"rendered":"https:\/\/ab-marineservice.com\/product\/flushing-oil\/"},"modified":"2025-12-23T17:33:18","modified_gmt":"2025-12-23T16:33:18","slug":"flushing-oil-1-liter","status":"publish","type":"product","link":"https:\/\/ab-marineservice.com\/de\/produkt\/flushing-oil-1-liter\/","title":{"rendered":"Flushing oil \u2013 1 liter, for cleaning internally contaminated engines"},"content":{"rendered":"<h4>Typische Standardanalysen<\/h4>\n<table class=\"table analyse-table\">\n<tbody>\n<tr>\n<td>Viskosit\u00e4t bei 100 \u00b0C<\/td>\n<td><b>8,00<\/b> mm\u00b2\/s<\/td>\n<\/tr>\n<tr>\n<td>Pourpoint<\/td>\n<td><b>-24<\/b> \u00b0C<\/td>\n<\/tr>\n<tr>\n<td>Viskosit\u00e4t bei -15 \u00b0C<\/td>\n<td><b>5000<\/b> mPa.s<\/td>\n<\/tr>\n<tr>\n<td>Viskosit\u00e4t bei 40 \u00b0C<\/td>\n<td><b>68,00<\/b> mm\u00b2\/s<\/td>\n<\/tr>\n<tr>\n<td>Flammpunkt COC<\/td>\n<td><b>215<\/b> \u00b0C<\/td>\n<\/tr>\n<tr>\n<td>Dichte bei 15 \u00b0C<\/td>\n<td><b>0,886<\/b> kg\/l<\/td>\n<\/tr>\n<tr>\n<td>Total Base Number<\/td>\n<td><b>3,5<\/b> mgKOH\/g<\/td>\n<\/tr>\n<tr>\n<td>Sulfataschegehalt<\/td>\n<td><b>0,55<\/b> %<\/td>\n<\/tr>\n<tr>\n<td>Viskosit\u00e4tsindex<\/td>\n<td><b>98<\/b><\/td>\n<\/tr>\n<\/tbody>\n<\/table>\n","protected":false},"excerpt":{"rendered":"<p>Flushing Oil ist ein wirksames hochwertiges Einbereichs-Sp\u00fcl\u00f6l. Die g\u00fcnstige Viskosit\u00e4tswahl, hochwertige l\u00f6sungsmittelraffinierte Basis\u00f6le sowie spezielle detergierende und dispergierende Additive machen Flushing Oil \u00e4u\u00dferst effektiv. Durch die richtige Zusammensetzung dieser Rohstoffe verf\u00fcgt das Produkt \u00fcber folgende Eigenschaften:<\/p>\n<ul>\n<li>Hohes Dispergier- und Detergierverm\u00f6gen<\/li>\n<li>Auch bei niedrigen Temperaturen wirksam<\/li>\n<li>Starke Verschlei\u00dfschutz-, Korrosionsschutz- und Antischaumeigenschaften<\/li>\n<li>Hohe Oxidationsbest\u00e4ndigkeit<\/li>\n<li>Ausgezeichnete Mischbarkeit mit sowohl Mehrbereichs-Mineral\u00f6len als auch (voll-)synthetischen Motor\u00f6len<\/li>\n<li>Absolut neutral gegen\u00fcber (alten) Dichtungen und Wellendichtringen: keine Leckagegefahr<\/li>\n<li>Gutes Feuchtigkeitsaufnahme- und Neutralisationsverm\u00f6gen<\/li>\n<\/ul>\n<ul>\n<li>API SF\/CC<\/li>\n<\/ul>\n<p>Flushing Oil ist ein Sp\u00fcl\u00f6l f\u00fcr Benzin- und Dieselmotoren. Es wirkt effektiv beim Wechsel von einem qualitativ minderwertigen zu einem qualitativ besseren Produkt. Ebenfalls sehr gut geeignet, wenn das Motor\u00f6l viel Kondenswasser, K\u00fchlfl\u00fcssigkeit, Kraftstoffverd\u00fcnnung und\/oder wei\u00dfen Schlamm enth\u00e4lt.<\/p>\n<p>Gebrauchsanweisung:<br \/>\n&#8211; 20\u201330 Minuten ausschlie\u00dflich im Leerlaufbetrieb anwenden (vorzugsweise bei warmem Motor)<br \/>\n&#8211; Anschlie\u00dfend ablassen, den \u00d6lfilter erneuern und den Motor mit einem Kroon-Oil (voll-)synthetischen Motor\u00f6l bef\u00fcllen<\/p>\n<p>Suchen Sie eine professionelle zweistufige Reinigung? Sp\u00fcl\u00f6l: Pro: <a href=\"https:\/\/ab-marineservice.com\/de\/produkt\/flushing-oil-pro-5-liter\/\">Flushing Oil Pro \u2013 5 Liter<\/a> anschlie\u00dfend <a href=\"https:\/\/ab-marineservice.com\/de\/produkt\/neutralizer-oil-pro-5-liter\/\">Neutralizer Oil Pro<\/a> verwenden<\/p>\n","protected":false},"featured_media":336545,"comment_status":"open","ping_status":"closed","template":"","meta":[],"location":[4275,4276],"product_brand":[25894],"product_cat":[2187,9884,3018],"product_tag":[],"class_list":{"0":"post-337165","1":"product","2":"type-product","3":"status-publish","4":"has-post-thumbnail","6":"location-aes-emmeloord","7":"location-aes-lemmer","8":"product_brand-kroon-oil","9":"product_cat-schmiermittel","10":"product_cat-kroon-oil","11":"product_cat-additiven","12":"product_shipping_class-paket-0-10-kg","14":"first","15":"instock","16":"sale","17":"taxable","18":"shipping-taxable","19":"purchasable","20":"product-type-simple"},"group_of_quantity":0,"min_quantity":0,"max_quantity":"","exclude_order_quantity_value_rules":"no","exclude_category_quantity_rules":"no","combine_variations":"no","locations":[{"id":4275,"name":"AES Emmeloord","slug":"aes-emmeloord","quantity":""},{"id":4276,"name":"AES Lemmer","slug":"aes-lemmer","quantity":""}],"_links":{"self":[{"href":"https:\/\/ab-marineservice.com\/de\/wp-json\/wp\/v2\/product\/337165","targetHints":{"allow":["GET"]}}],"collection":[{"href":"https:\/\/ab-marineservice.com\/de\/wp-json\/wp\/v2\/product"}],"about":[{"href":"https:\/\/ab-marineservice.com\/de\/wp-json\/wp\/v2\/types\/product"}],"replies":[{"embeddable":true,"href":"https:\/\/ab-marineservice.com\/de\/wp-json\/wp\/v2\/comments?post=337165"}],"wp:featuredmedia":[{"embeddable":true,"href":"https:\/\/ab-marineservice.com\/de\/wp-json\/wp\/v2\/media\/336545"}],"wp:attachment":[{"href":"https:\/\/ab-marineservice.com\/de\/wp-json\/wp\/v2\/media?parent=337165"}],"wp:term":[{"taxonomy":"location","embeddable":true,"href":"https:\/\/ab-marineservice.com\/de\/wp-json\/wp\/v2\/location?post=337165"},{"taxonomy":"product_brand","embeddable":true,"href":"https:\/\/ab-marineservice.com\/de\/wp-json\/wp\/v2\/product_brand?post=337165"},{"taxonomy":"product_cat","embeddable":true,"href":"https:\/\/ab-marineservice.com\/de\/wp-json\/wp\/v2\/product_cat?post=337165"},{"taxonomy":"product_tag","embeddable":true,"href":"https:\/\/ab-marineservice.com\/de\/wp-json\/wp\/v2\/product_tag?post=337165"}],"curies":[{"name":"wp","href":"https:\/\/api.w.org\/{rel}","templated":true}]}}