{"id":337170,"date":"2024-11-20T14:14:45","date_gmt":"2024-11-20T13:14:45","guid":{"rendered":"https:\/\/ab-marineservice.com\/product\/classic-gear-ls-90\/"},"modified":"2025-11-25T17:33:17","modified_gmt":"2025-11-25T16:33:17","slug":"classic-gear-ls-90-1-liter","status":"publish","type":"product","link":"https:\/\/ab-marineservice.com\/de\/produkt\/classic-gear-ls-90-1-liter\/","title":{"rendered":"Classic Gear LS 90 &#8211; 1 liter"},"content":{"rendered":"<p>Classic Gear LS 90 ist ein SAE 90-Spezial\u00f6l f\u00fcr Hypoidgetriebe mit Schlupfbegrenzung in Klassikern. Moderne Getriebe\u00f6le mit ihrer oft niedrigen Viskosit\u00e4t eignen sich nur bedingt oder \u00fcberhaupt nicht f\u00fcr Oldtimer-Getriebe. Kroon-Oil Classic Oils ist eine speziell f\u00fcr Klassiker formulierte Produktreihe. Mineralische Premium-Grund\u00f6le und sorgf\u00e4ltig ausgew\u00e4hlte Additive verleihen Classic Gear LS 90 die folgenden Eigenschaften:<\/p>\n<ul>\n<li>Hervorragendes Schmierverm\u00f6gen<\/li>\n<li>\u00dcberlegene Schlupfbegrenzungseigenschaften: besonders f\u00fcr Selbstsperrdifferenziale geeignet.<\/li>\n<li>Guter Korrosionsschutz<\/li>\n<li>Hervorragende EP-Hochdruckeigenschaften<\/li>\n<li>Hervorragender Verschlei\u00dfschutz bei pl\u00f6tzlichen Lastwechseln und hohen Sto\u00dflasten<\/li>\n<li>Volle Kompatibilit\u00e4t mit den Dichtungen und Gummis in Klassikern<\/li>\n<li>Gute Schaumunterdr\u00fcckung<\/li>\n<\/ul>\n<h4>Produktdaten<\/h4>\n<ul>\n<li>API GL-5 Limited Slip<\/li>\n<li>MIL-L-2105B\/C<\/li>\n<li>Ford M2C 104-A<\/li>\n<li>GM 1942380<\/li>\n<li>ZF TE-ML 05C, 05N, 21N<\/li>\n<\/ul>\n<h4>Typische Standardanalysen<\/h4>\n<table class=\"table analyse-table\">\n<tr>\n<td>Flie\u00dfpunkt<\/td>\n<td>\n<b>-36<\/b>  \u00b0C<\/td>\n<\/tr>\n<tr>\n<td>Basenzahl<\/td>\n<td>\n<b>2,0<\/b>  mgKOH\/g<\/td>\n<\/tr>\n<tr>\n<td>Zink<\/td>\n<td>\n<b>0<\/b>  mg\/kg<\/td>\n<\/tr>\n<tr>\n<td>Kalzium<\/td>\n<td>\n<b>240<\/b>  mg\/kg<\/td>\n<\/tr>\n<tr>\n<td>Viskosit\u00e4t 100 \u00b0C<\/td>\n<td>\n<b>15,00<\/b>  mm\u00b2\/s<\/td>\n<\/tr>\n<tr>\n<td>Brookfield -26\u00b0C<\/td>\n<td>\n<b>40700<\/b>  mPa.s<\/td>\n<\/tr>\n<tr>\n<td>Dichte bei 15 \u00b0C<\/td>\n<td>\n<b>0,881<\/b>  kg\/l<\/td>\n<\/tr>\n<tr>\n<td>S\u00e4urenzahl<\/td>\n<td>\n<b>1,27<\/b>  mgKOH\/g<\/td>\n<\/tr>\n<tr>\n<td>Flammpunkt COC<\/td>\n<td>\n<b>214<\/b>  \u00b0C<\/td>\n<\/tr>\n<tr>\n<td>Viskosit\u00e4t 40 \u00b0C<\/td>\n<td>\n<b>120,00<\/b>  mm\u00b2\/s<\/td>\n<\/tr>\n<tr>\n<td>Viskosit\u00e4tsindex<\/td>\n<td>\n<b>125<\/b> <\/td>\n<\/tr>\n<\/table>\n","protected":false},"excerpt":{"rendered":"<p>Classic Gear LS 90 ist ein Spezial\u00f6l f\u00fcr Hypoidgetriebe mit Schlupfbegrenzung. Das Produkt eignet sich f\u00fcr Selbstsperrdifferenziale und andere Getriebe von Klassikern, die ein Sperrdifferenzial\u00f6l der Spezifikation API GL-5 erfordern.<\/p>\n","protected":false},"featured_media":336565,"comment_status":"open","ping_status":"open","template":"","meta":[],"location":[4275,4276],"product_brand":[25894],"product_cat":[2187,9884],"product_tag":[],"class_list":{"0":"post-337170","1":"product","2":"type-product","3":"status-publish","4":"has-post-thumbnail","6":"location-aes-emmeloord","7":"location-aes-lemmer","8":"product_brand-kroon-oil","9":"product_cat-schmiermittel","10":"product_cat-kroon-oil","11":"product_shipping_class-paket-0-10-kg","13":"first","14":"instock","15":"sale","16":"taxable","17":"shipping-taxable","18":"purchasable","19":"product-type-simple"},"group_of_quantity":0,"min_quantity":0,"max_quantity":"","exclude_order_quantity_value_rules":"no","exclude_category_quantity_rules":"no","combine_variations":"no","locations":[{"id":4275,"name":"AES Emmeloord","slug":"aes-emmeloord","quantity":""},{"id":4276,"name":"AES Lemmer","slug":"aes-lemmer","quantity":""}],"_links":{"self":[{"href":"https:\/\/ab-marineservice.com\/de\/wp-json\/wp\/v2\/product\/337170","targetHints":{"allow":["GET"]}}],"collection":[{"href":"https:\/\/ab-marineservice.com\/de\/wp-json\/wp\/v2\/product"}],"about":[{"href":"https:\/\/ab-marineservice.com\/de\/wp-json\/wp\/v2\/types\/product"}],"replies":[{"embeddable":true,"href":"https:\/\/ab-marineservice.com\/de\/wp-json\/wp\/v2\/comments?post=337170"}],"wp:featuredmedia":[{"embeddable":true,"href":"https:\/\/ab-marineservice.com\/de\/wp-json\/wp\/v2\/media\/336565"}],"wp:attachment":[{"href":"https:\/\/ab-marineservice.com\/de\/wp-json\/wp\/v2\/media?parent=337170"}],"wp:term":[{"taxonomy":"location","embeddable":true,"href":"https:\/\/ab-marineservice.com\/de\/wp-json\/wp\/v2\/location?post=337170"},{"taxonomy":"product_brand","embeddable":true,"href":"https:\/\/ab-marineservice.com\/de\/wp-json\/wp\/v2\/product_brand?post=337170"},{"taxonomy":"product_cat","embeddable":true,"href":"https:\/\/ab-marineservice.com\/de\/wp-json\/wp\/v2\/product_cat?post=337170"},{"taxonomy":"product_tag","embeddable":true,"href":"https:\/\/ab-marineservice.com\/de\/wp-json\/wp\/v2\/product_tag?post=337170"}],"curies":[{"name":"wp","href":"https:\/\/api.w.org\/{rel}","templated":true}]}}