{"id":337171,"date":"2024-11-20T14:14:45","date_gmt":"2024-11-20T13:14:45","guid":{"rendered":"https:\/\/ab-marineservice.com\/product\/classic-gear-zc-90\/"},"modified":"2025-11-25T17:33:20","modified_gmt":"2025-11-25T16:33:20","slug":"classic-gear-zc-90-1-liter","status":"publish","type":"product","link":"https:\/\/ab-marineservice.com\/de\/produkt\/classic-gear-zc-90-1-liter\/","title":{"rendered":"Classic Gear ZC 90 &#8211; 1 liter"},"content":{"rendered":"<p>Classic Gear ZC 90 ist ein nur schwach additiviertes SAE 90-Getriebe\u00f6l mit Extremdruckschutz, das sich f\u00fcr klassische Getriebe eignet. Moderne Getriebe\u00f6le weisen oft eine niedrige Viskosit\u00e4t auf und eignen sich daher nur bedingt oder \u00fcberhaupt nicht f\u00fcr Getriebe in Oldtimern. Kroon-Oil hat aus diesem Grund Classic Oils entwickelt &#8211; ein umfassendes \u00d6lsortiment, das speziell auf die Anforderungen von Klassikern ausgelegt ist. Mineralische Premium-Grund\u00f6le und sorgf\u00e4ltig ausgew\u00e4hlte Additive verleihen Classic ZC 90 die folgenden Eigenschaften:<\/p>\n<ul>\n<li>Hervorragendes Schmierverm\u00f6gen<\/li>\n<li>Guter Korrosionsschutz<\/li>\n<li>Modifizierte Extremdruckeigenschaften<\/li>\n<li>Kompatibel mit Buntmetallen wie Kupfer, Bronze und Messing<\/li>\n<li>Voll kompatibel mit den Dichtungen und Gummis in Klassikern<\/li>\n<li>Gute Schaumunterdr\u00fcckung<\/li>\n<\/ul>\n<h4>Produktdaten<\/h4>\n<ul>\n<li>API GL-3<\/li>\n<li>Oliofiat ZC 90<\/li>\n<\/ul>\n<h4>Typische Standardanalysen<\/h4>\n<table class=\"table analyse-table\">\n<tr>\n<td>S\u00e4urenzahl<\/td>\n<td>\n<b>0,54<\/b>  mgKOH\/g<\/td>\n<\/tr>\n<tr>\n<td>Dichte bei 15 \u00b0C<\/td>\n<td>\n<b>0,893<\/b>  kg\/l<\/td>\n<\/tr>\n<tr>\n<td>Flie\u00dfpunkt<\/td>\n<td>\n<b>-18<\/b>  \u00b0C<\/td>\n<\/tr>\n<tr>\n<td>Flammpunkt COC<\/td>\n<td>\n<b>245<\/b>  \u00b0C<\/td>\n<\/tr>\n<tr>\n<td>Viskosit\u00e4t 100 \u00b0C<\/td>\n<td>\n<b>18,10<\/b>  mm\u00b2\/s<\/td>\n<\/tr>\n<tr>\n<td>Viskosit\u00e4tsindex<\/td>\n<td>\n<b>95<\/b> <\/td>\n<\/tr>\n<tr>\n<td>Viskosit\u00e4t 40 \u00b0C<\/td>\n<td>\n<b>220,00<\/b>  mm\u00b2\/s<\/td>\n<\/tr>\n<\/table>\n","protected":false},"excerpt":{"rendered":"<p>Classic Gear ZC 90 ist ein SAE 90-Getriebe\u00f6l auf Mineral\u00f6lbasis. Eignet sich f\u00fcr Leichtlast-Schaltgetriebe und andere Getriebe in Klassikern, die ein nur leicht EP-additiviertes Einbereichs\u00f6l mit Extremdruckschutz (EP) der Spezifikation API GL-3 erfordern. Classic Gear ZC 90 bietet sich auch f\u00fcr die Schaltgetriebe der Klassiker von Alfa Romeo, Fiat und Lancia an, f\u00fcr die das Getriebe\u00f6l OlioFiat ZC 90 vorgeschrieben ist.<\/p>\n","protected":false},"featured_media":336569,"comment_status":"open","ping_status":"closed","template":"","meta":[],"location":[3905,4275,4276],"product_brand":[25894],"product_cat":[2187,9884],"product_tag":[],"class_list":{"0":"post-337171","1":"product","2":"type-product","3":"status-publish","4":"has-post-thumbnail","6":"location-ab-marine-service","7":"location-aes-emmeloord","8":"location-aes-lemmer","9":"product_brand-kroon-oil","10":"product_cat-schmiermittel","11":"product_cat-kroon-oil","12":"product_shipping_class-paket-0-10-kg","14":"first","15":"instock","16":"sale","17":"taxable","18":"shipping-taxable","19":"purchasable","20":"product-type-simple"},"group_of_quantity":0,"min_quantity":0,"max_quantity":"","exclude_order_quantity_value_rules":"no","exclude_category_quantity_rules":"no","combine_variations":"no","locations":[{"id":3905,"name":"AB Marine","slug":"ab-marine-service","quantity":""},{"id":4275,"name":"AES Emmeloord","slug":"aes-emmeloord","quantity":""},{"id":4276,"name":"AES Lemmer","slug":"aes-lemmer","quantity":""}],"_links":{"self":[{"href":"https:\/\/ab-marineservice.com\/de\/wp-json\/wp\/v2\/product\/337171","targetHints":{"allow":["GET"]}}],"collection":[{"href":"https:\/\/ab-marineservice.com\/de\/wp-json\/wp\/v2\/product"}],"about":[{"href":"https:\/\/ab-marineservice.com\/de\/wp-json\/wp\/v2\/types\/product"}],"replies":[{"embeddable":true,"href":"https:\/\/ab-marineservice.com\/de\/wp-json\/wp\/v2\/comments?post=337171"}],"wp:featuredmedia":[{"embeddable":true,"href":"https:\/\/ab-marineservice.com\/de\/wp-json\/wp\/v2\/media\/336569"}],"wp:attachment":[{"href":"https:\/\/ab-marineservice.com\/de\/wp-json\/wp\/v2\/media?parent=337171"}],"wp:term":[{"taxonomy":"location","embeddable":true,"href":"https:\/\/ab-marineservice.com\/de\/wp-json\/wp\/v2\/location?post=337171"},{"taxonomy":"product_brand","embeddable":true,"href":"https:\/\/ab-marineservice.com\/de\/wp-json\/wp\/v2\/product_brand?post=337171"},{"taxonomy":"product_cat","embeddable":true,"href":"https:\/\/ab-marineservice.com\/de\/wp-json\/wp\/v2\/product_cat?post=337171"},{"taxonomy":"product_tag","embeddable":true,"href":"https:\/\/ab-marineservice.com\/de\/wp-json\/wp\/v2\/product_tag?post=337171"}],"curies":[{"name":"wp","href":"https:\/\/api.w.org\/{rel}","templated":true}]}}