{"id":337172,"date":"2024-11-20T14:14:45","date_gmt":"2024-11-20T13:14:45","guid":{"rendered":"https:\/\/ab-marineservice.com\/product\/classic-atf-a\/"},"modified":"2026-05-04T15:25:31","modified_gmt":"2026-05-04T13:25:31","slug":"classic-atf-a-1-liter","status":"publish","type":"product","link":"https:\/\/ab-marineservice.com\/de\/produkt\/classic-atf-a-1-liter\/","title":{"rendered":"Classic ATF A &#8211; 1 liter"},"content":{"rendered":"<p>Classic ATF A ist ein mineralisches Automatikgetriebe\u00f6l mit speziellen Reibungsmodifikatoren, die genau auf die Reibmaterialien abgestimmt sind, die damals von den Automobilherstellern in Klassiker-Automatikgetrieben verwendet wurden. Mineralische Premium-Grund\u00f6le und sorgf\u00e4ltig ausgew\u00e4hlte Additive verleihen Classic ATF A die folgenden Eigenschaften:<\/p>\n<ul>\n<li>Ein sehr hoher und stabiler Viskosit\u00e4tsindex<\/li>\n<li>Reibeigenschaften, die optimal auf die Anforderungen von klassischen Reibmaterialien ausgelegt sind.<\/li>\n<li>Gew\u00e4hrleistet effiziente, aber ruckfreie Gangwechsel<\/li>\n<li>Sehr niedriger Flie\u00dfpunkt<\/li>\n<li>Ausgezeichnete Oxidationsstabilit\u00e4t<\/li>\n<li>Wirkungsvoller Schutz vor Korrosion und Schaumbildung<\/li>\n<li>Volle Kompatibilit\u00e4t mit den Dichtungen und Gummis in Klassikern<\/li>\n<\/ul>\n<h4>Produktdaten<\/h4>\n<ul>\n<li>GM Type A Suffix A<\/li>\n<li>ATF Type A Suffix A (TASA), ATF Dexron B<\/li>\n<li>GM Dexron B<\/li>\n<li>DTFR 13C120<\/li>\n<li>Ford M2C41-A\/B<\/li>\n<li>MB 236.2<\/li>\n<\/ul>\n<h4>Typische Standardanalysen<\/h4>\n<table class=\"table analyse-table\">\n<tr>\n<td>Flammpunkt COC<\/td>\n<td>\n<b>224<\/b>  \u00b0C<\/td>\n<\/tr>\n<tr>\n<td>Dichte bei 15 \u00b0C<\/td>\n<td>\n<b>0,857<\/b>  kg\/l<\/td>\n<\/tr>\n<tr>\n<td>Sulfataschegehalt<\/td>\n<td>\n<b>0,18<\/b>  %<\/td>\n<\/tr>\n<tr>\n<td>Viskosit\u00e4t 40 \u00b0C<\/td>\n<td>\n<b>39,00<\/b>  mm\u00b2\/s<\/td>\n<\/tr>\n<tr>\n<td>Viskosit\u00e4tsindex<\/td>\n<td>\n<b>151<\/b> <\/td>\n<\/tr>\n<tr>\n<td>Flie\u00dfpunkt<\/td>\n<td>\n<b>-42<\/b>  \u00b0C<\/td>\n<\/tr>\n<tr>\n<td>Basenzahl<\/td>\n<td>\n<b>0,8<\/b>  mgKOH\/g<\/td>\n<\/tr>\n<tr>\n<td>Viskosit\u00e4t 100 \u00b0C<\/td>\n<td>\n<b>7,22<\/b>  mm\u00b2\/s<\/td>\n<\/tr>\n<\/table>\n","protected":false},"excerpt":{"rendered":"<p>Classic ATF A ist ein hochwertiges ATF-\u00d6l auf Mineral\u00f6lbasis f\u00fcr automatische und halbautomatische Getrieben von Oldtimern, f\u00fcr die ein Getriebe\u00f6l vom ATF-Typ A, Suffix A mit Reibungsmodifikatoren (Friction Modified) vorgeschrieben ist. Classic ATF A kann auch f\u00fcr Servolenkungen in Oldtimern verwendet sowie in Schaltgetriebe von Mercedes-Klassikern eingef\u00fcllt werden, die u. A. ein \u00d6l der MB-Spezifikation 236.2 erfordern.<\/p>\n","protected":false},"featured_media":336573,"comment_status":"open","ping_status":"open","template":"","meta":[],"location":[4275,4276],"product_brand":[25894],"product_cat":[2187,9884],"product_tag":[],"class_list":{"0":"post-337172","1":"product","2":"type-product","3":"status-publish","4":"has-post-thumbnail","6":"location-aes-emmeloord","7":"location-aes-lemmer","8":"product_brand-kroon-oil","9":"product_cat-schmiermittel","10":"product_cat-kroon-oil","11":"product_shipping_class-paket-0-10-kg","13":"first","14":"instock","15":"sale","16":"taxable","17":"shipping-taxable","18":"purchasable","19":"product-type-simple"},"group_of_quantity":0,"min_quantity":0,"max_quantity":"","exclude_order_quantity_value_rules":"no","exclude_category_quantity_rules":"no","combine_variations":"no","locations":[{"id":4275,"name":"AES Emmeloord","slug":"aes-emmeloord","quantity":""},{"id":4276,"name":"AES Lemmer","slug":"aes-lemmer","quantity":""}],"_links":{"self":[{"href":"https:\/\/ab-marineservice.com\/de\/wp-json\/wp\/v2\/product\/337172","targetHints":{"allow":["GET"]}}],"collection":[{"href":"https:\/\/ab-marineservice.com\/de\/wp-json\/wp\/v2\/product"}],"about":[{"href":"https:\/\/ab-marineservice.com\/de\/wp-json\/wp\/v2\/types\/product"}],"replies":[{"embeddable":true,"href":"https:\/\/ab-marineservice.com\/de\/wp-json\/wp\/v2\/comments?post=337172"}],"wp:featuredmedia":[{"embeddable":true,"href":"https:\/\/ab-marineservice.com\/de\/wp-json\/wp\/v2\/media\/336573"}],"wp:attachment":[{"href":"https:\/\/ab-marineservice.com\/de\/wp-json\/wp\/v2\/media?parent=337172"}],"wp:term":[{"taxonomy":"location","embeddable":true,"href":"https:\/\/ab-marineservice.com\/de\/wp-json\/wp\/v2\/location?post=337172"},{"taxonomy":"product_brand","embeddable":true,"href":"https:\/\/ab-marineservice.com\/de\/wp-json\/wp\/v2\/product_brand?post=337172"},{"taxonomy":"product_cat","embeddable":true,"href":"https:\/\/ab-marineservice.com\/de\/wp-json\/wp\/v2\/product_cat?post=337172"},{"taxonomy":"product_tag","embeddable":true,"href":"https:\/\/ab-marineservice.com\/de\/wp-json\/wp\/v2\/product_tag?post=337172"}],"curies":[{"name":"wp","href":"https:\/\/api.w.org\/{rel}","templated":true}]}}