{"id":337192,"date":"2024-11-20T14:16:31","date_gmt":"2024-11-20T13:16:31","guid":{"rendered":"https:\/\/ab-marineservice.com\/product\/radiator-cleaner\/"},"modified":"2026-05-04T15:24:27","modified_gmt":"2026-05-04T13:24:27","slug":"radiator-cleaner-250-ml","status":"publish","type":"product","link":"https:\/\/ab-marineservice.com\/de\/produkt\/radiator-cleaner-250-ml\/","title":{"rendered":"Radiator Cleaner \u2013 250 ml"},"content":{"rendered":"<p>Radiator Cleaner ist ein professioneller Reiniger, um Korrosion, Schlamm und Kesselstein aus dem K\u00fchlsystem zu entfernen. Diese spezielle Formulierung bietet folgende Vorteile:<\/p>\n<ul>\n<li>Entfernt Kesselstein und Korrosion aus K\u00fchlsystemen.<\/li>\n<li>Stellt W\u00e4rmetauschleistung des K\u00fchlsystems wieder her.<\/li>\n<li>Saubere K\u00fchlsysteme bedeuten weniger thermische Belastung des Motor\u00f6ls.<\/li>\n<li>Stellt vorschriftsm\u00e4\u00dfige Betriebstemperatur wieder her und optimiert dadurch die Motorleistung.<\/li>\n<li>Reduziert Risiko von Verstopfung in Heizungsw\u00e4rmetauschern und Problemen durch \u00dcberhitzen.<\/li>\n<li>Verhindert Beeintr\u00e4chtigungen durch Mischen unbekannter K\u00fchlmittel.<\/li>\n<\/ul>\n","protected":false},"excerpt":{"rendered":"<p>Gebrauchsanweisung: <br \/>Eine Flasche Radiator Cleaner bei kaltem, aber laufendem Motor in das K\u00fchlsystem (max. 8 l K\u00fchlmittel) einf\u00fcllen. Das K\u00fchlsystem auf seine Betriebstemperatur bringen und Motor mit erh\u00f6hter Drehzahl f\u00fcr 30 Minuten laufen lassen. ACHTUNG! Die 30 Minuten nicht \u00fcberschreiten! Dann das System komplett entleeren. System gr\u00fcndlich mit Wasser durchsp\u00fclen und danach das korrekte K\u00fchlmittel einf\u00fcllen. Zum Schluss das System gr\u00fcndlich entl\u00fcften.<\/p>\n","protected":false},"featured_media":336655,"comment_status":"open","ping_status":"open","template":"","meta":[],"location":[4275,4276],"product_brand":[25894],"product_cat":[2187,9884],"product_tag":[],"class_list":{"0":"post-337192","1":"product","2":"type-product","3":"status-publish","4":"has-post-thumbnail","6":"location-aes-emmeloord","7":"location-aes-lemmer","8":"product_brand-kroon-oil","9":"product_cat-schmiermittel","10":"product_cat-kroon-oil","11":"product_shipping_class-paket-0-10-kg","13":"first","14":"outofstock","15":"sale","16":"taxable","17":"shipping-taxable","18":"purchasable","19":"product-type-simple"},"group_of_quantity":0,"min_quantity":0,"max_quantity":"","exclude_order_quantity_value_rules":"no","exclude_category_quantity_rules":"no","combine_variations":"no","locations":[{"id":4275,"name":"AES Emmeloord","slug":"aes-emmeloord","quantity":""},{"id":4276,"name":"AES Lemmer","slug":"aes-lemmer","quantity":""}],"_links":{"self":[{"href":"https:\/\/ab-marineservice.com\/de\/wp-json\/wp\/v2\/product\/337192","targetHints":{"allow":["GET"]}}],"collection":[{"href":"https:\/\/ab-marineservice.com\/de\/wp-json\/wp\/v2\/product"}],"about":[{"href":"https:\/\/ab-marineservice.com\/de\/wp-json\/wp\/v2\/types\/product"}],"replies":[{"embeddable":true,"href":"https:\/\/ab-marineservice.com\/de\/wp-json\/wp\/v2\/comments?post=337192"}],"wp:featuredmedia":[{"embeddable":true,"href":"https:\/\/ab-marineservice.com\/de\/wp-json\/wp\/v2\/media\/336655"}],"wp:attachment":[{"href":"https:\/\/ab-marineservice.com\/de\/wp-json\/wp\/v2\/media?parent=337192"}],"wp:term":[{"taxonomy":"location","embeddable":true,"href":"https:\/\/ab-marineservice.com\/de\/wp-json\/wp\/v2\/location?post=337192"},{"taxonomy":"product_brand","embeddable":true,"href":"https:\/\/ab-marineservice.com\/de\/wp-json\/wp\/v2\/product_brand?post=337192"},{"taxonomy":"product_cat","embeddable":true,"href":"https:\/\/ab-marineservice.com\/de\/wp-json\/wp\/v2\/product_cat?post=337192"},{"taxonomy":"product_tag","embeddable":true,"href":"https:\/\/ab-marineservice.com\/de\/wp-json\/wp\/v2\/product_tag?post=337192"}],"curies":[{"name":"wp","href":"https:\/\/api.w.org\/{rel}","templated":true}]}}