{"id":337193,"date":"2024-11-20T14:16:31","date_gmt":"2024-11-20T13:16:31","guid":{"rendered":"https:\/\/ab-marineservice.com\/product\/radiator-leak-stop\/"},"modified":"2026-05-04T15:24:30","modified_gmt":"2026-05-04T13:24:30","slug":"radiator-leak-stop-250-ml","status":"publish","type":"product","link":"https:\/\/ab-marineservice.com\/de\/produkt\/radiator-leak-stop-250-ml\/","title":{"rendered":"Radiator Leak Stop \u2013 250 ml"},"content":{"rendered":"<p>Radiator Leak Stop ist eine einzigartige Mischung aus Naturfasern und Tensiden. Zusammen gew\u00e4hrleisten diese Substanzen, dass Risse und Poren in K\u00fchlern und K\u00fchlsystemen abgedichtet werden. Radiator Leak Stop ist eine einzigartige Mischung aus Naturfasern und Tensiden, um kleinere Lecks in K\u00fchlsystemen abzudichten. Radiator Leak Stop kann auch pr\u00e4ventiv verwendet werden. In diesem Fall gew\u00e4hrt das Produkt sofortigen Schutz vor zuk\u00fcnftigen Undichtigkeiten.<\/p>\n","protected":false},"excerpt":{"rendered":"<p>Gebrauchsanweisung:<br \/>Eine Flasche Radiator Leak Stop bei kaltem, aber laufendem Motor in das K\u00fchlsystem (max. 8 l K\u00fchlmittel) einf\u00fcllen. Heizung einschalten und warten, bis Motor seine Betriebstemperatur erreicht. Bei Verschmutzung das System zuvor mit Radiator Cleaner reinigen.<\/p>\n","protected":false},"featured_media":336659,"comment_status":"open","ping_status":"open","template":"","meta":[],"location":[4275,4276],"product_brand":[25894],"product_cat":[2187,9884],"product_tag":[],"class_list":{"0":"post-337193","1":"product","2":"type-product","3":"status-publish","4":"has-post-thumbnail","6":"location-aes-emmeloord","7":"location-aes-lemmer","8":"product_brand-kroon-oil","9":"product_cat-schmiermittel","10":"product_cat-kroon-oil","11":"product_shipping_class-paket-0-10-kg","13":"first","14":"outofstock","15":"sale","16":"taxable","17":"shipping-taxable","18":"purchasable","19":"product-type-simple"},"group_of_quantity":0,"min_quantity":0,"max_quantity":"","exclude_order_quantity_value_rules":"no","exclude_category_quantity_rules":"no","combine_variations":"no","locations":[{"id":4275,"name":"AES Emmeloord","slug":"aes-emmeloord","quantity":""},{"id":4276,"name":"AES Lemmer","slug":"aes-lemmer","quantity":""}],"_links":{"self":[{"href":"https:\/\/ab-marineservice.com\/de\/wp-json\/wp\/v2\/product\/337193","targetHints":{"allow":["GET"]}}],"collection":[{"href":"https:\/\/ab-marineservice.com\/de\/wp-json\/wp\/v2\/product"}],"about":[{"href":"https:\/\/ab-marineservice.com\/de\/wp-json\/wp\/v2\/types\/product"}],"replies":[{"embeddable":true,"href":"https:\/\/ab-marineservice.com\/de\/wp-json\/wp\/v2\/comments?post=337193"}],"wp:featuredmedia":[{"embeddable":true,"href":"https:\/\/ab-marineservice.com\/de\/wp-json\/wp\/v2\/media\/336659"}],"wp:attachment":[{"href":"https:\/\/ab-marineservice.com\/de\/wp-json\/wp\/v2\/media?parent=337193"}],"wp:term":[{"taxonomy":"location","embeddable":true,"href":"https:\/\/ab-marineservice.com\/de\/wp-json\/wp\/v2\/location?post=337193"},{"taxonomy":"product_brand","embeddable":true,"href":"https:\/\/ab-marineservice.com\/de\/wp-json\/wp\/v2\/product_brand?post=337193"},{"taxonomy":"product_cat","embeddable":true,"href":"https:\/\/ab-marineservice.com\/de\/wp-json\/wp\/v2\/product_cat?post=337193"},{"taxonomy":"product_tag","embeddable":true,"href":"https:\/\/ab-marineservice.com\/de\/wp-json\/wp\/v2\/product_tag?post=337193"}],"curies":[{"name":"wp","href":"https:\/\/api.w.org\/{rel}","templated":true}]}}