{"id":337194,"date":"2024-11-20T14:16:31","date_gmt":"2024-11-20T13:16:31","guid":{"rendered":"https:\/\/ab-marineservice.com\/product\/oil-treatment\/"},"modified":"2025-11-25T17:32:25","modified_gmt":"2025-11-25T16:32:25","slug":"oil-treatment-250-ml","status":"publish","type":"product","link":"https:\/\/ab-marineservice.com\/de\/produkt\/oil-treatment-250-ml\/","title":{"rendered":"Oil Treatment \u2013 250 ml"},"content":{"rendered":"<p>Oil Treatment ist ein hochwirksames, reinigendes Motor\u00f6ladditiv f\u00fcr frisches Motor\u00f6l. Spezielle, hochmoderne Additive gew\u00e4hren folgende Vorteile und Eigenschaften:<\/p>\n<ul>\n<li>Entfernt verkokte Ablagerungen an Ventilsch\u00e4ften und Pr\u00e4zisionsteilen im Motor wie Nockenwellenstellern und Hydrost\u00f6\u00dfeln.<\/li>\n<li>Entfernt Ablagerungen von Kolbenringnuten.<\/li>\n<li>Reduziert Bildung und Ablagerung von \u00d6lschlamm im Motor\u00f6l.<\/li>\n<li>Vermindert Ablagerungen durch \u00d6l- und Kraftstoffreaktionen.<\/li>\n<li>Reduziert \u00d6lverbrauch.<\/li>\n<li>Reinigungswirkung entfaltet sich schon ab \u00d6ltemperaturen von 30\u00b0C.<\/li>\n<\/ul>\n","protected":false},"excerpt":{"rendered":"<p>Oil Treatment ist mit allen Motor\u00f6ltypen einschlie\u00dflich Low-SAPS-\u00d6len kompatibel. Oil Treatment empfiehlt sich ungeachtet der Laufleistung f\u00fcr Motoren, die zu Festh\u00e4ngen von Ventilen oder klickenden Hydrost\u00f6\u00dfeln neigen  Die Zugabe dieses Produkts beeintr\u00e4chtigt nicht die Wirkung anderer \u00d6ladditive. <\/p>\n<p>Gebrauchsanweisung:<br \/>Pro 4 l frischen Motor\u00f6ls eine Dosis von 250 ml zugeben.<\/p>\n","protected":false},"featured_media":336663,"comment_status":"open","ping_status":"open","template":"","meta":[],"location":[4275,4276],"product_brand":[25894],"product_cat":[2187,9884],"product_tag":[],"class_list":{"0":"post-337194","1":"product","2":"type-product","3":"status-publish","4":"has-post-thumbnail","6":"location-aes-emmeloord","7":"location-aes-lemmer","8":"product_brand-kroon-oil","9":"product_cat-schmiermittel","10":"product_cat-kroon-oil","11":"product_shipping_class-paket-0-10-kg","13":"first","14":"outofstock","15":"sale","16":"taxable","17":"shipping-taxable","18":"purchasable","19":"product-type-simple"},"group_of_quantity":0,"min_quantity":0,"max_quantity":"","exclude_order_quantity_value_rules":"no","exclude_category_quantity_rules":"no","combine_variations":"no","locations":[{"id":4275,"name":"AES Emmeloord","slug":"aes-emmeloord","quantity":""},{"id":4276,"name":"AES Lemmer","slug":"aes-lemmer","quantity":""}],"_links":{"self":[{"href":"https:\/\/ab-marineservice.com\/de\/wp-json\/wp\/v2\/product\/337194","targetHints":{"allow":["GET"]}}],"collection":[{"href":"https:\/\/ab-marineservice.com\/de\/wp-json\/wp\/v2\/product"}],"about":[{"href":"https:\/\/ab-marineservice.com\/de\/wp-json\/wp\/v2\/types\/product"}],"replies":[{"embeddable":true,"href":"https:\/\/ab-marineservice.com\/de\/wp-json\/wp\/v2\/comments?post=337194"}],"wp:featuredmedia":[{"embeddable":true,"href":"https:\/\/ab-marineservice.com\/de\/wp-json\/wp\/v2\/media\/336663"}],"wp:attachment":[{"href":"https:\/\/ab-marineservice.com\/de\/wp-json\/wp\/v2\/media?parent=337194"}],"wp:term":[{"taxonomy":"location","embeddable":true,"href":"https:\/\/ab-marineservice.com\/de\/wp-json\/wp\/v2\/location?post=337194"},{"taxonomy":"product_brand","embeddable":true,"href":"https:\/\/ab-marineservice.com\/de\/wp-json\/wp\/v2\/product_brand?post=337194"},{"taxonomy":"product_cat","embeddable":true,"href":"https:\/\/ab-marineservice.com\/de\/wp-json\/wp\/v2\/product_cat?post=337194"},{"taxonomy":"product_tag","embeddable":true,"href":"https:\/\/ab-marineservice.com\/de\/wp-json\/wp\/v2\/product_tag?post=337194"}],"curies":[{"name":"wp","href":"https:\/\/api.w.org\/{rel}","templated":true}]}}