{"id":337195,"date":"2024-11-20T14:16:31","date_gmt":"2024-11-20T13:16:31","guid":{"rendered":"https:\/\/ab-marineservice.com\/product\/oil-leak-stop\/"},"modified":"2025-11-25T17:32:29","modified_gmt":"2025-11-25T16:32:29","slug":"oil-leak-stop-250-ml","status":"publish","type":"product","link":"https:\/\/ab-marineservice.com\/de\/produkt\/oil-leak-stop-250-ml\/","title":{"rendered":"Oil Leak Stop \u2013 250 ml"},"content":{"rendered":"<p>Oil Leak Stop ist ein revolution\u00e4res Produkt, das por\u00f6se und lecke Dichtungen wiederherstellt. Oil Leak Stop eignet sich f\u00fcr alle herk\u00f6mmlichen \u00d6le und Systeme. In 99% aller F\u00e4lle kann es alle Arten von Dichtungen wiederherstellen. Es enth\u00e4lt keinerlei Feststoffe und ver\u00e4ndert Eigenschaften und Schmierwirkung des \u00d6ls nicht. Oil Leak Stop kann teure Reparaturen hinausz\u00f6gern oder in manchen F\u00e4llen vermeiden. Die exklusive Formulierung von Oil Leak Stop gew\u00e4hrt folgende Vorteile\/Eigenschaften:<\/p>\n<ul>\n<li>Stellt Dichtungen wieder her.<\/li>\n<li>Verhindert Undichtigkeit und bewirkt Schutzeffekt.<\/li>\n<li>Beeintr\u00e4chtigt nicht die Schmiereigenschaften von \u00d6l.<\/li>\n<\/ul>\n","protected":false},"excerpt":{"rendered":"<p>Gebrauchsanweisung:<br \/>Oil Leak Stop eignet sich f\u00fcr alle Schmiersysteme mit Dichtungen. Das Produkt ist perfekt f\u00fcr folgende Bereiche: Kfz, Industrie, Landwirtschaft und Wasserfahrzeuge. Eine 250 ml Flasche pro 3 l Kurbelgeh\u00e4usevolumen dem Schmiersystem zugeben.<\/p>\n","protected":false},"featured_media":336667,"comment_status":"open","ping_status":"open","template":"","meta":[],"location":[4275,4276],"product_brand":[25894],"product_cat":[2187,9884],"product_tag":[],"class_list":{"0":"post-337195","1":"product","2":"type-product","3":"status-publish","4":"has-post-thumbnail","6":"location-aes-emmeloord","7":"location-aes-lemmer","8":"product_brand-kroon-oil","9":"product_cat-schmiermittel","10":"product_cat-kroon-oil","11":"product_shipping_class-paket-0-10-kg","13":"first","14":"outofstock","15":"sale","16":"taxable","17":"shipping-taxable","18":"purchasable","19":"product-type-simple"},"group_of_quantity":0,"min_quantity":0,"max_quantity":"","exclude_order_quantity_value_rules":"no","exclude_category_quantity_rules":"no","combine_variations":"no","locations":[{"id":4275,"name":"AES Emmeloord","slug":"aes-emmeloord","quantity":""},{"id":4276,"name":"AES Lemmer","slug":"aes-lemmer","quantity":""}],"_links":{"self":[{"href":"https:\/\/ab-marineservice.com\/de\/wp-json\/wp\/v2\/product\/337195","targetHints":{"allow":["GET"]}}],"collection":[{"href":"https:\/\/ab-marineservice.com\/de\/wp-json\/wp\/v2\/product"}],"about":[{"href":"https:\/\/ab-marineservice.com\/de\/wp-json\/wp\/v2\/types\/product"}],"replies":[{"embeddable":true,"href":"https:\/\/ab-marineservice.com\/de\/wp-json\/wp\/v2\/comments?post=337195"}],"wp:featuredmedia":[{"embeddable":true,"href":"https:\/\/ab-marineservice.com\/de\/wp-json\/wp\/v2\/media\/336667"}],"wp:attachment":[{"href":"https:\/\/ab-marineservice.com\/de\/wp-json\/wp\/v2\/media?parent=337195"}],"wp:term":[{"taxonomy":"location","embeddable":true,"href":"https:\/\/ab-marineservice.com\/de\/wp-json\/wp\/v2\/location?post=337195"},{"taxonomy":"product_brand","embeddable":true,"href":"https:\/\/ab-marineservice.com\/de\/wp-json\/wp\/v2\/product_brand?post=337195"},{"taxonomy":"product_cat","embeddable":true,"href":"https:\/\/ab-marineservice.com\/de\/wp-json\/wp\/v2\/product_cat?post=337195"},{"taxonomy":"product_tag","embeddable":true,"href":"https:\/\/ab-marineservice.com\/de\/wp-json\/wp\/v2\/product_tag?post=337195"}],"curies":[{"name":"wp","href":"https:\/\/api.w.org\/{rel}","templated":true}]}}