{"id":337196,"date":"2024-11-20T14:16:31","date_gmt":"2024-11-20T13:16:31","guid":{"rendered":"https:\/\/ab-marineservice.com\/product\/oil-stabilizer\/"},"modified":"2025-11-25T17:32:33","modified_gmt":"2025-11-25T16:32:33","slug":"oil-stabilizer-250-ml","status":"publish","type":"product","link":"https:\/\/ab-marineservice.com\/de\/produkt\/oil-stabilizer-250-ml\/","title":{"rendered":"Oil Stabilizer \u2013 250 ml"},"content":{"rendered":"<p>Oil Stabilizer ist ein wegweisendes Motor\u00f6ladditiv mit VI-Verbesserer. Es verl\u00e4ngert die Lebensdauer von Motoren deutlich und kann gro\u00dfe Reparaturen oder Motor\u00fcberholung verz\u00f6gern, wenn nicht verhindern. Dank seiner spezieller Formulierung bietet Oil Stabilizer folgende Eigenschaften: <\/p>\n<ul>\n<li>Reduziert \u00d6lverbrauch in Motoren mit Verschlei\u00dfsymptomen.<\/li>\n<li>Vermindert Motorverschlei\u00df.<\/li>\n<li>Verl\u00e4ngert Lebensdauer des Motors.<\/li>\n<li>Neutralisiert saure Kurbelgeh\u00e4used\u00e4mpfe<\/li>\n<li>Erh\u00f6ht \u00d6ldruck zum besseren Schutz von sich bewegenden Teilen.<\/li>\n<li>Steigert effektive Kompression.<\/li>\n<li>Reduziert St\u00f6\u00dfelklicken bei hohen \u00d6ltemperaturen.<\/li>\n<li>Weniger Abgasrauch durch verbesserte Kolbenringabdichtung.<\/li>\n<li>Enth\u00e4lt VI- bzw. Viskosit\u00e4tindexverbesserer.<\/li>\n<\/ul>\n","protected":false},"excerpt":{"rendered":"<p>Gebrauchsanweisung:<br \/>Oil Stabilizer ist mit allen Motor\u00f6ltypen kompatibel und f\u00fcr Motoren mit beginnenden Verschlei\u00dfsymptomen konzipiert. Pro 4 l frischen Motor\u00f6ls eine Dosis von 250 ml zugeben.<\/p>\n","protected":false},"featured_media":336671,"comment_status":"open","ping_status":"open","template":"","meta":[],"location":[4275,4276],"product_brand":[25894],"product_cat":[2187,9884],"product_tag":[],"class_list":{"0":"post-337196","1":"product","2":"type-product","3":"status-publish","4":"has-post-thumbnail","6":"location-aes-emmeloord","7":"location-aes-lemmer","8":"product_brand-kroon-oil","9":"product_cat-schmiermittel","10":"product_cat-kroon-oil","11":"product_shipping_class-paket-0-10-kg","13":"first","14":"outofstock","15":"sale","16":"taxable","17":"shipping-taxable","18":"purchasable","19":"product-type-simple"},"group_of_quantity":0,"min_quantity":0,"max_quantity":"","exclude_order_quantity_value_rules":"no","exclude_category_quantity_rules":"no","combine_variations":"no","locations":[{"id":4275,"name":"AES Emmeloord","slug":"aes-emmeloord","quantity":""},{"id":4276,"name":"AES Lemmer","slug":"aes-lemmer","quantity":""}],"_links":{"self":[{"href":"https:\/\/ab-marineservice.com\/de\/wp-json\/wp\/v2\/product\/337196","targetHints":{"allow":["GET"]}}],"collection":[{"href":"https:\/\/ab-marineservice.com\/de\/wp-json\/wp\/v2\/product"}],"about":[{"href":"https:\/\/ab-marineservice.com\/de\/wp-json\/wp\/v2\/types\/product"}],"replies":[{"embeddable":true,"href":"https:\/\/ab-marineservice.com\/de\/wp-json\/wp\/v2\/comments?post=337196"}],"wp:featuredmedia":[{"embeddable":true,"href":"https:\/\/ab-marineservice.com\/de\/wp-json\/wp\/v2\/media\/336671"}],"wp:attachment":[{"href":"https:\/\/ab-marineservice.com\/de\/wp-json\/wp\/v2\/media?parent=337196"}],"wp:term":[{"taxonomy":"location","embeddable":true,"href":"https:\/\/ab-marineservice.com\/de\/wp-json\/wp\/v2\/location?post=337196"},{"taxonomy":"product_brand","embeddable":true,"href":"https:\/\/ab-marineservice.com\/de\/wp-json\/wp\/v2\/product_brand?post=337196"},{"taxonomy":"product_cat","embeddable":true,"href":"https:\/\/ab-marineservice.com\/de\/wp-json\/wp\/v2\/product_cat?post=337196"},{"taxonomy":"product_tag","embeddable":true,"href":"https:\/\/ab-marineservice.com\/de\/wp-json\/wp\/v2\/product_tag?post=337196"}],"curies":[{"name":"wp","href":"https:\/\/api.w.org\/{rel}","templated":true}]}}