{"id":337197,"date":"2024-11-20T14:16:31","date_gmt":"2024-11-20T13:16:31","guid":{"rendered":"https:\/\/ab-marineservice.com\/product\/oil-flush\/"},"modified":"2025-11-25T17:31:58","modified_gmt":"2025-11-25T16:31:58","slug":"oil-flush-250-ml","status":"publish","type":"product","link":"https:\/\/ab-marineservice.com\/de\/produkt\/oil-flush-250-ml\/","title":{"rendered":"Oil Flush \u2013 250 ml"},"content":{"rendered":"<p>Oil Flush ist ein \u00d6ladditiv zur internen Reinigung von verschmutzten Verbrennungsmotoren. Oil Flush entfernt Verglasung, Verkokung, schwarzen und wei\u00dfen Schlamm, Kohleablagerungen und \u00d6lverdickungen aus dem Kurbelgeh\u00e4use. <br \/>Durch die aktive Reinigung von Teilen wie Zylinderw\u00e4nden, Hydrost\u00f6\u00dfeln, Nockenwellen, Ventilhubreglern und Kolbenringnuten werden typische Verschmutzungsprobleme erfolgreich gel\u00f6st. Die regelm\u00e4\u00dfige Reinigung mit Oil Flush bringt folgende Vorteile: <br \/>\u2022\tReduziert Ger\u00e4usche von Hydrost\u00f6\u00dfeln.<br \/>\u2022\tEntfernt \u00d6lschlamm und Ablagerungen.<br \/>\u2022\tStabilisiert Kompressionsdruck und Luftdurchsatz der Zylinder.<br \/>\u2022\tReinigt Kurbelgeh\u00e4useentl\u00fcftung.<br \/>\u2022\tOptimiert Kraftstoffverbrauch und Motorleistung.<br \/>\u2022\tReduziert \u00d6lverbrauch.<\/p>\n","protected":false},"excerpt":{"rendered":"<p>Gebrauchsanweisung:<br \/>Oil Flush eignet sich f\u00fcr Benzin- und Dieselmotoren. Eine 250 ml Flasche Oil Flush pro 4 Liter Kurbelgeh\u00e4usevolumen dem alten Motor\u00f6l zugeben. Den Motor 60 Minuten mit 1500 U\/min betreiben. Gelegentlich den Motor auf 3500 U\/min hochdrehen. Das alte Motor\u00f6l ablassen, das Motor\u00f6l und den \u00d6lfilter wechseln.<\/p>\n","protected":false},"featured_media":336675,"comment_status":"open","ping_status":"open","template":"","meta":[],"location":[4275,4276],"product_brand":[25894],"product_cat":[2187,9884],"product_tag":[],"class_list":{"0":"post-337197","1":"product","2":"type-product","3":"status-publish","4":"has-post-thumbnail","6":"location-aes-emmeloord","7":"location-aes-lemmer","8":"product_brand-kroon-oil","9":"product_cat-schmiermittel","10":"product_cat-kroon-oil","11":"product_shipping_class-paket-0-10-kg","13":"first","14":"outofstock","15":"sale","16":"taxable","17":"shipping-taxable","18":"purchasable","19":"product-type-simple"},"group_of_quantity":0,"min_quantity":0,"max_quantity":"","exclude_order_quantity_value_rules":"no","exclude_category_quantity_rules":"no","combine_variations":"no","locations":[{"id":4275,"name":"AES Emmeloord","slug":"aes-emmeloord","quantity":""},{"id":4276,"name":"AES Lemmer","slug":"aes-lemmer","quantity":""}],"_links":{"self":[{"href":"https:\/\/ab-marineservice.com\/de\/wp-json\/wp\/v2\/product\/337197","targetHints":{"allow":["GET"]}}],"collection":[{"href":"https:\/\/ab-marineservice.com\/de\/wp-json\/wp\/v2\/product"}],"about":[{"href":"https:\/\/ab-marineservice.com\/de\/wp-json\/wp\/v2\/types\/product"}],"replies":[{"embeddable":true,"href":"https:\/\/ab-marineservice.com\/de\/wp-json\/wp\/v2\/comments?post=337197"}],"wp:featuredmedia":[{"embeddable":true,"href":"https:\/\/ab-marineservice.com\/de\/wp-json\/wp\/v2\/media\/336675"}],"wp:attachment":[{"href":"https:\/\/ab-marineservice.com\/de\/wp-json\/wp\/v2\/media?parent=337197"}],"wp:term":[{"taxonomy":"location","embeddable":true,"href":"https:\/\/ab-marineservice.com\/de\/wp-json\/wp\/v2\/location?post=337197"},{"taxonomy":"product_brand","embeddable":true,"href":"https:\/\/ab-marineservice.com\/de\/wp-json\/wp\/v2\/product_brand?post=337197"},{"taxonomy":"product_cat","embeddable":true,"href":"https:\/\/ab-marineservice.com\/de\/wp-json\/wp\/v2\/product_cat?post=337197"},{"taxonomy":"product_tag","embeddable":true,"href":"https:\/\/ab-marineservice.com\/de\/wp-json\/wp\/v2\/product_tag?post=337197"}],"curies":[{"name":"wp","href":"https:\/\/api.w.org\/{rel}","templated":true}]}}