{"id":337203,"date":"2024-11-20T14:17:22","date_gmt":"2024-11-20T13:17:22","guid":{"rendered":"https:\/\/ab-marineservice.com\/product\/sp-gear-5015\/"},"modified":"2025-11-25T17:31:32","modified_gmt":"2025-11-25T16:31:32","slug":"sp-gear-5015-1-liter","status":"publish","type":"product","link":"https:\/\/ab-marineservice.com\/de\/produkt\/sp-gear-5015-1-liter\/","title":{"rendered":"SP Gear 5015 &#8211; 1 liter"},"content":{"rendered":"<p>SP Gear 5015 ist ein synthetisches, Long Life MTF-Getriebe\u00f6l nach SAE 75W-80. Dieses Produkt wurde speziell f\u00fcr moderne Schaltgetriebe von Kfz und Lieferwagen entwickelt. Durch Additive der neuesten Generation und hochwertige synthetische Grund\u00f6le bietet es folgende Eigenschaften:<\/p>\n<ul>\n<li>Weiche und pr\u00e4zise Gangwechsel bei hohen wie bei niedrigen Temperaturen<\/li>\n<li>Hervorragende Oxidationsstabilit\u00e4t: lange Lebensdauer und langfristige Hochtemperaturfestigkeit<\/li>\n<li>Synchronisierungen r\u00fccken sto\u00dffrei ein und aus: Spezielle EP-Additive gew\u00e4hrleisten weiche und ger\u00e4uschlose Gangwechsel sowie optimalenVerschlei\u00dfschutz selbst unter h\u00e4rtesten Betriebsbedingungen<\/li>\n<li>Hervorragender Schutz vor Korrosion und Schaumbildung<\/li>\n<\/ul>\n<h4>Produktdaten<\/h4>\n<ul>\n<li>API GL-4<\/li>\n<li>BMW MTF LT-2 \/ LT-3 \/ LT-4<\/li>\n<li>Fiat 9.55550-MZ1 \/ MZ6 \/ MZ7<\/li>\n<li>Ford WSD-M2C200-C \/ WSS-M2C200-D2 \/ ESD-M2C186-A<\/li>\n<li>GM GMW16612 \/ 1940004 \/ 19259104<\/li>\n<li>GM 1940182 \/ 1940764 \/ 1940768<\/li>\n<li>Honda MTF \/ MTF-II \/ MTF-III<\/li>\n<li>MB 235.10<\/li>\n<li>Nissan MT-XZ \/ MT-XZ TL (JR Type)<\/li>\n<li>PSA B71 2310 \/ 2315 \/ 2316 \/ 2330<\/li>\n<li>Renault DC4 \/ DW5<\/li>\n<li>Special gear oil, MTF 94<\/li>\n<li>Tranself NFJ\/NFP\/NFX\/TRJ\/TRP\/TRT\/TRX\/TRZ<\/li>\n<li>Volvo 97308 \/ 97309<\/li>\n<li>VW G 009 317 \/ 052 171 \/ 052 178 \/ 052 512<\/li>\n<li>VW G 052 527 \/ 052 549 \/ 052 726<\/li>\n<li>VW G 50 \/ 055 512 \/ 060 726 \/ 070 726<\/li>\n<\/ul>\n<h4>Typische Standardanalysen<\/h4>\n<table class=\"table analyse-table\">\n<tr>\n<td>Viskosit\u00e4t 100 \u00b0C<\/td>\n<td>\n<b>9,46<\/b>  mm\u00b2\/s<\/td>\n<\/tr>\n<tr>\n<td>Viskosit\u00e4t 40 \u00b0C<\/td>\n<td>\n<b>54,40<\/b>  mm\u00b2\/s<\/td>\n<\/tr>\n<tr>\n<td>Dichte bei 15 \u00b0C<\/td>\n<td>\n<b>0,869<\/b>  kg\/l<\/td>\n<\/tr>\n<tr>\n<td>Flie\u00dfpunkt<\/td>\n<td>\n<b>-45<\/b>  \u00b0C<\/td>\n<\/tr>\n<tr>\n<td>Basenzahl<\/td>\n<td>\n<b>8,7<\/b>  mgKOH\/g<\/td>\n<\/tr>\n<tr>\n<td>Flammpunkt COC<\/td>\n<td>\n<b>222<\/b>  \u00b0C<\/td>\n<\/tr>\n<tr>\n<td>Viskosit\u00e4tsindex<\/td>\n<td>\n<b>158<\/b> <\/td>\n<\/tr>\n<\/table>\n","protected":false},"excerpt":{"rendered":"<p>SP Gear 5015 ist ein SAE 75W-80 Schaltgetriebe\u00f6l, das spezifisch f\u00fcr Schaltgetriebe von Pkw und leichten Nutzfahrzeugen entwickelt wurde. SP Gear 5015 ist dank seiner breit angelegten Formulierung ein multifunktionales MTF-Getriebe\u00f6l, das sich f\u00fcr Schaltgetriebe sowie halbautomatische Getriebe der meisten Kfz-Marken bestens eignet. Zur korrekten Anwendung siehe Kroon-Oil Datenbank \u201eProduktberatung\u201c.<\/p>\n","protected":false},"featured_media":336695,"comment_status":"open","ping_status":"open","template":"","meta":[],"location":[4275,4276],"product_brand":[25894],"product_cat":[2187,9884],"product_tag":[],"class_list":{"0":"post-337203","1":"product","2":"type-product","3":"status-publish","4":"has-post-thumbnail","6":"location-aes-emmeloord","7":"location-aes-lemmer","8":"product_brand-kroon-oil","9":"product_cat-schmiermittel","10":"product_cat-kroon-oil","11":"product_shipping_class-paket-0-10-kg","13":"first","14":"instock","15":"sale","16":"taxable","17":"shipping-taxable","18":"purchasable","19":"product-type-simple"},"group_of_quantity":0,"min_quantity":0,"max_quantity":"","exclude_order_quantity_value_rules":"no","exclude_category_quantity_rules":"no","combine_variations":"no","locations":[{"id":4275,"name":"AES Emmeloord","slug":"aes-emmeloord","quantity":""},{"id":4276,"name":"AES Lemmer","slug":"aes-lemmer","quantity":""}],"_links":{"self":[{"href":"https:\/\/ab-marineservice.com\/de\/wp-json\/wp\/v2\/product\/337203","targetHints":{"allow":["GET"]}}],"collection":[{"href":"https:\/\/ab-marineservice.com\/de\/wp-json\/wp\/v2\/product"}],"about":[{"href":"https:\/\/ab-marineservice.com\/de\/wp-json\/wp\/v2\/types\/product"}],"replies":[{"embeddable":true,"href":"https:\/\/ab-marineservice.com\/de\/wp-json\/wp\/v2\/comments?post=337203"}],"wp:featuredmedia":[{"embeddable":true,"href":"https:\/\/ab-marineservice.com\/de\/wp-json\/wp\/v2\/media\/336695"}],"wp:attachment":[{"href":"https:\/\/ab-marineservice.com\/de\/wp-json\/wp\/v2\/media?parent=337203"}],"wp:term":[{"taxonomy":"location","embeddable":true,"href":"https:\/\/ab-marineservice.com\/de\/wp-json\/wp\/v2\/location?post=337203"},{"taxonomy":"product_brand","embeddable":true,"href":"https:\/\/ab-marineservice.com\/de\/wp-json\/wp\/v2\/product_brand?post=337203"},{"taxonomy":"product_cat","embeddable":true,"href":"https:\/\/ab-marineservice.com\/de\/wp-json\/wp\/v2\/product_cat?post=337203"},{"taxonomy":"product_tag","embeddable":true,"href":"https:\/\/ab-marineservice.com\/de\/wp-json\/wp\/v2\/product_tag?post=337203"}],"curies":[{"name":"wp","href":"https:\/\/api.w.org\/{rel}","templated":true}]}}