{"id":337204,"date":"2024-11-20T14:17:22","date_gmt":"2024-11-20T13:17:22","guid":{"rendered":"https:\/\/ab-marineservice.com\/product\/enersynth-phev-0w-16\/"},"modified":"2025-11-25T17:31:36","modified_gmt":"2025-11-25T16:31:36","slug":"enersynth-phev-0w-16-1-liter","status":"publish","type":"product","link":"https:\/\/ab-marineservice.com\/de\/produkt\/enersynth-phev-0w-16-1-liter\/","title":{"rendered":"Enersynth (P)HEV 0W-16 &#8211; 1 liter"},"content":{"rendered":"<p>Enersynth (P)HEV 0W-16 ist ein modernes, synthetisches Motor\u00f6l mit extrem niedriger Viskosit\u00e4t. Da sehr d\u00fcnnfl\u00fcssige Motor\u00f6le eine wichtige Voraussetzung f\u00fcr Kraftstoffeinsparungen sind, werden diese \u00d6le zunehmend von den Herstellern der neuesten Motorengeneration vorgeschrieben. Spezielle synthetische Grund\u00f6le in Kombination mit modernsten Additiven verleihen die folgenden Eigenschaften:<\/p>\n<ul>\n<li>Kraftstoffeinsparung auf h\u00f6chstem Niveau<\/li>\n<li>Hoher und stabiler Viskosit\u00e4tsindex<\/li>\n<li>Deutlich erh\u00f6hte Scherfestigkeit<\/li>\n<li>Zuverl\u00e4ssige Kaltstarts selbst bei extrem niedrigen Au\u00dfentemperaturen<\/li>\n<li>Zuverl\u00e4ssiger Schmierfilm bei hohen Betriebstemperaturen<\/li>\n<li>Hervorragende Dispersions- und Detergenswirkung<\/li>\n<li>\u00dcberlegener Verschlei\u00dfschutz<\/li>\n<\/ul>\n<h4>Produktdaten<\/h4>\n<ul>\n<li>API SP Resource Conserving<\/li>\n<li>ILSAC GF-6B<\/li>\n<\/ul>\n<h4>Typische Standardanalysen<\/h4>\n<table class=\"table analyse-table\">\n<tr>\n<td>Flammpunkt COC<\/td>\n<td>\n<b>224<\/b>  \u00b0C<\/td>\n<\/tr>\n<tr>\n<td>Dichte bei 15 \u00b0C<\/td>\n<td>\n<b>0,848<\/b>  kg\/l<\/td>\n<\/tr>\n<tr>\n<td>Magnesium<\/td>\n<td>\n<b>520<\/b>  mg\/kg<\/td>\n<\/tr>\n<tr>\n<td>Flammpunkt PM<\/td>\n<td>\n<b>202<\/b>  \u00b0C<\/td>\n<\/tr>\n<tr>\n<td>Flie\u00dfpunkt<\/td>\n<td>\n<b>-39<\/b>  \u00b0C<\/td>\n<\/tr>\n<tr>\n<td>Sulfataschegehalt<\/td>\n<td>\n<b>0,85<\/b>  %<\/td>\n<\/tr>\n<tr>\n<td>Basenzahl<\/td>\n<td>\n<b>8,5<\/b>  mgKOH\/g<\/td>\n<\/tr>\n<tr>\n<td>Viskosit\u00e4t -35 \u00b0C<\/td>\n<td>\n<b>5600<\/b>  mPa.s<\/td>\n<\/tr>\n<tr>\n<td>Viskosit\u00e4t 100 \u00b0C<\/td>\n<td>\n<b>7,34<\/b>  mm\u00b2\/s<\/td>\n<\/tr>\n<tr>\n<td>Viskosit\u00e4t 40 \u00b0C<\/td>\n<td>\n<b>37,40<\/b>  mm\u00b2\/s<\/td>\n<\/tr>\n<tr>\n<td>Viskosit\u00e4tsindex<\/td>\n<td>\n<b>166<\/b> <\/td>\n<\/tr>\n<\/table>\n","protected":false},"excerpt":{"rendered":"<p>Enersynth (P)HEV 0W-16 ist ein kraftstoffsparendes, synthetisches Motor\u00f6l mit extrem niedriger Viskosit\u00e4t f\u00fcr Pkw mit ultraeffizienten Ottomotoren mit oder ohne Hybridtechnologie. Dank seiner speziellen Formulierung und sehr niedrigen Viskosit\u00e4t leistet dieses Motor\u00f6l einen wichtigen Beitrag zur Kraftstoffeinsparung. Durch seine niedrige Viskosit\u00e4t eignet sich das Produkt auch perfekt f\u00fcr extrem kaltes Wetter.<\/p>\n","protected":false},"featured_media":336699,"comment_status":"open","ping_status":"open","template":"","meta":[],"location":[4275,4276],"product_brand":[25894],"product_cat":[2187,9884],"product_tag":[],"class_list":{"0":"post-337204","1":"product","2":"type-product","3":"status-publish","4":"has-post-thumbnail","6":"location-aes-emmeloord","7":"location-aes-lemmer","8":"product_brand-kroon-oil","9":"product_cat-schmiermittel","10":"product_cat-kroon-oil","11":"product_shipping_class-paket-0-10-kg","13":"first","14":"instock","15":"sale","16":"taxable","17":"shipping-taxable","18":"purchasable","19":"product-type-simple"},"group_of_quantity":0,"min_quantity":0,"max_quantity":"","exclude_order_quantity_value_rules":"no","exclude_category_quantity_rules":"no","combine_variations":"no","locations":[{"id":4275,"name":"AES Emmeloord","slug":"aes-emmeloord","quantity":""},{"id":4276,"name":"AES Lemmer","slug":"aes-lemmer","quantity":""}],"_links":{"self":[{"href":"https:\/\/ab-marineservice.com\/de\/wp-json\/wp\/v2\/product\/337204","targetHints":{"allow":["GET"]}}],"collection":[{"href":"https:\/\/ab-marineservice.com\/de\/wp-json\/wp\/v2\/product"}],"about":[{"href":"https:\/\/ab-marineservice.com\/de\/wp-json\/wp\/v2\/types\/product"}],"replies":[{"embeddable":true,"href":"https:\/\/ab-marineservice.com\/de\/wp-json\/wp\/v2\/comments?post=337204"}],"wp:featuredmedia":[{"embeddable":true,"href":"https:\/\/ab-marineservice.com\/de\/wp-json\/wp\/v2\/media\/336699"}],"wp:attachment":[{"href":"https:\/\/ab-marineservice.com\/de\/wp-json\/wp\/v2\/media?parent=337204"}],"wp:term":[{"taxonomy":"location","embeddable":true,"href":"https:\/\/ab-marineservice.com\/de\/wp-json\/wp\/v2\/location?post=337204"},{"taxonomy":"product_brand","embeddable":true,"href":"https:\/\/ab-marineservice.com\/de\/wp-json\/wp\/v2\/product_brand?post=337204"},{"taxonomy":"product_cat","embeddable":true,"href":"https:\/\/ab-marineservice.com\/de\/wp-json\/wp\/v2\/product_cat?post=337204"},{"taxonomy":"product_tag","embeddable":true,"href":"https:\/\/ab-marineservice.com\/de\/wp-json\/wp\/v2\/product_tag?post=337204"}],"curies":[{"name":"wp","href":"https:\/\/api.w.org\/{rel}","templated":true}]}}