{"id":337223,"date":"2024-11-20T14:19:16","date_gmt":"2024-11-20T13:19:16","guid":{"rendered":"https:\/\/ab-marineservice.com\/product\/adblue-optimizer\/"},"modified":"2025-11-25T17:30:22","modified_gmt":"2025-11-25T16:30:22","slug":"adblue-optimizer-250-ml","status":"publish","type":"product","link":"https:\/\/ab-marineservice.com\/de\/produkt\/adblue-optimizer-250-ml\/","title":{"rendered":"AdBlue Optimizer \u2013 250 ml"},"content":{"rendered":"<p>AdBlue Optimizer ist ein spezielles Additiv f\u00fcr AdBlue. Es verhindert Kristallbildung und Ablagerungen in AdBlue-Einspritzsystemen und SCR-Katalysatoren. Besonders empfohlen f\u00fcr ineffizient genutzte Fahrzeuge, bei denen Motor und AdBlue-System nur schwer Betriebstemperatur erreichen. Beispiel: Motoren, die h\u00e4ufig im Leerlauf drehen, Maschinen, die meist mit geringer Last und\/oder in vielen Start\/Stopp-Situationen laufen. Unter solch widrigen Bedingungen kann AdBlue auskristallisieren, was zu Ablagerungen und Verstopfung kritischer Komponenten des AdBlue-Systems f\u00fchrt. <br \/>Vorteile:<\/p>\n<ul>\n<li>Verhindert das Auskristallisieren und Verstopfen von AdBlue-Einspritzsystem und SCR-Katalysator<\/li>\n<li>Beugt Motorsch\u00e4den vor<\/li>\n<li>Verl\u00e4ngert die Lebensdauer des Systems und verhindert kostspielige Reparaturen.<\/li>\n<\/ul>\n<h4>Typische Standardanalysen<\/h4>\n<table class=\"table analyse-table\">\n<tr>\n<td>pH &#8211; Wert<\/td>\n<td>\n<b>9,0<\/b> <\/td>\n<\/tr>\n<\/table>\n","protected":false},"excerpt":{"rendered":"<p>AdBlue Optimizer ist f\u00fcr alle Dieselmotoren mit AdBlue-System geeignet. Dr\u00fccken Sie die gew\u00fcnschte Menge in die Dosierkammer der Flasche und gie\u00dfen Sie diese abgemessene Menge in den leeren AdBlue-Beh\u00e4lter des Fahrzeugs, bevor Sie ihn mit neuem AdBlue auff\u00fcllen. Verwenden Sie dieses Produkt bei jedem Nachf\u00fcllen von AdBlue.<\/p>\n<p>Dosierung:<br \/>Verwenden Sie einen 250-ml-Beh\u00e4lter f\u00fcr jeweils 100 l AdBlue oder 25 ml f\u00fcr jeweils 10 l AdBlue. Keinesfalls \u00fcberdosieren!<\/p>\n","protected":false},"featured_media":336771,"comment_status":"open","ping_status":"open","template":"","meta":[],"location":[4275,4276],"product_brand":[25894],"product_cat":[2187,9884],"product_tag":[],"class_list":{"0":"post-337223","1":"product","2":"type-product","3":"status-publish","4":"has-post-thumbnail","6":"location-aes-emmeloord","7":"location-aes-lemmer","8":"product_brand-kroon-oil","9":"product_cat-schmiermittel","10":"product_cat-kroon-oil","11":"product_shipping_class-paket-0-10-kg","13":"first","14":"outofstock","15":"sale","16":"taxable","17":"shipping-taxable","18":"purchasable","19":"product-type-simple"},"group_of_quantity":0,"min_quantity":0,"max_quantity":"","exclude_order_quantity_value_rules":"no","exclude_category_quantity_rules":"no","combine_variations":"no","locations":[{"id":4275,"name":"AES Emmeloord","slug":"aes-emmeloord","quantity":""},{"id":4276,"name":"AES Lemmer","slug":"aes-lemmer","quantity":""}],"_links":{"self":[{"href":"https:\/\/ab-marineservice.com\/de\/wp-json\/wp\/v2\/product\/337223","targetHints":{"allow":["GET"]}}],"collection":[{"href":"https:\/\/ab-marineservice.com\/de\/wp-json\/wp\/v2\/product"}],"about":[{"href":"https:\/\/ab-marineservice.com\/de\/wp-json\/wp\/v2\/types\/product"}],"replies":[{"embeddable":true,"href":"https:\/\/ab-marineservice.com\/de\/wp-json\/wp\/v2\/comments?post=337223"}],"wp:featuredmedia":[{"embeddable":true,"href":"https:\/\/ab-marineservice.com\/de\/wp-json\/wp\/v2\/media\/336771"}],"wp:attachment":[{"href":"https:\/\/ab-marineservice.com\/de\/wp-json\/wp\/v2\/media?parent=337223"}],"wp:term":[{"taxonomy":"location","embeddable":true,"href":"https:\/\/ab-marineservice.com\/de\/wp-json\/wp\/v2\/location?post=337223"},{"taxonomy":"product_brand","embeddable":true,"href":"https:\/\/ab-marineservice.com\/de\/wp-json\/wp\/v2\/product_brand?post=337223"},{"taxonomy":"product_cat","embeddable":true,"href":"https:\/\/ab-marineservice.com\/de\/wp-json\/wp\/v2\/product_cat?post=337223"},{"taxonomy":"product_tag","embeddable":true,"href":"https:\/\/ab-marineservice.com\/de\/wp-json\/wp\/v2\/product_tag?post=337223"}],"curies":[{"name":"wp","href":"https:\/\/api.w.org\/{rel}","templated":true}]}}