{"id":337233,"date":"2024-11-20T14:20:11","date_gmt":"2024-11-20T13:20:11","guid":{"rendered":"https:\/\/ab-marineservice.com\/product\/quick-cleaner-xt\/"},"modified":"2025-11-25T17:29:47","modified_gmt":"2025-11-25T16:29:47","slug":"quick-cleaner-xt-400-ml","status":"publish","type":"product","link":"https:\/\/ab-marineservice.com\/de\/produkt\/quick-cleaner-xt-400-ml\/","title":{"rendered":"Quick Cleaner XT \u2013 400 ml"},"content":{"rendered":"<p>Quick Cleaner XT ist ein wirkungsvoller Entfetter und Reiniger, der sich haupts\u00e4chlich aus fl\u00fcchtigen Kohlenwasserstoffen zusammensetzt. Dank spezieller Additive kann das Produkt auch hartn\u00e4ckige Ablagerungen abl\u00f6sen. Seine hochfl\u00fcchtigen Bestandteile gew\u00e4hrleisten eine schnelle Verdunstung, wodurch es saubere und trockene Oberfl\u00e4chen zur\u00fcckl\u00e4sst.<\/p>\n","protected":false},"excerpt":{"rendered":"<p>Quick Cleaner XT ist ein Entfetter\/Reiniger f\u00fcr alle ver\u00f6lten, fettigen oder verschmutzten Komponenten, Maschinen und Oberfl\u00e4chen. Durch seine Vielseitigkeit ist er ein hervorragender Entfetter vor dem Auftragen von Lacken oder Klebstoff. <\/p>\n<p>Gebrauchsanweisung:<br \/>&#8211; Zuerst losen Schmutz, Sand usw. m\u00f6glichst vollst\u00e4ndig entfernen. <br \/>&#8211; Die zu reinigende Oberfl\u00e4che mit Quick Cleaner XT bespr\u00fchen und ggf. mit einem Pinsel oder einem Tuch reinigen. <br \/>&#8211; Erforderlichenfalls diesen Vorgang wiederholen.<\/p>\n","protected":false},"featured_media":336807,"comment_status":"open","ping_status":"open","template":"","meta":[],"location":[4275,4276],"product_brand":[25894],"product_cat":[2187,9884],"product_tag":[],"class_list":{"0":"post-337233","1":"product","2":"type-product","3":"status-publish","4":"has-post-thumbnail","6":"location-aes-emmeloord","7":"location-aes-lemmer","8":"product_brand-kroon-oil","9":"product_cat-schmiermittel","10":"product_cat-kroon-oil","11":"product_shipping_class-paket-0-10-kg","13":"first","14":"outofstock","15":"sale","16":"taxable","17":"shipping-taxable","18":"purchasable","19":"product-type-simple"},"group_of_quantity":0,"min_quantity":0,"max_quantity":"","exclude_order_quantity_value_rules":"no","exclude_category_quantity_rules":"no","combine_variations":"no","locations":[{"id":4275,"name":"AES Emmeloord","slug":"aes-emmeloord","quantity":""},{"id":4276,"name":"AES Lemmer","slug":"aes-lemmer","quantity":""}],"_links":{"self":[{"href":"https:\/\/ab-marineservice.com\/de\/wp-json\/wp\/v2\/product\/337233","targetHints":{"allow":["GET"]}}],"collection":[{"href":"https:\/\/ab-marineservice.com\/de\/wp-json\/wp\/v2\/product"}],"about":[{"href":"https:\/\/ab-marineservice.com\/de\/wp-json\/wp\/v2\/types\/product"}],"replies":[{"embeddable":true,"href":"https:\/\/ab-marineservice.com\/de\/wp-json\/wp\/v2\/comments?post=337233"}],"wp:featuredmedia":[{"embeddable":true,"href":"https:\/\/ab-marineservice.com\/de\/wp-json\/wp\/v2\/media\/336807"}],"wp:attachment":[{"href":"https:\/\/ab-marineservice.com\/de\/wp-json\/wp\/v2\/media?parent=337233"}],"wp:term":[{"taxonomy":"location","embeddable":true,"href":"https:\/\/ab-marineservice.com\/de\/wp-json\/wp\/v2\/location?post=337233"},{"taxonomy":"product_brand","embeddable":true,"href":"https:\/\/ab-marineservice.com\/de\/wp-json\/wp\/v2\/product_brand?post=337233"},{"taxonomy":"product_cat","embeddable":true,"href":"https:\/\/ab-marineservice.com\/de\/wp-json\/wp\/v2\/product_cat?post=337233"},{"taxonomy":"product_tag","embeddable":true,"href":"https:\/\/ab-marineservice.com\/de\/wp-json\/wp\/v2\/product_tag?post=337233"}],"curies":[{"name":"wp","href":"https:\/\/api.w.org\/{rel}","templated":true}]}}