{"id":337240,"date":"2024-11-20T14:20:11","date_gmt":"2024-11-20T13:20:11","guid":{"rendered":"https:\/\/ab-marineservice.com\/product\/de-icer\/"},"modified":"2025-12-17T15:18:23","modified_gmt":"2025-12-17T14:18:23","slug":"de-icer-500-ml","status":"publish","type":"product","link":"https:\/\/ab-marineservice.com\/de\/produkt\/de-icer-500-ml\/","title":{"rendered":"De-Icer &#8211; 500 ml"},"content":{"rendered":"<p>De-Icer ist ein wirkungsvolles Enteisungsmittel, das vereiste Windschutzscheiben im Nu enteist und vor Wiedervereisung sch\u00fctzt. De-Icer enth\u00e4lt Isopropylalkohol (I.P.A) und einen sorgf\u00e4ltig gewichteten Ethylenglykolanteil, um Eis umgehend zu schmelzen und eine Wiedervereisung effektiv zu verhindern.<\/p>\n","protected":false},"excerpt":{"rendered":"<p>De-Icer kann bei allen Temperaturen f\u00fcr die Windschutzscheibe verwendet werden und greift Autolacke nicht an. Nach Auftragen des Produkts verschwinden Eisablagerungen wie Schnee in der Sonne. De-Icer wird in einer Pumpsprayflasche geliefert.<\/p>\n","protected":false},"featured_media":336835,"comment_status":"open","ping_status":"open","template":"","meta":[],"location":[4275,4276],"product_brand":[25894],"product_cat":[2187,9884],"product_tag":[],"class_list":{"0":"post-337240","1":"product","2":"type-product","3":"status-publish","4":"has-post-thumbnail","6":"location-aes-emmeloord","7":"location-aes-lemmer","8":"product_brand-kroon-oil","9":"product_cat-schmiermittel","10":"product_cat-kroon-oil","11":"product_shipping_class-paket-0-10-kg","13":"first","14":"instock","15":"sale","16":"taxable","17":"shipping-taxable","18":"purchasable","19":"product-type-simple"},"group_of_quantity":0,"min_quantity":0,"max_quantity":"","exclude_order_quantity_value_rules":"no","exclude_category_quantity_rules":"no","combine_variations":"no","locations":[{"id":4275,"name":"AES Emmeloord","slug":"aes-emmeloord","quantity":""},{"id":4276,"name":"AES Lemmer","slug":"aes-lemmer","quantity":""}],"_links":{"self":[{"href":"https:\/\/ab-marineservice.com\/de\/wp-json\/wp\/v2\/product\/337240","targetHints":{"allow":["GET"]}}],"collection":[{"href":"https:\/\/ab-marineservice.com\/de\/wp-json\/wp\/v2\/product"}],"about":[{"href":"https:\/\/ab-marineservice.com\/de\/wp-json\/wp\/v2\/types\/product"}],"replies":[{"embeddable":true,"href":"https:\/\/ab-marineservice.com\/de\/wp-json\/wp\/v2\/comments?post=337240"}],"wp:featuredmedia":[{"embeddable":true,"href":"https:\/\/ab-marineservice.com\/de\/wp-json\/wp\/v2\/media\/336835"}],"wp:attachment":[{"href":"https:\/\/ab-marineservice.com\/de\/wp-json\/wp\/v2\/media?parent=337240"}],"wp:term":[{"taxonomy":"location","embeddable":true,"href":"https:\/\/ab-marineservice.com\/de\/wp-json\/wp\/v2\/location?post=337240"},{"taxonomy":"product_brand","embeddable":true,"href":"https:\/\/ab-marineservice.com\/de\/wp-json\/wp\/v2\/product_brand?post=337240"},{"taxonomy":"product_cat","embeddable":true,"href":"https:\/\/ab-marineservice.com\/de\/wp-json\/wp\/v2\/product_cat?post=337240"},{"taxonomy":"product_tag","embeddable":true,"href":"https:\/\/ab-marineservice.com\/de\/wp-json\/wp\/v2\/product_tag?post=337240"}],"curies":[{"name":"wp","href":"https:\/\/api.w.org\/{rel}","templated":true}]}}